{"id":3599,"date":"2020-09-02T09:03:34","date_gmt":"2020-09-02T07:03:34","guid":{"rendered":"https:\/\/eurotexpoland.pl\/?page_id=3599"},"modified":"2020-10-29T13:34:12","modified_gmt":"2020-10-29T12:34:12","slug":"o-firmie","status":"publish","type":"page","link":"https:\/\/eurotexpoland.pl\/?page_id=3599","title":{"rendered":"O firmie"},"content":{"rendered":"<p>[vc_row css=&#8221;.vc_custom_1599030211582{margin-top: 180px !important;padding-top: 93px !important;padding-bottom: 20px !important;}&#8221;][vc_column]\r\n        <div class=\"rs-heading  border-style center\">\r\n        \t<div class=\"title-inner\">\r\n\t            \r\n\t            <h2>O firmie<\/h2>\r\n\t        <\/div><\/div>[\/vc_column][\/vc_row][vc_row css=&#8221;.vc_custom_1599031934410{margin-top: 0px !important;margin-bottom: 50px !important;padding-top: 50px !important;padding-right: 50px !important;padding-bottom: 50px !important;padding-left: 50px !important;background-color: #f7f7f7 !important;}&#8221; el_id=&#8221;rs-about&#8221; el_class=&#8221;rs-about1&#8243;][vc_column][vc_row_inner equal_height=&#8221;yes&#8221; content_placement=&#8221;middle&#8221;][vc_column_inner width=&#8221;1\/6&#8243;][vc_single_image image=&#8221;3603&#8243; img_size=&#8221;full&#8221; alignment=&#8221;center&#8221; css=&#8221;.vc_custom_1599031687253{margin-bottom: 30px !important;}&#8221;][\/vc_column_inner][vc_column_inner width=&#8221;5\/6&#8243;][vc_column_text]<strong>Firma EUROTEX, powsta\u0142a w 2005 roku w Krakowie, specjalizuje si\u0119 w dziedzinie szeroko poj\u0119tego transportu wewn\u0119trznego oraz technice nap\u0119dowej.<\/strong><\/p>\n<p>W naszej dzia\u0142alno\u015bci opieramy si\u0119 na wiedzy i wieloletnim do\u015bwiadczeniu w bran\u017cy technicznej zatrudnianych przez nas wykwalifikowanych pracownik\u00f3w, kt\u00f3rzy podchodz\u0105c do wykonywanej pracy profesjonalnie i z odpowiedzialnym zaanga\u017cowaniem s\u0142u\u017c\u0105 Pa\u0144stwu pomoc\u0105 w doborze w\u0142a\u015bciwych materia\u0142\u00f3w i rozwi\u0105za\u0144 technicznych zgodnych z odpowiednimi standardami. Nieustannie dbamy o rozw\u00f3j i doskonalenie naszych kompetencji.[\/vc_column_text][\/vc_column_inner][\/vc_row_inner][\/vc_column][\/vc_row][vc_row css=&#8221;.vc_custom_1599031942701{margin-top: 0px !important;margin-bottom: 50px !important;padding-top: 50px !important;padding-right: 50px !important;padding-bottom: 50px !important;padding-left: 50px !important;background-color: #f7f7f7 !important;}&#8221; el_class=&#8221;rs-about1&#8243;][vc_column][vc_row_inner equal_height=&#8221;yes&#8221; content_placement=&#8221;middle&#8221;][vc_column_inner width=&#8221;5\/6&#8243;][vc_column_text]Podstawowym wyr\u00f3\u017cnikiem naszych mo\u017cliwo\u015bci jest elastyczno\u015b\u0107 w dostosowywaniu si\u0119 do nawet najbardziej nietypowych potrzeb naszych klient\u00f3w, niezawodno\u015b\u0107 i szybko\u015b\u0107 w dzia\u0142aniu. Staramy si\u0119 sprosta\u0107 potrzebom rynku i wychodzi\u0107 naprzeciw oczekiwaniom Pa\u0144stwa, zapewniaj\u0105c w\u0142a\u015bciwe us\u0142ugi doradztwa oraz techniczne rozwi\u0105zywanie problem\u00f3w zgodne z aktualnym stanem rozwoju technologicznego. Jeste\u015bmy solidnym i stabilnym partnerem w biznesie, cieszymy si\u0119 uznaniem i zaufaniem wsp\u00f3\u0142pracuj\u0105cych z nami firm, kt\u00f3rych grono ci\u0105gle si\u0119 powi\u0119ksza.[\/vc_column_text][\/vc_column_inner][vc_column_inner width=&#8221;1\/6&#8243;][vc_single_image image=&#8221;3607&#8243; img_size=&#8221;full&#8221; alignment=&#8221;center&#8221; css=&#8221;.vc_custom_1599031857407{margin-bottom: 30px !important;}&#8221;][\/vc_column_inner][\/vc_row_inner][\/vc_column][\/vc_row][vc_row css=&#8221;.vc_custom_1599031942701{margin-top: 0px !important;margin-bottom: 50px !important;padding-top: 50px !important;padding-right: 50px !important;padding-bottom: 50px !important;padding-left: 50px !important;background-color: #f7f7f7 !important;}&#8221; el_class=&#8221;rs-about1&#8243;][vc_column][vc_row_inner equal_height=&#8221;yes&#8221; content_placement=&#8221;middle&#8221;][vc_column_inner width=&#8221;1\/6&#8243;][vc_single_image image=&#8221;3609&#8243; img_size=&#8221;full&#8221; alignment=&#8221;center&#8221; css=&#8221;.vc_custom_1599032004238{margin-bottom: 30px !important;}&#8221;][\/vc_column_inner][vc_column_inner width=&#8221;5\/6&#8243;][vc_column_text]Odbiorcy naszych us\u0142ug doceniaj\u0105 nasz profesjonalizm, kr\u00f3tki czas realizacji zam\u00f3wie\u0144, konkurencyjne ceny oraz mo\u017cliwo\u015b\u0107 szybkiego usuni\u0119cia awarii poprzez zapewnienie 24h serwisu.<\/p>\n<p>Oferujemy Pa\u0144stwu pe\u0142en asortyment wysokiej jako\u015bci ta\u015bm przeno\u015bnikowych, pas\u00f3w nap\u0119dowych oraz pomocniczych materia\u0142\u00f3w eksploatacyjnych niezb\u0119dnych do p\u0142ynnego funkcjonowania maszyn i urz\u0105dze\u0144 we wszystkich ga\u0142\u0119ziach przemys\u0142u, rolnictwie i motoryzacji. Jeste\u015bmy przedstawicielami znanych, dynamicznie rozwijaj\u0105cych si\u0119 mi\u0119dzynarodowych firm \u2013 Ammeraal Beltech, Habasit oraz BGK-Endlosband, dostarczamy r\u00f3wnie\u017c towary renomowanych producent\u00f3w krajowych.[\/vc_column_text][\/vc_column_inner][\/vc_row_inner][\/vc_column][\/vc_row][vc_row css=&#8221;.vc_custom_1599031942701{margin-top: 0px !important;margin-bottom: 50px !important;padding-top: 50px !important;padding-right: 50px !important;padding-bottom: 50px !important;padding-left: 50px !important;background-color: #f7f7f7 !important;}&#8221; el_class=&#8221;rs-about1&#8243;][vc_column][vc_row_inner equal_height=&#8221;yes&#8221; content_placement=&#8221;middle&#8221;][vc_column_inner width=&#8221;5\/6&#8243;][vc_column_text]Sprzedawane przez nas produkty spe\u0142niaj\u0105 najbardziej rygorystyczne wymagania w\u0142a\u015bciwych norm i przepis\u00f3w europejskich pod wzgl\u0119dem technicznym i jako\u015bci oraz bezpiecze\u0144stwa i ochrony \u015brodowiska \u2013 posiadaj\u0105 atesty niezb\u0119dne w danej ga\u0142\u0119zi przemys\u0142u.<\/p>\n<p>\u015awiadczymy us\u0142ugi profesjonalnego \u0142\u0105czenia ta\u015bm i pas\u00f3w na wymiar. Zajmujemy si\u0119 kompleksowym utrzymaniem ruchu maszyn i linii technologicznych oraz serwisem urz\u0105dze\u0144 produkcyjnych. Wysoki poziom \u015bwiadczonych przez nas us\u0142ug w po\u0142\u0105czeniu z zastosowaniem najlepszych pod wzgl\u0119dem jako\u015bci materia\u0142\u00f3w i wykorzystaniu sprz\u0119tu najnowszej generacji pozwala na wyeliminowanie ryzyka ewentualnych awarii wyst\u0119puj\u0105cych w procesie produkcji.[\/vc_column_text][\/vc_column_inner][vc_column_inner width=&#8221;1\/6&#8243;][vc_single_image image=&#8221;3610&#8243; img_size=&#8221;full&#8221; alignment=&#8221;center&#8221; css=&#8221;.vc_custom_1599032065854{margin-bottom: 30px !important;}&#8221;][\/vc_column_inner][\/vc_row_inner][\/vc_column][\/vc_row]<\/p>\n","protected":false},"excerpt":{"rendered":"<p>[vc_row css=&#8221;.vc_custom_1599030211582{margin-top: 180px !important;padding-top: 93px !important;padding-bottom: 20px !important;}&#8221;][vc_column][\/vc_column][\/vc_row][vc_row css=&#8221;.vc_custom_1599031934410{margin-top: 0px !important;margin-bottom: 50px !important;padding-top: 50px !important;padding-right: 50px !important;padding-bottom: 50px !important;padding-left: 50px&#8230;<\/p>\n","protected":false},"author":1,"featured_media":0,"parent":0,"menu_order":0,"comment_status":"closed","ping_status":"closed","template":"","meta":[],"yoast_head":"<!-- This site is optimized with the Yoast SEO plugin v15.2 - https:\/\/yoast.com\/wordpress\/plugins\/seo\/ -->\n<title>O firmie \u00bb EUROTEX - Ta\u015bmy transportuj\u0105ce i pasy nap\u0119dowe<\/title>\n<meta name=\"description\" content=\"Firma EUROTEX, powsta\u0142a w 2005 roku w Krakowie, specjalizuje si\u0119 w dziedzinie szeroko poj\u0119tego transportu wewn\u0119trznego oraz technice nap\u0119dowej.\" \/>\n<meta name=\"robots\" content=\"index, follow, max-snippet:-1, max-image-preview:large, max-video-preview:-1\" \/>\n<link rel=\"canonical\" href=\"https:\/\/eurotexpoland.pl\/?page_id=3599\" \/>\n<meta property=\"og:locale\" content=\"pl_PL\" \/>\n<meta property=\"og:type\" content=\"article\" \/>\n<meta property=\"og:title\" content=\"O firmie \u00bb EUROTEX - Ta\u015bmy transportuj\u0105ce i pasy nap\u0119dowe\" \/>\n<meta property=\"og:description\" content=\"Firma EUROTEX, powsta\u0142a w 2005 roku w Krakowie, specjalizuje si\u0119 w dziedzinie szeroko poj\u0119tego transportu wewn\u0119trznego oraz technice nap\u0119dowej.\" \/>\n<meta property=\"og:url\" content=\"https:\/\/eurotexpoland.pl\/?page_id=3599\" \/>\n<meta property=\"og:site_name\" content=\"EUROTEX\" \/>\n<meta property=\"article:modified_time\" content=\"2020-10-29T12:34:12+00:00\" \/>\n<meta name=\"twitter:card\" content=\"summary_large_image\" \/>\n<meta name=\"twitter:label1\" value=\"Written by\">\n\t<meta name=\"twitter:data1\" value=\"admin\">\n\t<meta name=\"twitter:label2\" value=\"Est. reading time\">\n\t<meta name=\"twitter:data2\" value=\"3 minuty\">\n<script type=\"application\/ld+json\" class=\"yoast-schema-graph\">{\"@context\":\"https:\/\/schema.org\",\"@graph\":[{\"@type\":\"WebSite\",\"@id\":\"https:\/\/eurotexpoland.pl\/#website\",\"url\":\"https:\/\/eurotexpoland.pl\/\",\"name\":\"EUROTEX\",\"description\":\"Ta\\u015bmy transportowe i pasy nap\\u0119dowe\",\"potentialAction\":[{\"@type\":\"SearchAction\",\"target\":\"https:\/\/eurotexpoland.pl\/?s={search_term_string}\",\"query-input\":\"required name=search_term_string\"}],\"inLanguage\":\"pl-PL\"},{\"@type\":\"WebPage\",\"@id\":\"https:\/\/eurotexpoland.pl\/?page_id=3599#webpage\",\"url\":\"https:\/\/eurotexpoland.pl\/?page_id=3599\",\"name\":\"O firmie \\u00bb EUROTEX - Ta\\u015bmy transportuj\\u0105ce i pasy nap\\u0119dowe\",\"isPartOf\":{\"@id\":\"https:\/\/eurotexpoland.pl\/#website\"},\"datePublished\":\"2020-09-02T07:03:34+00:00\",\"dateModified\":\"2020-10-29T12:34:12+00:00\",\"description\":\"Firma EUROTEX, powsta\\u0142a w 2005 roku w Krakowie, specjalizuje si\\u0119 w dziedzinie szeroko poj\\u0119tego transportu wewn\\u0119trznego oraz technice nap\\u0119dowej.\",\"inLanguage\":\"pl-PL\",\"potentialAction\":[{\"@type\":\"ReadAction\",\"target\":[\"https:\/\/eurotexpoland.pl\/?page_id=3599\"]}]}]}<\/script>\n<!-- \/ Yoast SEO plugin. -->","_links":{"self":[{"href":"https:\/\/eurotexpoland.pl\/index.php?rest_route=\/wp\/v2\/pages\/3599"}],"collection":[{"href":"https:\/\/eurotexpoland.pl\/index.php?rest_route=\/wp\/v2\/pages"}],"about":[{"href":"https:\/\/eurotexpoland.pl\/index.php?rest_route=\/wp\/v2\/types\/page"}],"author":[{"embeddable":true,"href":"https:\/\/eurotexpoland.pl\/index.php?rest_route=\/wp\/v2\/users\/1"}],"replies":[{"embeddable":true,"href":"https:\/\/eurotexpoland.pl\/index.php?rest_route=%2Fwp%2Fv2%2Fcomments&post=3599"}],"version-history":[{"count":7,"href":"https:\/\/eurotexpoland.pl\/index.php?rest_route=\/wp\/v2\/pages\/3599\/revisions"}],"predecessor-version":[{"id":3611,"href":"https:\/\/eurotexpoland.pl\/index.php?rest_route=\/wp\/v2\/pages\/3599\/revisions\/3611"}],"wp:attachment":[{"href":"https:\/\/eurotexpoland.pl\/index.php?rest_route=%2Fwp%2Fv2%2Fmedia&parent=3599"}],"curies":[{"name":"wp","href":"https:\/\/api.w.org\/{rel}","templated":true}]}}