{"id":3654,"date":"2020-09-02T10:39:36","date_gmt":"2020-09-02T08:39:36","guid":{"rendered":"https:\/\/eurotexpoland.pl\/?page_id=3654"},"modified":"2020-10-29T13:06:54","modified_gmt":"2020-10-29T12:06:54","slug":"produkty","status":"publish","type":"page","link":"https:\/\/eurotexpoland.pl\/?page_id=3654","title":{"rendered":"Produkty"},"content":{"rendered":"<p>[vc_row css=&#8221;.vc_custom_1599030211582{margin-top: 180px !important;padding-top: 93px !important;padding-bottom: 20px !important;}&#8221;][vc_column]\r\n        <div class=\"rs-heading  border-style center\">\r\n        \t<div class=\"title-inner\">\r\n\t            \r\n\t            <h2>Produkty<\/h2>\r\n\t        <\/div><div class=\"description\"><p>Oferujemy ta\u015bmy przeno\u015bnikowe syntetyczne, bezko\u0144cowo tkane, modu\u0142owe, teflonowe oraz pasy nap\u0119dowe, pasy z\u0119bate, pasy in\u017cynieryjne, nap\u0119d rolek, pasy do przeno\u015bnik\u00f3w z podci\u015bnieniem.<\/p><\/div><\/div>[\/vc_column][\/vc_row][vc_row css=&#8221;.vc_custom_1599031934410{margin-top: 0px !important;margin-bottom: 50px !important;padding-top: 50px !important;padding-right: 50px !important;padding-bottom: 50px !important;padding-left: 50px !important;background-color: #f7f7f7 !important;}&#8221; el_id=&#8221;rs-about&#8221; el_class=&#8221;rs-about1&#8243;][vc_column width=&#8221;1\/4&#8243;][vc_column_text]<\/p>\n<h3><a href=\"\/produkty\/tasmy-transportujace\/\">Ta\u015bmy przeno\u015bnikowe<\/a><\/h3>\n<ul>\n<li>Ta\u015bmy transportuj\u0105ce syntetyczne PU, PVC<\/li>\n<li>Ta\u015bmy transportuj\u0105ce bezko\u0144cowo tkane<\/li>\n<li>Ta\u015bmy przeno\u015bnikowe teflonowe<\/li>\n<li>Ta\u015bmy transportuj\u0105ce modu\u0142owe<\/li>\n<\/ul>\n<p>[\/vc_column_text][\/vc_column][vc_column width=&#8221;1\/4&#8243;][vc_column_text]<\/p>\n<h3><a href=\"\/produkty\/pasy-napedowe\/\">Pasy nap\u0119dowe<\/a><\/h3>\n<ul>\n<li>Pasy nap\u0119dowe p\u0142askie Rapplon<\/li>\n<li>Nap\u0119d rolek<\/li>\n<li>Przenoszenie mocy<\/li>\n<li>Pasy z\u0119bate<\/li>\n<li>Pasy in\u017cynieryjne<\/li>\n<li>Pasy do pakowaczek typu pionowego<\/li>\n<li>Pasy do przeno\u015bnik\u00f3w z podci\u015bnieniem<\/li>\n<li>Pasy do produkcji kie\u0142basy przemys\u0142owej<\/li>\n<li>Pasy specjalne \u2013 powleczenia i perforacje<\/li>\n<li>Paski okr\u0105g\u0142e \u2013 termozgrzewalne<\/li>\n<\/ul>\n<p>[\/vc_column_text][\/vc_column][vc_column width=&#8221;1\/4&#8243;][vc_column_text]<\/p>\n<h3><a href=\"\/produkty\/akcesoria\/\">Akcesoria<\/a><\/h3>\n<ul>\n<li>R\u00f3\u017cne Struktury<\/li>\n<li>Spinki metalowe i plastikowe<\/li>\n<li>Zabezpieczenie kraw\u0119dzi<\/li>\n<li>Zabieraki<\/li>\n<li>Falbany boczne \u2013 welkanty<\/li>\n<li>Profile prowadz\u0105ce<\/li>\n<li>Okleiny b\u0119bnowe<\/li>\n<\/ul>\n<p>[\/vc_column_text][\/vc_column][vc_column width=&#8221;1\/4&#8243;][vc_column_text]<\/p>\n<h3><a href=\"\/produkty\/serwis\/\">Serwis i urz\u0105dzenia<\/a><\/h3>\n<ul>\n<li>\u0141\u0105czenia ta\u015bm i pas\u00f3w<\/li>\n<li>Profesjonalna wymiana ta\u015bm i pas\u00f3w u klienta<\/li>\n<li>Naprawa urz\u0105dze\u0144 wyposa\u017conych w ta\u015bmy transportuj\u0105ce i pasy nap\u0119dowe<\/li>\n<li>Mo\u017cliwo\u015b\u0107 serwisu 24 h<\/li>\n<\/ul>\n<p>[\/vc_column_text][\/vc_column][\/vc_row]<\/p>\n","protected":false},"excerpt":{"rendered":"<p>[vc_row css=&#8221;.vc_custom_1599030211582{margin-top: 180px !important;padding-top: 93px !important;padding-bottom: 20px !important;}&#8221;][vc_column][\/vc_column][\/vc_row][vc_row css=&#8221;.vc_custom_1599031934410{margin-top: 0px !important;margin-bottom: 50px !important;padding-top: 50px !important;padding-right: 50px !important;padding-bottom: 50px !important;padding-left: 50px&#8230;<\/p>\n","protected":false},"author":1,"featured_media":0,"parent":0,"menu_order":0,"comment_status":"closed","ping_status":"closed","template":"","meta":[],"yoast_head":"<!-- This site is optimized with the Yoast SEO plugin v15.2 - https:\/\/yoast.com\/wordpress\/plugins\/seo\/ -->\n<title>Produkty \u00bb EUROTEX - Ta\u015bmy transportuj\u0105ce i pasy nap\u0119dowe<\/title>\n<meta name=\"description\" content=\"Oferujemy ta\u015bmy przeno\u015bnikowe syntetyczne, bezko\u0144cowo tkane, modu\u0142owe, teflonowe oraz pasy nap\u0119dowe, pasy z\u0119bate, pasy in\u017cynieryjne, nap\u0119d rolek.\" \/>\n<meta name=\"robots\" content=\"index, follow, max-snippet:-1, max-image-preview:large, max-video-preview:-1\" \/>\n<link rel=\"canonical\" href=\"https:\/\/eurotexpoland.pl\/?page_id=3654\" \/>\n<meta property=\"og:locale\" content=\"pl_PL\" \/>\n<meta property=\"og:type\" content=\"article\" \/>\n<meta property=\"og:title\" content=\"Produkty \u00bb EUROTEX - Ta\u015bmy transportuj\u0105ce i pasy nap\u0119dowe\" \/>\n<meta property=\"og:description\" content=\"Oferujemy ta\u015bmy przeno\u015bnikowe syntetyczne, bezko\u0144cowo tkane, modu\u0142owe, teflonowe oraz pasy nap\u0119dowe, pasy z\u0119bate, pasy in\u017cynieryjne, nap\u0119d rolek.\" \/>\n<meta property=\"og:url\" content=\"https:\/\/eurotexpoland.pl\/?page_id=3654\" \/>\n<meta property=\"og:site_name\" content=\"EUROTEX\" \/>\n<meta property=\"article:modified_time\" content=\"2020-10-29T12:06:54+00:00\" \/>\n<meta name=\"twitter:card\" content=\"summary_large_image\" \/>\n<meta name=\"twitter:label1\" value=\"Written by\">\n\t<meta name=\"twitter:data1\" value=\"admin\">\n\t<meta name=\"twitter:label2\" value=\"Est. reading time\">\n\t<meta name=\"twitter:data2\" value=\"1 minuta\">\n<script type=\"application\/ld+json\" class=\"yoast-schema-graph\">{\"@context\":\"https:\/\/schema.org\",\"@graph\":[{\"@type\":\"WebSite\",\"@id\":\"https:\/\/eurotexpoland.pl\/#website\",\"url\":\"https:\/\/eurotexpoland.pl\/\",\"name\":\"EUROTEX\",\"description\":\"Ta\\u015bmy transportowe i pasy nap\\u0119dowe\",\"potentialAction\":[{\"@type\":\"SearchAction\",\"target\":\"https:\/\/eurotexpoland.pl\/?s={search_term_string}\",\"query-input\":\"required name=search_term_string\"}],\"inLanguage\":\"pl-PL\"},{\"@type\":\"WebPage\",\"@id\":\"https:\/\/eurotexpoland.pl\/?page_id=3654#webpage\",\"url\":\"https:\/\/eurotexpoland.pl\/?page_id=3654\",\"name\":\"Produkty \\u00bb EUROTEX - Ta\\u015bmy transportuj\\u0105ce i pasy nap\\u0119dowe\",\"isPartOf\":{\"@id\":\"https:\/\/eurotexpoland.pl\/#website\"},\"datePublished\":\"2020-09-02T08:39:36+00:00\",\"dateModified\":\"2020-10-29T12:06:54+00:00\",\"description\":\"Oferujemy ta\\u015bmy przeno\\u015bnikowe syntetyczne, bezko\\u0144cowo tkane, modu\\u0142owe, teflonowe oraz pasy nap\\u0119dowe, pasy z\\u0119bate, pasy in\\u017cynieryjne, nap\\u0119d rolek.\",\"inLanguage\":\"pl-PL\",\"potentialAction\":[{\"@type\":\"ReadAction\",\"target\":[\"https:\/\/eurotexpoland.pl\/?page_id=3654\"]}]}]}<\/script>\n<!-- \/ Yoast SEO plugin. -->","_links":{"self":[{"href":"https:\/\/eurotexpoland.pl\/index.php?rest_route=\/wp\/v2\/pages\/3654"}],"collection":[{"href":"https:\/\/eurotexpoland.pl\/index.php?rest_route=\/wp\/v2\/pages"}],"about":[{"href":"https:\/\/eurotexpoland.pl\/index.php?rest_route=\/wp\/v2\/types\/page"}],"author":[{"embeddable":true,"href":"https:\/\/eurotexpoland.pl\/index.php?rest_route=\/wp\/v2\/users\/1"}],"replies":[{"embeddable":true,"href":"https:\/\/eurotexpoland.pl\/index.php?rest_route=%2Fwp%2Fv2%2Fcomments&post=3654"}],"version-history":[{"count":3,"href":"https:\/\/eurotexpoland.pl\/index.php?rest_route=\/wp\/v2\/pages\/3654\/revisions"}],"predecessor-version":[{"id":3851,"href":"https:\/\/eurotexpoland.pl\/index.php?rest_route=\/wp\/v2\/pages\/3654\/revisions\/3851"}],"wp:attachment":[{"href":"https:\/\/eurotexpoland.pl\/index.php?rest_route=%2Fwp%2Fv2%2Fmedia&parent=3654"}],"curies":[{"name":"wp","href":"https:\/\/api.w.org\/{rel}","templated":true}]}}