{"id":3656,"date":"2020-09-02T10:54:27","date_gmt":"2020-09-02T08:54:27","guid":{"rendered":"https:\/\/eurotexpoland.pl\/?page_id=3656"},"modified":"2022-08-03T12:51:44","modified_gmt":"2022-08-03T10:51:44","slug":"tasmy-transportujace","status":"publish","type":"page","link":"https:\/\/eurotexpoland.pl\/?page_id=3656","title":{"rendered":"Ta\u015bmy transportuj\u0105ce"},"content":{"rendered":"<p>[vc_row css=&#8221;.vc_custom_1599030211582{margin-top: 180px !important;padding-top: 93px !important;padding-bottom: 20px !important;}&#8221;][vc_column]\r\n        <div class=\"rs-heading  border-style center\">\r\n        \t<div class=\"title-inner\">\r\n\t            \r\n\t            <h2>Ta\u015bmy transportuj\u0105ce<\/h2>\r\n\t        <\/div><div class=\"description\"><p>Firma EUROTEX oferuje pasy transmisyjne syntetyczne, modu\u0142owe, bezko\u0144cowo tkane, teflonowe, gumowe, silikonowe, ta\u015bmy do boks\u00f3w kasowych, wag Bizerba, Multivac, Espera, ta\u015bmy do sprz\u0119tu rehabilitacyjnego i urz\u0105dze\u0144 fitness oraz p\u0142yty gumowe.<\/p><\/div><\/div>[\/vc_column][\/vc_row][vc_row css=&#8221;.vc_custom_1599031934410{margin-top: 0px !important;margin-bottom: 50px !important;padding-top: 50px !important;padding-right: 50px !important;padding-bottom: 50px !important;padding-left: 50px !important;background-color: #f7f7f7 !important;}&#8221; el_id=&#8221;rs-about&#8221; el_class=&#8221;rs-about1&#8243;][vc_column]\r\n        <div class=\"rs-heading   center\">\r\n        \t<div class=\"title-inner\">\r\n\t            \r\n\t            <h2>Ta\u015bmy przeno\u015bnikowe<\/h2>\r\n\t        <\/div><\/div>[vc_row_inner equal_height=&#8221;yes&#8221; content_placement=&#8221;middle&#8221;][vc_column_inner width=&#8221;1\/3&#8243;][vc_single_image image=&#8221;3657&#8243; img_size=&#8221;full&#8221; alignment=&#8221;center&#8221;][\/vc_column_inner][vc_column_inner width=&#8221;2\/3&#8243;][vc_column_text]Konstrukcja ta\u015bmy i materia\u0142y, z jakich jest wykonana, nadaj\u0105 jej okre\u015blone cechy fizykomechaniczne, kt\u00f3re musz\u0105 by\u0107 odpowiednie dla zadanego przeno\u015bnika, rodzaju transportowanego materia\u0142u, warunk\u00f3w pracy i typu \u015brodowiska, w jakim b\u0119dzie eksploatowana.<\/p>\n<p>Elementem no\u015bnym ta\u015bmy przeno\u015bnikowej, decyduj\u0105cym o jej parametrach technicznych takich jak wytrzyma\u0142o\u015b\u0107 na rozci\u0105ganie, wyd\u0142u\u017cenie oraz elastyczno\u015b\u0107, jest rdze\u0144 (tzw. ci\u0119gno) zbudowany z 1,2 lub 3-ch warstw tkaniny syntetycznej, zespolonych ze sob\u0105 i pokrytych odpowiednim tworzywem. Rodzaj pokrycia decyduje o w\u0142asno\u015bciach ta\u015bmy, a zarazem o mo\u017cliwo\u015bci jej zastosowania w danych warunkach.[\/vc_column_text][\/vc_column_inner][\/vc_row_inner][vc_column_text]<\/p>\n<p style=\"text-align: center;\"><a class=\"readon\" href=\"\/dobor-tasm-i-pasow\/dobor-tasm\/\">Formularz doboru ta\u015bmy transportuj\u0105cej &gt;&gt;&gt;<\/a><\/p>\n<p>[\/vc_column_text][\/vc_column][\/vc_row][vc_row css=&#8221;.vc_custom_1599031934410{margin-top: 0px !important;margin-bottom: 50px !important;padding-top: 50px !important;padding-right: 50px !important;padding-bottom: 50px !important;padding-left: 50px !important;background-color: #f7f7f7 !important;}&#8221; el_class=&#8221;rs-about1&#8243;][vc_column]\r\n        <div class=\"rs-heading   center\">\r\n        \t<div class=\"title-inner\">\r\n\t            \r\n\t            <h2>Ta\u015bmy transportuj\u0105ce syntetyczne PU, PVC<\/h2>\r\n\t        <\/div><\/div>[vc_row_inner equal_height=&#8221;yes&#8221; content_placement=&#8221;middle&#8221;][vc_column_inner width=&#8221;2\/3&#8243;][vc_column_text]Proponujemy Pa\u0144stwu bogaty wyb\u00f3r ta\u015bm pokrytych warstw\u0105 poliuretanu (PU) lub polichlorku winylu (PVC), kt\u00f3re posiadaj\u0105 w\u0142asno\u015bci takie jak: odporno\u015b\u0107 na dzia\u0142anie niskich i wysokich temperatur, olej\u00f3w i chemikali\u00f3w, \u015bcieranie, ognioodporno\u015b\u0107, antystatyczno\u015b\u0107, r\u00f3\u017cne warto\u015bci wsp\u00f3\u0142czynnika tarcia, wysoka sztywno\u015b\u0107 poprzeczna i stabilno\u015b\u0107 wymiar\u00f3w oraz niska emisja ha\u0142asu. Ta\u015bmy posiadaj\u0105 powierzchnie g\u0142adkie w wyko\u0144czeniu b\u0142yszcz\u0105cym lub matowym, lub ze struktur\u0105 stronie no\u015bnej lub bie\u017cnej, atesty FDA i PZH dla ta\u015bm do przemys\u0142u spo\u017cywczego do kontaktu z nie opakowan\u0105 \u017cywno\u015bci\u0105 oraz szerok\u0105 gam\u0119 kolorystyczna. W\u0142asno\u015bci ta\u015bm pozwalaj\u0105 na spe\u0142nienie r\u00f3\u017cnych, niejednokrotnie skomplikowanych, zada\u0144 transportowych oraz z\u0142o\u017conych proces\u00f3w technologicznych zachodz\u0105cych na ich powierzchni.[\/vc_column_text][\/vc_column_inner][vc_column_inner width=&#8221;1\/3&#8243;][vc_single_image image=&#8221;3660&#8243; img_size=&#8221;full&#8221; alignment=&#8221;center&#8221;][\/vc_column_inner][\/vc_row_inner][vc_column_text]<\/p>\n<p style=\"text-align: center;\"><a class=\"readon\" href=\"\/dobor-tasm-i-pasow\/dobor-tasm\/\">Formularz doboru ta\u015bmy transportuj\u0105cej &gt;&gt;&gt;<\/a><\/p>\n<p>[\/vc_column_text][\/vc_column][\/vc_row][vc_row css=&#8221;.vc_custom_1599031934410{margin-top: 0px !important;margin-bottom: 50px !important;padding-top: 50px !important;padding-right: 50px !important;padding-bottom: 50px !important;padding-left: 50px !important;background-color: #f7f7f7 !important;}&#8221; el_class=&#8221;rs-about1&#8243;][vc_column]\r\n        <div class=\"rs-heading   center\">\r\n        \t<div class=\"title-inner\">\r\n\t            \r\n\t            <h2>Ta\u015bmy transportuj\u0105ce modu\u0142owe<\/h2>\r\n\t        <\/div><\/div>[vc_row_inner equal_height=&#8221;yes&#8221; content_placement=&#8221;middle&#8221;][vc_column_inner width=&#8221;1\/3&#8243;][vc_single_image image=&#8221;3661&#8243; img_size=&#8221;full&#8221; alignment=&#8221;center&#8221;][\/vc_column_inner][vc_column_inner width=&#8221;2\/3&#8243;][vc_column_text]Ta\u015bmy modu\u0142owe stanowi\u0105 alternatyw\u0119 dla stosowanych powszechnie p\u0142askich ta\u015bm syntetycznych. Sk\u0142adaj\u0105 si\u0119 one z modu\u0142\u00f3w o r\u00f3\u017cnych strukturach, wykonanych metod\u0105 wtryskow\u0105 z materia\u0142\u00f3w termoplastycznych najwy\u017cszej jako\u015bci, takich jak: polipropylen, polietylen, acetal i nylon. Modu\u0142y po\u0142\u0105czone s\u0105 ze sob\u0105 za pomoc\u0105 litych spinek z tworzywa sztucznego, a ta\u015bmy nap\u0119dzane s\u0105 ko\u0142ami z\u0119batymi, spe\u0142niaj\u0105cymi zarazem funkcj\u0119 profili prowadz\u0105cych. Ta\u015bmy modu\u0142owe spe\u0142niaj\u0105 mi\u0119dzynarodowe standardy czysto\u015bci i higieny i maj\u0105 szerokie zastosowanie w praktycznie wszystkich ga\u0142\u0119ziach przemys\u0142u dzi\u0119ki kompletnej konstrukcji z tworzywa sztucznego zapewniaj\u0105cej: du\u017c\u0105 prostot\u0119 budowy, \u0142atwo\u015b\u0107 monta\u017cu i demonta\u017cu, wysok\u0105 wytrzyma\u0142o\u015b\u0107, wysok\u0105 odporno\u015b\u0107 na \u015bcieranie, d\u0142ug\u0105 \u017cywotno\u015b\u0107 eksploatacyjn\u0105, \u0142atwo\u015b\u0107 konserwacji oraz utrzymania w czysto\u015bci, odporno\u015b\u0107 na uszkodzenia mechaniczne, niski wsp\u00f3\u0142czynnik tarcia i niewielki ci\u0119\u017car, minimalizuj\u0105ce moc nap\u0119du i ograniczaj\u0105ce koszty zu\u017cycia energii, wysok\u0105 odporno\u015b\u0107 chemiczn\u0105 oraz odporno\u015b\u0107 na niskie i wysokie temperatury. Ta\u015bmy modu\u0142owe zastosowane s\u0105 w transporterach prostych, \u0142ukowych, spiralnych, wznosz\u0105cych, opadaj\u0105cych i mog\u0105 by\u0107 wyposa\u017cone w wiele dodatkowych akcesori\u00f3w usprawniaj\u0105cych transport materia\u0142\u00f3w.[\/vc_column_text][\/vc_column_inner][\/vc_row_inner][vc_column_text]<\/p>\n<p style=\"text-align: center;\"><a class=\"readon\" href=\"\/dobor-tasm-i-pasow\/dobor-tasm\/\">Formularz doboru ta\u015bmy transportuj\u0105cej &gt;&gt;&gt;<\/a><\/p>\n<p>[\/vc_column_text][\/vc_column][\/vc_row][vc_row css=&#8221;.vc_custom_1599031934410{margin-top: 0px !important;margin-bottom: 50px !important;padding-top: 50px !important;padding-right: 50px !important;padding-bottom: 50px !important;padding-left: 50px !important;background-color: #f7f7f7 !important;}&#8221; el_class=&#8221;rs-about1&#8243;][vc_column]\r\n        <div class=\"rs-heading   center\">\r\n        \t<div class=\"title-inner\">\r\n\t            \r\n\t            <h2>Ta\u015bmy transportuj\u0105ce bezko\u0144cowo tkane<\/h2>\r\n\t        <\/div><\/div>[vc_row_inner equal_height=&#8221;yes&#8221; content_placement=&#8221;middle&#8221;][vc_column_inner width=&#8221;2\/3&#8243;][vc_column_text]Ta\u015bmy te charakteryzuj\u0105 si\u0119 ci\u0105g\u0142o\u015bci\u0105 tkaniny i brakiem wyst\u0119powania miejsca typowego \u0142\u0105czenia, co zwi\u0119ksza ich wytrzyma\u0142o\u015b\u0107, w zwi\u0105zku z tym znajduj\u0105 zastosowanie wsz\u0119dzie tam, gdzie wyst\u0119puj\u0105 du\u017ce napr\u0119\u017cenia i si\u0142y tarcia. Wykonane s\u0105 zar\u00f3wno z w\u0142\u00f3kien syntetycznych jak i naturalnych, posiadaj\u0105cych w obu przypadkach bardzo wysok\u0105 odporno\u015b\u0107 termiczn\u0105.[\/vc_column_text][\/vc_column_inner][vc_column_inner width=&#8221;1\/3&#8243;][vc_single_image image=&#8221;3662&#8243; img_size=&#8221;full&#8221; alignment=&#8221;center&#8221;][\/vc_column_inner][\/vc_row_inner][vc_column_text]<\/p>\n<p style=\"text-align: center;\"><a class=\"readon\" href=\"\/dobor-tasm-i-pasow\/dobor-tasm\/\">Formularz doboru ta\u015bmy transportuj\u0105cej &gt;&gt;&gt;<\/a><\/p>\n<p>[\/vc_column_text][\/vc_column][\/vc_row][vc_row css=&#8221;.vc_custom_1599031934410{margin-top: 0px !important;margin-bottom: 50px !important;padding-top: 50px !important;padding-right: 50px !important;padding-bottom: 50px !important;padding-left: 50px !important;background-color: #f7f7f7 !important;}&#8221; el_class=&#8221;rs-about1&#8243;][vc_column]\r\n        <div class=\"rs-heading   center\">\r\n        \t<div class=\"title-inner\">\r\n\t            \r\n\t            <h2>Ta\u015bmy przeno\u015bnikowe teflonowe<\/h2>\r\n\t        <\/div><\/div>[vc_row_inner equal_height=&#8221;yes&#8221; content_placement=&#8221;middle&#8221;][vc_column_inner width=&#8221;1\/3&#8243;][vc_single_image image=&#8221;3664&#8243; img_size=&#8221;full&#8221; alignment=&#8221;center&#8221;][\/vc_column_inner][vc_column_inner width=&#8221;2\/3&#8243;][vc_column_text]Ta\u015bmy te wykonane s\u0105 z tkanin litych lub o splocie otwartym (siatkowe o r\u00f3\u017cnych wymiarach oczka) na bazie w\u0142\u00f3kna szklanego lub aramidowego (kevlarowego) pokrytych teflonem PTFE.<\/p>\n<p>Teflon to materia\u0142 charakteryzuj\u0105cy si\u0119 niewielk\u0105 waga, a co za tym idzie niskim zu\u017cyciem energii w por\u00f3wnaniu z innymi rozwi\u0105zaniami technicznymi, wysok\u0105 ogniotrwa\u0142o\u015bci\u0105, najni\u017cszym wsp\u00f3\u0142czynnikiem tarcia w\u015br\u00f3d substancji sta\u0142ych oraz doskona\u0142ymi w\u0142a\u015bciwo\u015bciami antyadhezyjnymi i dielektrycznymi. Teflon wykazuje doskona\u0142\u0105 odporno\u015b\u0107 na dzia\u0142anie: ekstremalnych temperatur od-170 st.C do +230 st.C, olej\u00f3w i t\u0142uszcz\u00f3w, wody (ca\u0142kowity brak ch\u0142onno\u015bci), substancji chemicznych, medi\u00f3w agresywnych, w tym st\u0119\u017conych kwas\u00f3w i utleniaczy, \u015bwiat\u0142a, niesprzyjaj\u0105cych warunk\u00f3w atmosferycznych, na \u015bcieranie, starzenie \u015brodowiskowe, bakterie, grzyby i ple\u015bnie.[\/vc_column_text][\/vc_column_inner][\/vc_row_inner][vc_column_text]<\/p>\n<p style=\"text-align: center;\"><a class=\"readon\" href=\"\/dobor-tasm-i-pasow\/dobor-tasm\/\">Formularz doboru ta\u015bmy transportuj\u0105cej &gt;&gt;&gt;<\/a><\/p>\n<p>[\/vc_column_text][\/vc_column][\/vc_row][vc_row css=&#8221;.vc_custom_1599031934410{margin-top: 0px !important;margin-bottom: 50px !important;padding-top: 50px !important;padding-right: 50px !important;padding-bottom: 50px !important;padding-left: 50px !important;background-color: #f7f7f7 !important;}&#8221; el_class=&#8221;rs-about1&#8243;][vc_column]\r\n        <div class=\"rs-heading   center\">\r\n        \t<div class=\"title-inner\">\r\n\t            \r\n\t            <h2>Ta\u015bmy gumowe<\/h2>\r\n\t        <\/div><\/div>[vc_row_inner equal_height=&#8221;yes&#8221; content_placement=&#8221;middle&#8221;][vc_column_inner width=&#8221;2\/3&#8243;][vc_column_text]Firma EUROTEX posiada szeroki wyb\u00f3r ta\u015bm tkaninowo-gumowych, wieloprzek\u0142adkowych zbudowanych z przek\u0142adek tkaninowych poliestrowo-poliamidowych (EP) lub poliamidowo-poliamidowych (PP), po\u0142\u0105czonych specjaln\u0105 gum\u0105 rdzeniow\u0105 oraz z ok\u0142adek gumowych. Rodzaj ok\u0142adek zastosowanych w danej ta\u015bmie pozwala na u\u017cywanie ich do transportu materia\u0142\u00f3w sypkich w warunkach np. zwi\u0119kszonego zagro\u017cenia po\u017carowego, w transporcie materia\u0142\u00f3w o podwy\u017cszonej temperaturze lub zawieraj\u0105cych oleje pochodzenia organicznego lub mineralnego jak i w miejscach bez szczeg\u00f3lnych wymaga\u0144 zwi\u0105zanych ze \u015brodowiskiem pracy. Posiadamy r\u00f3wnie\u017c ta\u015bmy tkaninowo-gumowe do cel\u00f3w rolniczych, kt\u00f3re sk\u0142adaj\u0105 si\u0119 z trzech przek\u0142adek podgumowanej tkaniny poliestrowo-poliamidowej (EP), zwi\u0105zanych ze sob\u0105 w spos\u00f3b trwa\u0142y w procesie wulkanizacji i powleczonych na zewn\u0105trz warstw\u0105 gumy. Dostarczane przez nas ta\u015bmy mog\u0105 by\u0107 otwarte, zwulkanizowane w obw\u00f3d zamkni\u0119ty lub po\u0142\u0105czone z\u0142\u0105czem mechanicznym typu spinka. W swojej ofercie posiadamy ta\u015bmy g\u0142adkie i ze struktur\u0105 na stronie no\u015bnej. Nasze ta\u015bmy w zale\u017cno\u015bci od wymaga\u0144 danej aplikacji mog\u0105 by\u0107 wyposa\u017cone w dodatkowe akcesoria takie jak: zabieraki, kliny prowadz\u0105ce oraz falbany boczne.[\/vc_column_text][\/vc_column_inner][vc_column_inner width=&#8221;1\/3&#8243;][vc_single_image image=&#8221;3665&#8243; img_size=&#8221;full&#8221; alignment=&#8221;center&#8221;][\/vc_column_inner][\/vc_row_inner][vc_column_text]<\/p>\n<p style=\"text-align: center;\"><a class=\"readon\" href=\"\/dobor-tasm-i-pasow\/dobor-tasm\/\">Formularz doboru ta\u015bmy transportuj\u0105cej &gt;&gt;&gt;<\/a><\/p>\n<p>[\/vc_column_text][\/vc_column][\/vc_row][vc_row css=&#8221;.vc_custom_1599031934410{margin-top: 0px !important;margin-bottom: 50px !important;padding-top: 50px !important;padding-right: 50px !important;padding-bottom: 50px !important;padding-left: 50px !important;background-color: #f7f7f7 !important;}&#8221; el_class=&#8221;rs-about1&#8243;][vc_column]\r\n        <div class=\"rs-heading   center\">\r\n        \t<div class=\"title-inner\">\r\n\t            \r\n\t            <h2>Ta\u015bmy transportuj\u0105ce silikonowe<\/h2>\r\n\t        <\/div><\/div>[vc_row_inner equal_height=&#8221;yes&#8221; content_placement=&#8221;middle&#8221;][vc_column_inner width=&#8221;1\/3&#8243;][vc_single_image image=&#8221;3667&#8243; img_size=&#8221;full&#8221; alignment=&#8221;center&#8221;][\/vc_column_inner][vc_column_inner width=&#8221;2\/3&#8243;][vc_column_text]Ta\u015bmy silikonowe sk\u0142adaj\u0105 si\u0119 z jednej lub dw\u00f3ch przek\u0142adek z tkaniny syntetycznej, pokrytych warstw\u0105 silikonu. Znajduj\u0105 zastosowanie w r\u00f3\u017cnych ga\u0142\u0119ziach przemys\u0142u \u2013 od bran\u017cy spo\u017cywczej (w tunelach ch\u0142odniczych do ch\u0142odzenia lepkich mas takich jak karmel czy nugat), poprzez chemi\u0119 (produkcja granulat\u00f3w, klej\u00f3w), hutnictwo, budownictwo do medycyny (jako wykonane z materia\u0142u oboj\u0119tnego fizjologicznie).<br \/>\nW r\u00f3\u017cnych aplikacjach wykorzystywane s\u0105 doskona\u0142e w\u0142a\u015bciwo\u015bci silikonu, takie jak: odporno\u015b\u0107 na dzia\u0142anie niskich i wysokich temperatur, olej\u00f3w, t\u0142uszcz\u00f3w i smar\u00f3w, dzia\u0142anie pary wodnej, starzenie, czynniki atmosferyczne, przebicia elektryczne jak i zdolno\u015b\u0107 do t\u0142umienia drga\u0144 o niskiej i wysokiej cz\u0119stotliwo\u015bci, znikoma przyczepno\u015b\u0107, podatno\u015b\u0107 na barwienie pozwalaj\u0105ca na zastosowanie szerokiej gamy kolorystycznej oraz du\u017ca trwa\u0142o\u015b\u0107 nadanego koloru.[\/vc_column_text][\/vc_column_inner][\/vc_row_inner][vc_column_text]<\/p>\n<p style=\"text-align: center;\"><a class=\"readon\" href=\"\/dobor-tasm-i-pasow\/dobor-tasm\/\">Formularz doboru ta\u015bmy transportuj\u0105cej &gt;&gt;&gt;<\/a><\/p>\n<p>[\/vc_column_text][\/vc_column][\/vc_row][vc_row css=&#8221;.vc_custom_1599031934410{margin-top: 0px !important;margin-bottom: 50px !important;padding-top: 50px !important;padding-right: 50px !important;padding-bottom: 50px !important;padding-left: 50px !important;background-color: #f7f7f7 !important;}&#8221; el_class=&#8221;rs-about1&#8243;][vc_column]\r\n        <div class=\"rs-heading   center\">\r\n        \t<div class=\"title-inner\">\r\n\t            \r\n\t            <h2>Inne produkty<\/h2>\r\n\t        <\/div><\/div>[vc_row_inner equal_height=&#8221;yes&#8221; content_placement=&#8221;middle&#8221;][vc_column_inner width=&#8221;2\/3&#8243;][vc_column_text]Firma EUROTEX w ofercie posiada r\u00f3wnie\u017c:<\/p>\n<ul>\n<li>Ta\u015bmy do wag Bizerba, Multivac, Espera<\/li>\n<li>Ta\u015bmy do boks\u00f3w kasowych<\/li>\n<li>Ta\u015bmy do sprz\u0119tu rehabilitacyjnego i urz\u0105dze\u0144 fitness<\/li>\n<li>P\u0142yty gumowe<\/li>\n<\/ul>\n<p>[\/vc_column_text][\/vc_column_inner][vc_column_inner width=&#8221;1\/3&#8243;][vc_single_image image=&#8221;3668&#8243; img_size=&#8221;full&#8221; alignment=&#8221;center&#8221;][\/vc_column_inner][\/vc_row_inner][vc_column_text]<\/p>\n<p style=\"text-align: center;\"><a class=\"readon\" href=\"\/dobor-tasm-i-pasow\/dobor-tasm\/\">Formularz doboru ta\u015bmy transportuj\u0105cej &gt;&gt;&gt;<\/a><\/p>\n<p>[\/vc_column_text][\/vc_column][\/vc_row][vc_row css=&#8221;.vc_custom_1599031934410{margin-top: 0px !important;margin-bottom: 50px !important;padding-top: 50px !important;padding-right: 50px !important;padding-bottom: 50px !important;padding-left: 50px !important;background-color: #f7f7f7 !important;}&#8221; el_class=&#8221;rs-about1&#8243;][vc_column]\r\n        <div class=\"rs-heading   center\">\r\n        \t<div class=\"title-inner\">\r\n\t            \r\n\t            <h2>Galeria<\/h2>\r\n\t        <\/div><\/div>[vc_row_inner equal_height=&#8221;yes&#8221; content_placement=&#8221;middle&#8221;][vc_column_inner width=&#8221;1\/6&#8243;][\/vc_column_inner][vc_column_inner width=&#8221;2\/3&#8243;][vc_media_grid grid_id=&#8221;vc_gid:1659523873172-ff27095c-7ecb-9&#8243; include=&#8221;4066,4059,4077,4053,4048,4061,4050,4045,4040,4055,4063,4069,4056,4070,4072,4054,4068,4075,4057,4064&#8243;][\/vc_column_inner][vc_column_inner width=&#8221;1\/6&#8243;][\/vc_column_inner][\/vc_row_inner][\/vc_column][\/vc_row]<\/p>\n","protected":false},"excerpt":{"rendered":"<p>[vc_row css=&#8221;.vc_custom_1599030211582{margin-top: 180px !important;padding-top: 93px !important;padding-bottom: 20px !important;}&#8221;][vc_column][\/vc_column][\/vc_row][vc_row css=&#8221;.vc_custom_1599031934410{margin-top: 0px !important;margin-bottom: 50px !important;padding-top: 50px !important;padding-right: 50px !important;padding-bottom: 50px !important;padding-left: 50px&#8230;<\/p>\n","protected":false},"author":1,"featured_media":0,"parent":3654,"menu_order":0,"comment_status":"closed","ping_status":"closed","template":"","meta":[],"yoast_head":"<!-- This site is optimized with the Yoast SEO plugin v15.2 - https:\/\/yoast.com\/wordpress\/plugins\/seo\/ -->\n<title>Ta\u015bmy transportuj\u0105ce - EUROTEX<\/title>\n<meta name=\"description\" content=\"Firma EUROTEX oferuje ta\u015bmy transportuj\u0105ce syntetyczne, ta\u015bmy transportowe modu\u0142owe, ta\u015bmy przeno\u015bnikowe bezko\u0144cowo tkane, teflonowe, gumowe.\" \/>\n<meta name=\"robots\" content=\"index, follow, max-snippet:-1, max-image-preview:large, max-video-preview:-1\" \/>\n<link rel=\"canonical\" href=\"https:\/\/eurotexpoland.pl\/?page_id=3656\" \/>\n<meta property=\"og:locale\" content=\"pl_PL\" \/>\n<meta property=\"og:type\" content=\"article\" \/>\n<meta property=\"og:title\" content=\"Ta\u015bmy transportuj\u0105ce - EUROTEX\" \/>\n<meta property=\"og:description\" content=\"Firma EUROTEX oferuje ta\u015bmy transportuj\u0105ce syntetyczne, ta\u015bmy transportowe modu\u0142owe, ta\u015bmy przeno\u015bnikowe bezko\u0144cowo tkane, teflonowe, gumowe.\" \/>\n<meta property=\"og:url\" content=\"https:\/\/eurotexpoland.pl\/?page_id=3656\" \/>\n<meta property=\"og:site_name\" content=\"EUROTEX\" \/>\n<meta property=\"article:modified_time\" content=\"2022-08-03T10:51:44+00:00\" \/>\n<meta name=\"twitter:card\" content=\"summary_large_image\" \/>\n<meta name=\"twitter:label1\" value=\"Written by\">\n\t<meta name=\"twitter:data1\" value=\"admin\">\n\t<meta name=\"twitter:label2\" value=\"Est. reading time\">\n\t<meta name=\"twitter:data2\" value=\"8 minut\">\n<script type=\"application\/ld+json\" class=\"yoast-schema-graph\">{\"@context\":\"https:\/\/schema.org\",\"@graph\":[{\"@type\":\"WebSite\",\"@id\":\"https:\/\/eurotexpoland.pl\/#website\",\"url\":\"https:\/\/eurotexpoland.pl\/\",\"name\":\"EUROTEX\",\"description\":\"Ta\\u015bmy transportowe i pasy nap\\u0119dowe\",\"potentialAction\":[{\"@type\":\"SearchAction\",\"target\":\"https:\/\/eurotexpoland.pl\/?s={search_term_string}\",\"query-input\":\"required name=search_term_string\"}],\"inLanguage\":\"pl-PL\"},{\"@type\":\"WebPage\",\"@id\":\"https:\/\/eurotexpoland.pl\/?page_id=3656#webpage\",\"url\":\"https:\/\/eurotexpoland.pl\/?page_id=3656\",\"name\":\"Ta\\u015bmy transportuj\\u0105ce - EUROTEX\",\"isPartOf\":{\"@id\":\"https:\/\/eurotexpoland.pl\/#website\"},\"datePublished\":\"2020-09-02T08:54:27+00:00\",\"dateModified\":\"2022-08-03T10:51:44+00:00\",\"description\":\"Firma EUROTEX oferuje ta\\u015bmy transportuj\\u0105ce syntetyczne, ta\\u015bmy transportowe modu\\u0142owe, ta\\u015bmy przeno\\u015bnikowe bezko\\u0144cowo tkane, teflonowe, gumowe.\",\"inLanguage\":\"pl-PL\",\"potentialAction\":[{\"@type\":\"ReadAction\",\"target\":[\"https:\/\/eurotexpoland.pl\/?page_id=3656\"]}]}]}<\/script>\n<!-- \/ Yoast SEO plugin. -->","_links":{"self":[{"href":"https:\/\/eurotexpoland.pl\/index.php?rest_route=\/wp\/v2\/pages\/3656"}],"collection":[{"href":"https:\/\/eurotexpoland.pl\/index.php?rest_route=\/wp\/v2\/pages"}],"about":[{"href":"https:\/\/eurotexpoland.pl\/index.php?rest_route=\/wp\/v2\/types\/page"}],"author":[{"embeddable":true,"href":"https:\/\/eurotexpoland.pl\/index.php?rest_route=\/wp\/v2\/users\/1"}],"replies":[{"embeddable":true,"href":"https:\/\/eurotexpoland.pl\/index.php?rest_route=%2Fwp%2Fv2%2Fcomments&post=3656"}],"version-history":[{"count":10,"href":"https:\/\/eurotexpoland.pl\/index.php?rest_route=\/wp\/v2\/pages\/3656\/revisions"}],"predecessor-version":[{"id":4082,"href":"https:\/\/eurotexpoland.pl\/index.php?rest_route=\/wp\/v2\/pages\/3656\/revisions\/4082"}],"up":[{"embeddable":true,"href":"https:\/\/eurotexpoland.pl\/index.php?rest_route=\/wp\/v2\/pages\/3654"}],"wp:attachment":[{"href":"https:\/\/eurotexpoland.pl\/index.php?rest_route=%2Fwp%2Fv2%2Fmedia&parent=3656"}],"curies":[{"name":"wp","href":"https:\/\/api.w.org\/{rel}","templated":true}]}}