{"id":3670,"date":"2020-09-02T11:22:05","date_gmt":"2020-09-02T09:22:05","guid":{"rendered":"https:\/\/eurotexpoland.pl\/?page_id=3670"},"modified":"2022-08-03T13:05:01","modified_gmt":"2022-08-03T11:05:01","slug":"pasy-napedowe","status":"publish","type":"page","link":"https:\/\/eurotexpoland.pl\/?page_id=3670","title":{"rendered":"Pasy nap\u0119dowe"},"content":{"rendered":"<p>[vc_row css=&#8221;.vc_custom_1599030211582{margin-top: 180px !important;padding-top: 93px !important;padding-bottom: 20px !important;}&#8221;][vc_column]\r\n        <div class=\"rs-heading  border-style center\">\r\n        \t<div class=\"title-inner\">\r\n\t            \r\n\t            <h2>Pasy nap\u0119dowe<\/h2>\r\n\t        <\/div><div class=\"description\"><p>Firma EUROTEX oferuje szeroki wyb\u00f3r pas\u00f3w nap\u0119dowych, takich jak pasy nap\u0119dowe p\u0142askie typu Rapplon, pasy z\u0119bate, pasy do przeno\u015bnik\u00f3w z podci\u015bnieniem, pasy in\u017cynieryjne, okr\u0105g\u0142e, klinowe, pasy do pakowaczek typu pionowego i inne.<\/p><\/div><\/div>[\/vc_column][\/vc_row][vc_row css=&#8221;.vc_custom_1599031934410{margin-top: 0px !important;margin-bottom: 50px !important;padding-top: 50px !important;padding-right: 50px !important;padding-bottom: 50px !important;padding-left: 50px !important;background-color: #f7f7f7 !important;}&#8221; el_id=&#8221;rs-about&#8221; el_class=&#8221;rs-about1&#8243;][vc_column]\r\n        <div class=\"rs-heading   center\">\r\n        \t<div class=\"title-inner\">\r\n\t            \r\n\t            <h2>Pasy nap\u0119dowe p\u0142askie typu Rapplon<\/h2>\r\n\t        <\/div><\/div>[vc_row_inner equal_height=&#8221;yes&#8221; content_placement=&#8221;middle&#8221;][vc_column_inner width=&#8221;1\/3&#8243;][vc_single_image image=&#8221;3671&#8243; img_size=&#8221;full&#8221; alignment=&#8221;center&#8221;][\/vc_column_inner][vc_column_inner width=&#8221;2\/3&#8243;][vc_column_text]Pasy nap\u0119dowe p\u0142askie typu Rapplon s\u0105 to wysoko wydajne pasy wykonane z materia\u0142\u00f3w o wyj\u0105tkowej wytrzyma\u0142o\u015bci, zaprojektowane specjalnie dla proces\u00f3w produkcyjnych, gdy\u017c poprzez stabilno\u015b\u0107 swoich wymiar\u00f3w gwarantuj\u0105 sta\u0142e i r\u00f3wnomierne parametry transportu. Wykonywane s\u0105 one w wersji klasycznej tj. z rdzeniem poliamidowym, jak r\u00f3wnie\u017c jako pasy najnowszej generacji, posiadaj\u0105ce unikalne w\u0142asno\u015bci termoplastyczne. Pasy Rapplon pokryte s\u0105 tkanin\u0105 poliamidow\u0105, sk\u00f3r\u0105, gum\u0105 naturaln\u0105, elastomerem lub innymi powleczeniami termoplastycznymi, co zapewnia im szerokie zastosowanie i zr\u00f3\u017cnicowan\u0105 eksploatacj\u0119 w wielu bran\u017cach: przemys\u0142 tekstylny, przemys\u0142 drzewny, produkcja papieru i tektury, poligrafia, us\u0142ugi pocztowe, logistyka i spedycja. Do zastosowa\u0144 specjalnych oferujemy bezszwowe pokrycia pas\u00f3w.[\/vc_column_text][\/vc_column_inner][\/vc_row_inner][vc_column_text]<\/p>\n<p style=\"text-align: center;\"><a class=\"readon\" href=\"\/dobor-tasm-i-pasow\/dobor-pasow\/\">Formularz doboru ta\u015bmy pasa &gt;&gt;&gt;<\/a><\/p>\n<p>[\/vc_column_text][\/vc_column][\/vc_row][vc_row css=&#8221;.vc_custom_1599031934410{margin-top: 0px !important;margin-bottom: 50px !important;padding-top: 50px !important;padding-right: 50px !important;padding-bottom: 50px !important;padding-left: 50px !important;background-color: #f7f7f7 !important;}&#8221; el_class=&#8221;rs-about1&#8243;][vc_column]\r\n        <div class=\"rs-heading   center\">\r\n        \t<div class=\"title-inner\">\r\n\t            \r\n\t            <h2>Pasy z\u0119bate<\/h2>\r\n\t        <\/div><\/div>[vc_row_inner equal_height=&#8221;yes&#8221; content_placement=&#8221;middle&#8221;][vc_column_inner width=&#8221;2\/3&#8243;][vc_column_text]S\u0142u\u017c\u0105 do mechanicznego przekazywania mocy bez po\u015blizgu poprzez przenoszenie momentu obrotowego z\u0119ba pasa do z\u0119ba ko\u0142a pasowego. Wykorzystuje si\u0119 je tam, gdzie wa\u017cna jest dok\u0142adna synchronizacja uk\u0142adu pod wzgl\u0119dem czasu i odleg\u0142o\u015bci oraz wysoka wydajno\u015b\u0107 nap\u0119du. Utrzymuj\u0105c odpowiedni\u0105 pozycj\u0119 na przeno\u015bniku doskonale sprawdzaj\u0105 si\u0119 w tych procesach transportu lub przenoszenia mocy, gdzie dochodzi do nag\u0142ej zmiany kierunku lub pr\u0119dko\u015bci. Pasy z\u0119bate dost\u0119pne s\u0105 w r\u00f3\u017cnych podzia\u0142kach i kszta\u0142tach z\u0119b\u00f3w, o r\u00f3\u017cnych szeroko\u015bciach. Wykonane s\u0105 z neoprenu lub poliuretanu ze wzmocnieniem w postaci kordu z w\u0142\u00f3kna szklanego lub w\u0119glowego, kordu z poliestru, aramidu (kevlaru) b\u0105d\u017a te\u017c stali zwyk\u0142ej lub nierdzewnej. Pasy nap\u0119dowe pozwalaj\u0105 na znaczne obni\u017cenie poziomu ha\u0142asu, zwi\u0119kszaj\u0105 tak\u017ce \u017cywotno\u015b\u0107 \u0142o\u017cysk, poniewa\u017c nie wymagaj\u0105 tak du\u017cego naci\u0105gu podczas pracy jak pasy klinowe. S\u0105 odporne na dzia\u0142anie ozonu, kwas\u00f3w, t\u0142uszcz\u00f3w i olej\u00f3w oraz r\u00f3\u017cnych substancji chemicznych, wykazuj\u0105 antystatyczno\u015b\u0107, du\u017c\u0105 elastyczno\u015b\u0107 i trwa\u0142o\u015b\u0107.[\/vc_column_text][\/vc_column_inner][vc_column_inner width=&#8221;1\/3&#8243;][vc_single_image image=&#8221;3674&#8243; img_size=&#8221;full&#8221; alignment=&#8221;center&#8221;][\/vc_column_inner][\/vc_row_inner][vc_column_text]<\/p>\n<p style=\"text-align: center;\"><a class=\"readon\" href=\"\/dobor-tasm-i-pasow\/dobor-pasow\/\">Formularz doboru ta\u015bmy pasa &gt;&gt;&gt;<\/a><\/p>\n<p>[\/vc_column_text][\/vc_column][\/vc_row][vc_row css=&#8221;.vc_custom_1599031934410{margin-top: 0px !important;margin-bottom: 50px !important;padding-top: 50px !important;padding-right: 50px !important;padding-bottom: 50px !important;padding-left: 50px !important;background-color: #f7f7f7 !important;}&#8221; el_class=&#8221;rs-about1&#8243;][vc_column]\r\n        <div class=\"rs-heading   center\">\r\n        \t<div class=\"title-inner\">\r\n\t            \r\n\t            <h2>Pasy do przeno\u015bnik\u00f3w z podci\u015bnieniem<\/h2>\r\n\t        <\/div><\/div>[vc_row_inner equal_height=&#8221;yes&#8221; content_placement=&#8221;middle&#8221;][vc_column_inner width=&#8221;1\/3&#8243;][vc_single_image image=&#8221;3675&#8243; img_size=&#8221;full&#8221; alignment=&#8221;center&#8221;][\/vc_column_inner][vc_column_inner width=&#8221;2\/3&#8243;][vc_column_text]Proponowane przez nas pasy do przeno\u015bnik\u00f3w posiadaj\u0105cych funkcj\u0119 podci\u015bnienia (przytrzymywanie produktu metod\u0105 zasysania) posiadaj\u0105 odpowiednie perforacje o r\u00f3\u017cnych \u015brednicach, wykonane w dowolnych uk\u0142adach. Istnieje mo\u017cliwo\u015b\u0107 wykonania otwor\u00f3w zar\u00f3wno w syntetycznych oraz elastomerowych ta\u015bmach przeno\u015bnikowych, jak i w pasach p\u0142askich i z\u0119batych.[\/vc_column_text][\/vc_column_inner][\/vc_row_inner][vc_column_text]<\/p>\n<p style=\"text-align: center;\"><a class=\"readon\" href=\"\/dobor-tasm-i-pasow\/dobor-pasow\/\">Formularz doboru ta\u015bmy pasa &gt;&gt;&gt;<\/a><\/p>\n<p>[\/vc_column_text][\/vc_column][\/vc_row][vc_row css=&#8221;.vc_custom_1599031934410{margin-top: 0px !important;margin-bottom: 50px !important;padding-top: 50px !important;padding-right: 50px !important;padding-bottom: 50px !important;padding-left: 50px !important;background-color: #f7f7f7 !important;}&#8221; el_class=&#8221;rs-about1&#8243;][vc_column]\r\n        <div class=\"rs-heading   center\">\r\n        \t<div class=\"title-inner\">\r\n\t            \r\n\t            <h2>Pasy in\u017cynieryjne<\/h2>\r\n\t        <\/div><\/div>[vc_row_inner equal_height=&#8221;yes&#8221; content_placement=&#8221;middle&#8221;][vc_column_inner width=&#8221;2\/3&#8243;][vc_column_text]S\u0105 to produkty dopasowane do indywidualnych wymaga\u0144 maszyn i urz\u0105dze\u0144 w r\u00f3\u017cnych ga\u0142\u0119ziach przemys\u0142u poprzez zastosowanie w ich produkcji r\u00f3\u017cnych proces\u00f3w technologicznych, w wyniku kt\u00f3rych uzyskuje si\u0119 zwi\u0119kszon\u0105 odporno\u015b\u0107 mechaniczn\u0105 i chemiczn\u0105. Unikalne parametry pas\u00f3w in\u017cynieryjnych osi\u0105ga si\u0119 poprzez zastosowanie na ich powierzchni specjalnych powlecze\u0144, wykonanie r\u00f3\u017cnego rodzaju perforacji, \u017c\u0142obie\u0144 i ci\u0119\u0107, profilowanie strony zar\u00f3wno no\u015bnej jak i bie\u017cnej, monta\u017c r\u00f3\u017cnych typ\u00f3w akcesori\u00f3w itp. Pasy in\u017cynieryjne stosuje si\u0119 w przemy\u015ble spo\u017cywczym, papierniczym, tytoniowym, drzewnym, metalowym, elektrotechnicznym, produkcji tworzyw sztucznych, motoryzacyjnym, w produkcji kabli i w\u0119\u017cy gumowych, w maszynach pakuj\u0105cych i etykieciarkach.[\/vc_column_text][\/vc_column_inner][vc_column_inner width=&#8221;1\/3&#8243;][vc_single_image image=&#8221;3676&#8243; img_size=&#8221;full&#8221; alignment=&#8221;center&#8221;][\/vc_column_inner][\/vc_row_inner][vc_column_text]<\/p>\n<p style=\"text-align: center;\"><a class=\"readon\" href=\"\/dobor-tasm-i-pasow\/dobor-pasow\/\">Formularz doboru ta\u015bmy pasa &gt;&gt;&gt;<\/a><\/p>\n<p>[\/vc_column_text][\/vc_column][\/vc_row][vc_row css=&#8221;.vc_custom_1599031934410{margin-top: 0px !important;margin-bottom: 50px !important;padding-top: 50px !important;padding-right: 50px !important;padding-bottom: 50px !important;padding-left: 50px !important;background-color: #f7f7f7 !important;}&#8221; el_class=&#8221;rs-about1&#8243;][vc_column]\r\n        <div class=\"rs-heading   center\">\r\n        \t<div class=\"title-inner\">\r\n\t            \r\n\t            <h2>Pasy okr\u0105g\u0142e, klinowe<\/h2>\r\n\t        <\/div><\/div>[vc_row_inner equal_height=&#8221;yes&#8221; content_placement=&#8221;middle&#8221;][vc_column_inner width=&#8221;1\/3&#8243;][vc_single_image image=&#8221;3677&#8243; img_size=&#8221;full&#8221; alignment=&#8221;center&#8221;][\/vc_column_inner][vc_column_inner width=&#8221;2\/3&#8243;][vc_column_text]Pasy te wykonane s\u0105 metod\u0105 wyt\u0142aczania z termoplastycznego poliuretanu. Mog\u0105 s\u0142u\u017cy\u0107 do przekazywania nap\u0119du (nawet du\u017cych mocy) lub jako pasy transportuj\u0105ce. U\u017cywane s\u0105 g\u0142\u00f3wnie w d\u0142ugich ci\u0105gach transmisji w transporcie wewn\u0119trznym oraz w przeno\u015bnikach poziomych lub uko\u015bnych. S\u0105 idealne do transportu lekkich produkt\u00f3w po ko\u0142ach o niewielkich \u015brednicach. Produkowane w r\u00f3\u017cnych kolorach i rozmiarach, o r\u00f3\u017cnym stopniu twardo\u015bci wg skali Shore a, jako g\u0142adkie lub porowate, w wersji ze wzmocnieniem (z poliestru lub aramidu) lub bez. Istnieje mo\u017cliwo\u015b\u0107 wykonania metalowych z\u0142\u0105czek pas\u00f3w. Pasy te s\u0105 zgodne z rygorystycznymi wymaganiami prawnymi dotycz\u0105cymi kontaktu z \u017cywno\u015bci\u0105, a ponadto posiadaj\u0105 odporno\u015b\u0107 na oleje i t\u0142uszcze, co pozwala na wykorzystanie ich w przemy\u015ble spo\u017cywczym. Ponadto s\u0105 wysoce wytrzyma\u0142e i odporne na \u015bcieranie i zanieczyszczenia, a zatem doskonale sprawdzaj\u0105 si\u0119 w przemy\u015ble tekstylnym, drzewnym, papierniczym, poligraficznym, ceramicznym, w produkcji materia\u0142\u00f3w budowlanych i w produkcji opakowa\u0144. Mo\u017cliwo\u015b\u0107 \u0142atwego \u0142\u0105czenia tego typu pas\u00f3w u klienta, bezpo\u015brednio na maszynie, bez demonta\u017cu systemu, pozwala na szybk\u0105 napraw\u0119 uszkodze\u0144 i skraca czas awarii do niezb\u0119dnego minimum.[\/vc_column_text][\/vc_column_inner][\/vc_row_inner][vc_column_text]<\/p>\n<p style=\"text-align: center;\"><a class=\"readon\" href=\"\/dobor-tasm-i-pasow\/dobor-pasow\/\">Formularz doboru ta\u015bmy pasa &gt;&gt;&gt;<\/a><\/p>\n<p>[\/vc_column_text][\/vc_column][\/vc_row][vc_row css=&#8221;.vc_custom_1599031934410{margin-top: 0px !important;margin-bottom: 50px !important;padding-top: 50px !important;padding-right: 50px !important;padding-bottom: 50px !important;padding-left: 50px !important;background-color: #f7f7f7 !important;}&#8221; el_class=&#8221;rs-about1&#8243;][vc_column]\r\n        <div class=\"rs-heading   center\">\r\n        \t<div class=\"title-inner\">\r\n\t            \r\n\t            <h2>Nap\u0119d rolek<\/h2>\r\n\t        <\/div><\/div>[vc_row_inner equal_height=&#8221;yes&#8221; content_placement=&#8221;middle&#8221;][vc_column_inner width=&#8221;2\/3&#8243;][vc_column_text]Przeno\u015bniki rolkowe jest to grupa uniwersalnych transporter\u00f3w wykorzystywana we wszystkich ga\u0142\u0119ziach przemys\u0142u. Gwarantuj\u0105c \u0142atw\u0105, bezkolizyjn\u0105 transmisj\u0119 element\u00f3w stanowi\u0105 one idealne narz\u0119dzie przy automatyzacji produkcji i wykonywaniu uk\u0142ad\u00f3w transportu bliskiego. Znajduj\u0105 one zastosowanie przy transporcie \u0142adunk\u00f3w zar\u00f3wno o stosunkowo niewielkiej masie jak i element\u00f3w ci\u0119\u017ckich, o p\u0142askiej powierzchni styku z rolkami takich jak: tace, pojemniki, kartony, skrzynie, palety, p\u0142yty drewniane, worki itp. Wykorzystywane s\u0105 wi\u0119c szeroko w centrach dystrybucyjnych i logistyce. W rolkowych transporterach nap\u0119dzanych stosuje si\u0119 wielowariantowy rodzaj nap\u0119du rolek poprzez: silniki wbudowane w p\u0142aszcz rolki (tzw. elektrorolki), \u0142a\u0144cuchy, pasy p\u0142askie, pasy z\u0119bate, pasy okr\u0105g\u0142e, klinowe lub wieloklinowe. Pasy p\u0142askie Rapplon dzi\u0119ki swoim w\u0142a\u015bciwo\u015bciom mog\u0105 by\u0107 stosowane w tego typu przeno\u015bnikach w takich operacjach jak przyspieszanie, zmiana kierunku transmisji lub akumulacja. S\u0105 wytrzyma\u0142e na bardzo du\u017ce obci\u0105\u017cenia z jednoczesnym zachowaniem pr\u0119dko\u015bci biegu i precyzji prowadzenia podczas procesu transmisji mocy, dlatego te\u017c s\u0142u\u017c\u0105 cz\u0119sto do przekazywania mocy np. silnik\u00f3w, turbin wodnych, w generatorach pr\u0105dotw\u00f3rczych itp.[\/vc_column_text][\/vc_column_inner][vc_column_inner width=&#8221;1\/3&#8243;][vc_single_image image=&#8221;3678&#8243; img_size=&#8221;full&#8221; alignment=&#8221;center&#8221;][\/vc_column_inner][\/vc_row_inner][vc_column_text]<\/p>\n<p style=\"text-align: center;\"><a class=\"readon\" href=\"\/dobor-tasm-i-pasow\/dobor-pasow\/\">Formularz doboru ta\u015bmy pasa &gt;&gt;&gt;<\/a><\/p>\n<p>[\/vc_column_text][\/vc_column][\/vc_row][vc_row css=&#8221;.vc_custom_1599031934410{margin-top: 0px !important;margin-bottom: 50px !important;padding-top: 50px !important;padding-right: 50px !important;padding-bottom: 50px !important;padding-left: 50px !important;background-color: #f7f7f7 !important;}&#8221; el_class=&#8221;rs-about1&#8243;][vc_column]\r\n        <div class=\"rs-heading   center\">\r\n        \t<div class=\"title-inner\">\r\n\t            \r\n\t            <h2>Inne produkty<\/h2>\r\n\t        <\/div><\/div>[vc_row_inner equal_height=&#8221;yes&#8221; content_placement=&#8221;middle&#8221;][vc_column_inner width=&#8221;1\/3&#8243;][vc_single_image image=&#8221;3679&#8243; img_size=&#8221;full&#8221; alignment=&#8221;center&#8221;][\/vc_column_inner][vc_column_inner width=&#8221;2\/3&#8243;][vc_column_text]Firma EUROTEX w ofercie posiada r\u00f3wnie\u017c:<\/p>\n<ul>\n<li>Pasy do pakowaczek typu pionowego<\/li>\n<li>Pasy do przemys\u0142owej produkcji kie\u0142basy<\/li>\n<li>Pasy specjalne<\/li>\n<\/ul>\n<p>[\/vc_column_text][\/vc_column_inner][\/vc_row_inner][vc_column_text]<\/p>\n<p style=\"text-align: center;\"><a class=\"readon\" href=\"\/dobor-tasm-i-pasow\/dobor-pasow\/\">Formularz doboru ta\u015bmy pasa &gt;&gt;&gt;<\/a><\/p>\n<p>[\/vc_column_text][\/vc_column][\/vc_row][vc_row css=&#8221;.vc_custom_1599031934410{margin-top: 0px !important;margin-bottom: 50px !important;padding-top: 50px !important;padding-right: 50px !important;padding-bottom: 50px !important;padding-left: 50px !important;background-color: #f7f7f7 !important;}&#8221; el_class=&#8221;rs-about1&#8243;][vc_column]\r\n        <div class=\"rs-heading   center\">\r\n        \t<div class=\"title-inner\">\r\n\t            \r\n\t            <h2>Galeria<\/h2>\r\n\t        <\/div><\/div>[vc_row_inner equal_height=&#8221;yes&#8221; content_placement=&#8221;middle&#8221;][vc_column_inner width=&#8221;1\/6&#8243;][\/vc_column_inner][vc_column_inner width=&#8221;2\/3&#8243;][vc_media_grid grid_id=&#8221;vc_gid:1659524645050-aa4c173c-1585-2&#8243; include=&#8221;4076,4074,4073,4071,4067,4065,4062,4060,4058,4052,4051,4049,4047,4046,4044,4043,4042,4041&#8243;][\/vc_column_inner][vc_column_inner width=&#8221;1\/6&#8243;][\/vc_column_inner][\/vc_row_inner][\/vc_column][\/vc_row]<\/p>\n","protected":false},"excerpt":{"rendered":"<p>[vc_row css=&#8221;.vc_custom_1599030211582{margin-top: 180px !important;padding-top: 93px !important;padding-bottom: 20px !important;}&#8221;][vc_column][\/vc_column][\/vc_row][vc_row css=&#8221;.vc_custom_1599031934410{margin-top: 0px !important;margin-bottom: 50px !important;padding-top: 50px !important;padding-right: 50px !important;padding-bottom: 50px !important;padding-left: 50px&#8230;<\/p>\n","protected":false},"author":1,"featured_media":0,"parent":3654,"menu_order":0,"comment_status":"closed","ping_status":"closed","template":"","meta":[],"yoast_head":"<!-- This site is optimized with the Yoast SEO plugin v15.2 - https:\/\/yoast.com\/wordpress\/plugins\/seo\/ -->\n<title>Pasy nap\u0119dowe - EUROTEX<\/title>\n<meta name=\"description\" content=\"Firma EUROTEX oferuje szeroki wyb\u00f3r pas\u00f3w nap\u0119dowych, takich jak pasy nap\u0119dowe p\u0142askie typu Rapplon, pasy z\u0119bate, pasy do przeno\u015bnik\u00f3w.\" \/>\n<meta name=\"robots\" content=\"index, follow, max-snippet:-1, max-image-preview:large, max-video-preview:-1\" \/>\n<link rel=\"canonical\" href=\"https:\/\/eurotexpoland.pl\/?page_id=3670\" \/>\n<meta property=\"og:locale\" content=\"pl_PL\" \/>\n<meta property=\"og:type\" content=\"article\" \/>\n<meta property=\"og:title\" content=\"Pasy nap\u0119dowe - EUROTEX\" \/>\n<meta property=\"og:description\" content=\"Firma EUROTEX oferuje szeroki wyb\u00f3r pas\u00f3w nap\u0119dowych, takich jak pasy nap\u0119dowe p\u0142askie typu Rapplon, pasy z\u0119bate, pasy do przeno\u015bnik\u00f3w.\" \/>\n<meta property=\"og:url\" content=\"https:\/\/eurotexpoland.pl\/?page_id=3670\" \/>\n<meta property=\"og:site_name\" content=\"EUROTEX\" \/>\n<meta property=\"article:modified_time\" content=\"2022-08-03T11:05:01+00:00\" \/>\n<meta name=\"twitter:card\" content=\"summary_large_image\" \/>\n<meta name=\"twitter:label1\" value=\"Written by\">\n\t<meta name=\"twitter:data1\" value=\"admin\">\n\t<meta name=\"twitter:label2\" value=\"Est. reading time\">\n\t<meta name=\"twitter:data2\" value=\"7 minut\">\n<script type=\"application\/ld+json\" class=\"yoast-schema-graph\">{\"@context\":\"https:\/\/schema.org\",\"@graph\":[{\"@type\":\"WebSite\",\"@id\":\"https:\/\/eurotexpoland.pl\/#website\",\"url\":\"https:\/\/eurotexpoland.pl\/\",\"name\":\"EUROTEX\",\"description\":\"Ta\\u015bmy transportowe i pasy nap\\u0119dowe\",\"potentialAction\":[{\"@type\":\"SearchAction\",\"target\":\"https:\/\/eurotexpoland.pl\/?s={search_term_string}\",\"query-input\":\"required name=search_term_string\"}],\"inLanguage\":\"pl-PL\"},{\"@type\":\"WebPage\",\"@id\":\"https:\/\/eurotexpoland.pl\/?page_id=3670#webpage\",\"url\":\"https:\/\/eurotexpoland.pl\/?page_id=3670\",\"name\":\"Pasy nap\\u0119dowe - EUROTEX\",\"isPartOf\":{\"@id\":\"https:\/\/eurotexpoland.pl\/#website\"},\"datePublished\":\"2020-09-02T09:22:05+00:00\",\"dateModified\":\"2022-08-03T11:05:01+00:00\",\"description\":\"Firma EUROTEX oferuje szeroki wyb\\u00f3r pas\\u00f3w nap\\u0119dowych, takich jak pasy nap\\u0119dowe p\\u0142askie typu Rapplon, pasy z\\u0119bate, pasy do przeno\\u015bnik\\u00f3w.\",\"inLanguage\":\"pl-PL\",\"potentialAction\":[{\"@type\":\"ReadAction\",\"target\":[\"https:\/\/eurotexpoland.pl\/?page_id=3670\"]}]}]}<\/script>\n<!-- \/ Yoast SEO plugin. -->","_links":{"self":[{"href":"https:\/\/eurotexpoland.pl\/index.php?rest_route=\/wp\/v2\/pages\/3670"}],"collection":[{"href":"https:\/\/eurotexpoland.pl\/index.php?rest_route=\/wp\/v2\/pages"}],"about":[{"href":"https:\/\/eurotexpoland.pl\/index.php?rest_route=\/wp\/v2\/types\/page"}],"author":[{"embeddable":true,"href":"https:\/\/eurotexpoland.pl\/index.php?rest_route=\/wp\/v2\/users\/1"}],"replies":[{"embeddable":true,"href":"https:\/\/eurotexpoland.pl\/index.php?rest_route=%2Fwp%2Fv2%2Fcomments&post=3670"}],"version-history":[{"count":5,"href":"https:\/\/eurotexpoland.pl\/index.php?rest_route=\/wp\/v2\/pages\/3670\/revisions"}],"predecessor-version":[{"id":4083,"href":"https:\/\/eurotexpoland.pl\/index.php?rest_route=\/wp\/v2\/pages\/3670\/revisions\/4083"}],"up":[{"embeddable":true,"href":"https:\/\/eurotexpoland.pl\/index.php?rest_route=\/wp\/v2\/pages\/3654"}],"wp:attachment":[{"href":"https:\/\/eurotexpoland.pl\/index.php?rest_route=%2Fwp%2Fv2%2Fmedia&parent=3670"}],"curies":[{"name":"wp","href":"https:\/\/api.w.org\/{rel}","templated":true}]}}