{"id":3681,"date":"2020-09-02T12:09:26","date_gmt":"2020-09-02T10:09:26","guid":{"rendered":"https:\/\/eurotexpoland.pl\/?page_id=3681"},"modified":"2020-10-29T13:13:28","modified_gmt":"2020-10-29T12:13:28","slug":"akcesoria","status":"publish","type":"page","link":"https:\/\/eurotexpoland.pl\/?page_id=3681","title":{"rendered":"Akcesoria"},"content":{"rendered":"<p>[vc_row css=&#8221;.vc_custom_1599030211582{margin-top: 180px !important;padding-top: 93px !important;padding-bottom: 20px !important;}&#8221;][vc_column]\r\n        <div class=\"rs-heading  border-style center\">\r\n        \t<div class=\"title-inner\">\r\n\t            \r\n\t            <h2>Akcesoria<\/h2>\r\n\t        <\/div><div class=\"description\"><p>Oferujemy akcesoria do ta\u015bm transportuj\u0105cych takie jak spinki metalowe i plastikowe, profile prowadz\u0105ce, okleiny b\u0119bnowe, antybakteryjne zabezpieczenie kraw\u0119dzi Amseal oraz zabieraki i welkanty.<\/p><\/div><\/div>[\/vc_column][\/vc_row][vc_row css=&#8221;.vc_custom_1599031934410{margin-top: 0px !important;margin-bottom: 50px !important;padding-top: 50px !important;padding-right: 50px !important;padding-bottom: 50px !important;padding-left: 50px !important;background-color: #f7f7f7 !important;}&#8221; el_id=&#8221;rs-about&#8221; el_class=&#8221;rs-about1&#8243;][vc_column]\r\n        <div class=\"rs-heading   center\">\r\n        \t<div class=\"title-inner\">\r\n\t            \r\n\t            <h2>Spinki metalowe i plastikowe<\/h2>\r\n\t        <\/div><\/div>[vc_row_inner equal_height=&#8221;yes&#8221; content_placement=&#8221;middle&#8221;][vc_column_inner width=&#8221;1\/3&#8243;][vc_single_image image=&#8221;3683&#8243; img_size=&#8221;full&#8221; alignment=&#8221;center&#8221;][\/vc_column_inner][vc_column_inner width=&#8221;2\/3&#8243;][vc_column_text]Mechaniczne po\u0142\u0105czenia ta\u015bm w postaci spinek metalowych lub plastikowych maj\u0105 zastosowanie do wszystkich typ\u00f3w ta\u015bm na przeno\u015bnikach we wszystkich ga\u0142\u0119ziach przemys\u0142u. Zalecane s\u0105 przede wszystkim tam, gdzie z przyczyn technicznych np. skomplikowany, czasoch\u0142onny i uci\u0105\u017cliwy demonta\u017c przeno\u015bnika, nie jest mo\u017cliwe za\u0142o\u017cenie ta\u015bmy zamkni\u0119tej w obw\u00f3d ani po\u0142\u0105czenie jej na przeno\u015bniku przez pracownik\u00f3w serwisu. Zastosowanie spinek pozwala na szybk\u0105 wymian\u0119 ta\u015bmy i redukuje czas przestoju urz\u0105dzenia wywo\u0142any awari\u0105.[\/vc_column_text][\/vc_column_inner][\/vc_row_inner][vc_column_text]<\/p>\n<p style=\"text-align: center;\"><a class=\"readon\" href=\"\/kontakt\/\">Kontakt &gt;&gt;&gt;<\/a><\/p>\n<p>[\/vc_column_text][\/vc_column][\/vc_row][vc_row css=&#8221;.vc_custom_1599031934410{margin-top: 0px !important;margin-bottom: 50px !important;padding-top: 50px !important;padding-right: 50px !important;padding-bottom: 50px !important;padding-left: 50px !important;background-color: #f7f7f7 !important;}&#8221; el_class=&#8221;rs-about1&#8243;][vc_column]\r\n        <div class=\"rs-heading   center\">\r\n        \t<div class=\"title-inner\">\r\n\t            \r\n\t            <h2>Zabieraki<\/h2>\r\n\t        <\/div><\/div>[vc_row_inner equal_height=&#8221;yes&#8221; content_placement=&#8221;middle&#8221;][vc_column_inner width=&#8221;2\/3&#8243;][vc_column_text]Stosowane s\u0105 mi\u0119dzy innymi do transportu pochy\u0142ego, zapobiegaj\u0105 przesuwaniu si\u0119 materia\u0142u transportowanego. Produkowane z PVC, PU, poliestru lub poliolefinu mog\u0105 by\u0107 proste, pochy\u0142e b\u0105d\u017a \u0142amane, ze stop\u0105 lub bez, wzmacniane tkanin\u0105 lub bez wzmocnienia. S\u0105 dost\u0119pne w kilku kolorach. W zale\u017cno\u015bci od rodzaju materia\u0142u i warunk\u00f3w pracy (np. pr\u0119dko\u015b\u0107 transmisji, obj\u0119to\u015b\u0107 produkt\u00f3w) stosowane s\u0105 zabieraki o r\u00f3\u017cnych wysoko\u015bciach, rozstawach i uk\u0142adach.[\/vc_column_text][\/vc_column_inner][vc_column_inner width=&#8221;1\/3&#8243;][vc_single_image image=&#8221;3686&#8243; img_size=&#8221;full&#8221; alignment=&#8221;center&#8221;][\/vc_column_inner][\/vc_row_inner][vc_column_text]<\/p>\n<p style=\"text-align: center;\"><a class=\"readon\" href=\"\/kontakt\/\">Kontakt &gt;&gt;&gt;<\/a><\/p>\n<p>[\/vc_column_text][\/vc_column][\/vc_row][vc_row css=&#8221;.vc_custom_1599031934410{margin-top: 0px !important;margin-bottom: 50px !important;padding-top: 50px !important;padding-right: 50px !important;padding-bottom: 50px !important;padding-left: 50px !important;background-color: #f7f7f7 !important;}&#8221; el_class=&#8221;rs-about1&#8243;][vc_column]\r\n        <div class=\"rs-heading   center\">\r\n        \t<div class=\"title-inner\">\r\n\t            \r\n\t            <h2>Welkanty<\/h2>\r\n\t        <\/div><\/div>[vc_row_inner equal_height=&#8221;yes&#8221; content_placement=&#8221;middle&#8221;][vc_column_inner width=&#8221;1\/3&#8243;][vc_single_image image=&#8221;3687&#8243; img_size=&#8221;full&#8221; alignment=&#8221;center&#8221;][\/vc_column_inner][vc_column_inner width=&#8221;2\/3&#8243;][vc_column_text]Welkanty, nazywane inaczej falbanami (burtami) bocznymi lub bocznikami falistymi, produkowane s\u0105 z PVC, PU i poliestru w kilku wersjach kolorystycznych, jako wzmocnione tkanin\u0105 lub bez wzmocnienia. Nie posiadaj\u0105 stopy, s\u0105 wtapiane bezpo\u015brednio w materia\u0142 powleczenia ta\u015bmy, co gwarantuje wi\u0119ksz\u0105 trwa\u0142o\u015b\u0107 i wytrzyma\u0142o\u015b\u0107 po\u0142\u0105czenia. Stosowane s\u0105 g\u0142\u00f3wnie do transportu materia\u0142\u00f3w sypkich, zapobiegaj\u0105c ich rozsypywaniu si\u0119 na boki z ta\u015bmy transportuj\u0105cej.<\/p>\n<p>Zabieraki oraz welkanty s\u0105 odporne na dzia\u0142anie t\u0142uszcz\u00f3w i olej\u00f3w, posiadaj\u0105 atesty dopuszczaj\u0105ce do kontaktu z \u017cywno\u015bci\u0105 nie opakowan\u0105, mog\u0105 by\u0107 stosowane w przemy\u015ble spo\u017cywczym.[\/vc_column_text][\/vc_column_inner][\/vc_row_inner][vc_column_text]<\/p>\n<p style=\"text-align: center;\"><a class=\"readon\" href=\"\/kontakt\/\">Kontakt &gt;&gt;&gt;<\/a><\/p>\n<p>[\/vc_column_text][\/vc_column][\/vc_row][vc_row css=&#8221;.vc_custom_1599031934410{margin-top: 0px !important;margin-bottom: 50px !important;padding-top: 50px !important;padding-right: 50px !important;padding-bottom: 50px !important;padding-left: 50px !important;background-color: #f7f7f7 !important;}&#8221; el_class=&#8221;rs-about1&#8243;][vc_column]\r\n        <div class=\"rs-heading   center\">\r\n        \t<div class=\"title-inner\">\r\n\t            \r\n\t            <h2>Antybakteryjne zabezpieczenie kraw\u0119dzi Amseal<\/h2>\r\n\t        <\/div><\/div>[vc_row_inner equal_height=&#8221;yes&#8221; content_placement=&#8221;middle&#8221;][vc_column_inner width=&#8221;2\/3&#8243;][vc_column_text]W swojej ofercie posiadamy ta\u015bmy antybakteryjne produkowane w technologii opartej na wykorzystaniu jon\u00f3w srebra, kt\u00f3re w spos\u00f3b ci\u0105g\u0142y, przez ca\u0142y czas u\u017cytkowania ta\u015bmy, wi\u0105\u017c\u0105 i dezaktywuj\u0105 bia\u0142ka wewn\u0105trz kom\u00f3rek i w ten spos\u00f3b zapobiegaj\u0105 namna\u017caniu si\u0119 bakterii i grzyb\u00f3w. Zwi\u0119kszaj\u0105ce higien\u0119 antybakteryjne ta\u015bmy przeno\u015bnikowe, zatwierdzone \u015bwiadectwem FDA do u\u017cytku w przemy\u015ble spo\u017cywczym, mog\u0105 by\u0107 wyposa\u017cone w system trwa\u0142ego zabezpieczenia brzeg\u00f3w ta\u015bmy \u2013 Amseal. System Amseal opracowany zosta\u0142 w celu ca\u0142kowitej ochrony ta\u015bmy przed bakteriami. Niezabezpieczone, po przyci\u0119ciu ta\u015bmy na \u017c\u0105dany wymiar, jej boczne kraw\u0119dzie s\u0105 doskona\u0142ym miejscem do namna\u017cania si\u0119 bakterii z uwagi na wyst\u0119powanie nier\u00f3wno\u015bci i obecno\u015b\u0107 postrz\u0119pionej tkaniny. Niemo\u017cno\u015b\u0107 dok\u0142adnego wyczyszczenia tych obszar\u00f3w powoduje, \u017ce poprzez niezabezpieczone kraw\u0119dzie w g\u0142\u0105b ta\u015bmy przedostaj\u0105 si\u0119 opr\u00f3cz bakterii r\u00f3wnie\u017c t\u0142uszcze i r\u00f3\u017cne inne zanieczyszczenia. Amseal polega na specjalnym przygotowaniu brzegu ta\u015bmy, a nast\u0119pnie wtopieniu w to miejsce paska wykonanego z termoplastycznego materia\u0142u, co umo\u017cliwia utrzymanie ta\u015bmy w pe\u0142nej czysto\u015bci i przyczynia si\u0119 do zredukowania ilo\u015bci bakterii.[\/vc_column_text][\/vc_column_inner][vc_column_inner width=&#8221;1\/3&#8243;][vc_single_image image=&#8221;3688&#8243; img_size=&#8221;full&#8221; alignment=&#8221;center&#8221;][\/vc_column_inner][\/vc_row_inner][vc_column_text]<\/p>\n<p style=\"text-align: center;\"><a class=\"readon\" href=\"\/kontakt\/\">Kontakt &gt;&gt;&gt;<\/a><\/p>\n<p>[\/vc_column_text][\/vc_column][\/vc_row][vc_row css=&#8221;.vc_custom_1599031934410{margin-top: 0px !important;margin-bottom: 50px !important;padding-top: 50px !important;padding-right: 50px !important;padding-bottom: 50px !important;padding-left: 50px !important;background-color: #f7f7f7 !important;}&#8221; el_class=&#8221;rs-about1&#8243;][vc_column]\r\n        <div class=\"rs-heading   center\">\r\n        \t<div class=\"title-inner\">\r\n\t            \r\n\t            <h2>Struktury<\/h2>\r\n\t        <\/div><\/div>[vc_row_inner equal_height=&#8221;yes&#8221; content_placement=&#8221;middle&#8221;][vc_column_inner width=&#8221;1\/3&#8243;][vc_single_image image=&#8221;3689&#8243; img_size=&#8221;full&#8221; alignment=&#8221;center&#8221;][\/vc_column_inner][vc_column_inner width=&#8221;2\/3&#8243;][vc_column_text]Proponujemy Pa\u0144stwu du\u017cy wyb\u00f3r ta\u015bm posiadaj\u0105cych na swojej powierzchni r\u00f3\u017cnorodne struktury, kt\u00f3rych zastosowanie usprawnia transport materia\u0142\u00f3w w r\u00f3\u017cnych dziedzinach przemys\u0142u.[\/vc_column_text][\/vc_column_inner][\/vc_row_inner][vc_column_text]<\/p>\n<p style=\"text-align: center;\"><a class=\"readon\" href=\"\/kontakt\/\">Kontakt &gt;&gt;&gt;<\/a><\/p>\n<p>[\/vc_column_text][\/vc_column][\/vc_row][vc_row css=&#8221;.vc_custom_1599031934410{margin-top: 0px !important;margin-bottom: 50px !important;padding-top: 50px !important;padding-right: 50px !important;padding-bottom: 50px !important;padding-left: 50px !important;background-color: #f7f7f7 !important;}&#8221; el_class=&#8221;rs-about1&#8243;][vc_column]\r\n        <div class=\"rs-heading   center\">\r\n        \t<div class=\"title-inner\">\r\n\t            \r\n\t            <h2>Inne produkty<\/h2>\r\n\t        <\/div><\/div>[vc_row_inner equal_height=&#8221;yes&#8221; content_placement=&#8221;middle&#8221;][vc_column_inner width=&#8221;2\/3&#8243;][vc_column_text]Firma EUROTEX w ofercie posiada r\u00f3wnie\u017c:<\/p>\n<ul>\n<li>Profile prowadz\u0105ce<\/li>\n<li>Okleiny b\u0119bnowe<\/li>\n<\/ul>\n<p>[\/vc_column_text][\/vc_column_inner][vc_column_inner width=&#8221;1\/3&#8243;][vc_single_image image=&#8221;3682&#8243; img_size=&#8221;full&#8221; alignment=&#8221;center&#8221;][\/vc_column_inner][\/vc_row_inner][vc_column_text]<\/p>\n<p style=\"text-align: center;\"><a class=\"readon\" href=\"\/kontakt\/\">Kontakt &gt;&gt;&gt;<\/a><\/p>\n<p>[\/vc_column_text][\/vc_column][\/vc_row]<\/p>\n","protected":false},"excerpt":{"rendered":"<p>[vc_row css=&#8221;.vc_custom_1599030211582{margin-top: 180px !important;padding-top: 93px !important;padding-bottom: 20px !important;}&#8221;][vc_column][\/vc_column][\/vc_row][vc_row css=&#8221;.vc_custom_1599031934410{margin-top: 0px !important;margin-bottom: 50px !important;padding-top: 50px !important;padding-right: 50px !important;padding-bottom: 50px !important;padding-left: 50px&#8230;<\/p>\n","protected":false},"author":1,"featured_media":0,"parent":3654,"menu_order":0,"comment_status":"closed","ping_status":"closed","template":"","meta":[],"yoast_head":"<!-- This site is optimized with the Yoast SEO plugin v15.2 - https:\/\/yoast.com\/wordpress\/plugins\/seo\/ -->\n<title>Akcesoria - Ta\u015bmy transportuj\u0105ce i pasy nap\u0119dowe<\/title>\n<meta name=\"description\" content=\"Oferujemy akcesoria do ta\u015bm transportuj\u0105cych takie jak spinki metalowe i plastikowe, profile prowadz\u0105ce, okleiny b\u0119bnowe, antybakteryjne zabezpieczenie.\" \/>\n<meta name=\"robots\" content=\"index, follow, max-snippet:-1, max-image-preview:large, max-video-preview:-1\" \/>\n<link rel=\"canonical\" href=\"https:\/\/eurotexpoland.pl\/?page_id=3681\" \/>\n<meta property=\"og:locale\" content=\"pl_PL\" \/>\n<meta property=\"og:type\" content=\"article\" \/>\n<meta property=\"og:title\" content=\"Akcesoria - Ta\u015bmy transportuj\u0105ce i pasy nap\u0119dowe\" \/>\n<meta property=\"og:description\" content=\"Oferujemy akcesoria do ta\u015bm transportuj\u0105cych takie jak spinki metalowe i plastikowe, profile prowadz\u0105ce, okleiny b\u0119bnowe, antybakteryjne zabezpieczenie.\" \/>\n<meta property=\"og:url\" content=\"https:\/\/eurotexpoland.pl\/?page_id=3681\" \/>\n<meta property=\"og:site_name\" content=\"EUROTEX\" \/>\n<meta property=\"article:modified_time\" content=\"2020-10-29T12:13:28+00:00\" \/>\n<meta name=\"twitter:card\" content=\"summary_large_image\" \/>\n<meta name=\"twitter:label1\" value=\"Written by\">\n\t<meta name=\"twitter:data1\" value=\"admin\">\n\t<meta name=\"twitter:label2\" value=\"Est. reading time\">\n\t<meta name=\"twitter:data2\" value=\"5 minut\">\n<script type=\"application\/ld+json\" class=\"yoast-schema-graph\">{\"@context\":\"https:\/\/schema.org\",\"@graph\":[{\"@type\":\"WebSite\",\"@id\":\"https:\/\/eurotexpoland.pl\/#website\",\"url\":\"https:\/\/eurotexpoland.pl\/\",\"name\":\"EUROTEX\",\"description\":\"Ta\\u015bmy transportowe i pasy nap\\u0119dowe\",\"potentialAction\":[{\"@type\":\"SearchAction\",\"target\":\"https:\/\/eurotexpoland.pl\/?s={search_term_string}\",\"query-input\":\"required name=search_term_string\"}],\"inLanguage\":\"pl-PL\"},{\"@type\":\"WebPage\",\"@id\":\"https:\/\/eurotexpoland.pl\/?page_id=3681#webpage\",\"url\":\"https:\/\/eurotexpoland.pl\/?page_id=3681\",\"name\":\"Akcesoria - Ta\\u015bmy transportuj\\u0105ce i pasy nap\\u0119dowe\",\"isPartOf\":{\"@id\":\"https:\/\/eurotexpoland.pl\/#website\"},\"datePublished\":\"2020-09-02T10:09:26+00:00\",\"dateModified\":\"2020-10-29T12:13:28+00:00\",\"description\":\"Oferujemy akcesoria do ta\\u015bm transportuj\\u0105cych takie jak spinki metalowe i plastikowe, profile prowadz\\u0105ce, okleiny b\\u0119bnowe, antybakteryjne zabezpieczenie.\",\"inLanguage\":\"pl-PL\",\"potentialAction\":[{\"@type\":\"ReadAction\",\"target\":[\"https:\/\/eurotexpoland.pl\/?page_id=3681\"]}]}]}<\/script>\n<!-- \/ Yoast SEO plugin. -->","_links":{"self":[{"href":"https:\/\/eurotexpoland.pl\/index.php?rest_route=\/wp\/v2\/pages\/3681"}],"collection":[{"href":"https:\/\/eurotexpoland.pl\/index.php?rest_route=\/wp\/v2\/pages"}],"about":[{"href":"https:\/\/eurotexpoland.pl\/index.php?rest_route=\/wp\/v2\/types\/page"}],"author":[{"embeddable":true,"href":"https:\/\/eurotexpoland.pl\/index.php?rest_route=\/wp\/v2\/users\/1"}],"replies":[{"embeddable":true,"href":"https:\/\/eurotexpoland.pl\/index.php?rest_route=%2Fwp%2Fv2%2Fcomments&post=3681"}],"version-history":[{"count":5,"href":"https:\/\/eurotexpoland.pl\/index.php?rest_route=\/wp\/v2\/pages\/3681\/revisions"}],"predecessor-version":[{"id":3854,"href":"https:\/\/eurotexpoland.pl\/index.php?rest_route=\/wp\/v2\/pages\/3681\/revisions\/3854"}],"up":[{"embeddable":true,"href":"https:\/\/eurotexpoland.pl\/index.php?rest_route=\/wp\/v2\/pages\/3654"}],"wp:attachment":[{"href":"https:\/\/eurotexpoland.pl\/index.php?rest_route=%2Fwp%2Fv2%2Fmedia&parent=3681"}],"curies":[{"name":"wp","href":"https:\/\/api.w.org\/{rel}","templated":true}]}}