{"id":3692,"date":"2020-09-02T12:26:38","date_gmt":"2020-09-02T10:26:38","guid":{"rendered":"https:\/\/eurotexpoland.pl\/?page_id=3692"},"modified":"2020-10-29T13:16:32","modified_gmt":"2020-10-29T12:16:32","slug":"serwis","status":"publish","type":"page","link":"https:\/\/eurotexpoland.pl\/?page_id=3692","title":{"rendered":"Serwis"},"content":{"rendered":"<p>[vc_row css=&#8221;.vc_custom_1599030211582{margin-top: 180px !important;padding-top: 93px !important;padding-bottom: 20px !important;}&#8221;][vc_column]\r\n        <div class=\"rs-heading  border-style center\">\r\n        \t<div class=\"title-inner\">\r\n\t            \r\n\t            <h2>Serwis<\/h2>\r\n\t        <\/div><\/div>[vc_row_inner equal_height=&#8221;yes&#8221; content_placement=&#8221;middle&#8221;][vc_column_inner width=&#8221;1\/3&#8243;][vc_single_image image=&#8221;3693&#8243; img_size=&#8221;full&#8221; alignment=&#8221;center&#8221;][\/vc_column_inner][vc_column_inner width=&#8221;2\/3&#8243;][vc_column_text]Nasza firma zapewnia profesjonaln\u0105 wymian\u0119 ta\u015bm i pas\u00f3w u klienta, \u0142\u0105czenie ta\u015bm i pas\u00f3w przy u\u017cyciu sprz\u0119tu najnowszej generacji. Zajmujemy si\u0119 napraw\u0105 i konserwacj\u0105 urz\u0105dze\u0144 wyposa\u017conych w ta\u015bmy transportuj\u0105ce i pasy. Zapewniamy szybki dojazd do awarii oraz \u015bwiadczymy serwis 24h dla naszych klient\u00f3w.<\/p>\n<p><strong>KONTAKT<\/strong><br \/>\nTel: <a href=\"tel:+123574648\"> 12 357 46 48<\/a><br \/>\nE-mail: <a href=\"mailto:biuro@eurotexpoland.pl \">biuro@eurotexpoland.pl <\/a>[\/vc_column_text][\/vc_column_inner][\/vc_row_inner][vc_column_text]<\/p>\n<p style=\"text-align: center;\"><a class=\"readon\" href=\"\/kontakt\/\">Napisz do nas &gt;&gt;&gt;<\/a><\/p>\n<p>[\/vc_column_text][\/vc_column][\/vc_row][vc_row css=&#8221;.vc_custom_1599031934410{margin-top: 0px !important;margin-bottom: 50px !important;padding-top: 50px !important;padding-right: 50px !important;padding-bottom: 50px !important;padding-left: 50px !important;background-color: #f7f7f7 !important;}&#8221; el_id=&#8221;rs-about&#8221; el_class=&#8221;rs-about1&#8243;][vc_column]\r\n        <div class=\"rs-heading   center\">\r\n        \t<div class=\"title-inner\">\r\n\t            \r\n\t            <h2>Serwisujemy wiele rodzaj\u00f3w maszyn, mi\u0119dzy innymi:<\/h2>\r\n\t        <\/div><\/div>[vc_row_inner][vc_column_inner width=&#8221;1\/2&#8243;][vc_column_text]<\/p>\n<ul>\n<li>KBA Rapida 75 \u2013 5 St\u00f3\u0142 sp\u0142ywowy<\/li>\n<li>Bourg Booklet Maker E-series AGR-PA<\/li>\n<li>MBO Binder &amp; Co K66\/4KL<\/li>\n<li>GUK Falzmaschinen type K52\/4 KTL-5\/4<\/li>\n<li>GUK Falzmaschinen type K74\/4 KTLL-F4<\/li>\n<li>PamaTec type KSM 6030 Sk\u0142adarka<\/li>\n<li>Adast Dominat 715 (jednokolor\u00f3wka) St\u00f3\u0142 sp\u0142ywowy<\/li>\n<\/ul>\n<p>[\/vc_column_text][\/vc_column_inner][vc_column_inner width=&#8221;1\/2&#8243;][vc_column_text]<\/p>\n<ul>\n<li>Adast Dominat 526 P (jednokolor\u00f3wka) St\u00f3\u0142 sp\u0142ywowy<\/li>\n<li>Romayor 313 (jednokolor\u00f3wka) St\u00f3\u0142 sp\u0142ywowy<\/li>\n<li>MBO K52\/4KL Falcerka<\/li>\n<li>Sakurai Maestro 102 A Lakierka UV Sitodruk<\/li>\n<li>Sakurai Maestro 72 A Lakierka UV Sitodruk<\/li>\n<li>Billhoffer A-10-P (MTS 76) Foliarka<\/li>\n<li>Billhoffer EK-76 Foliarka dwusystemowa<\/li>\n<\/ul>\n<p>[\/vc_column_text][\/vc_column_inner][\/vc_row_inner][\/vc_column][\/vc_row]<\/p>\n","protected":false},"excerpt":{"rendered":"<p>[vc_row css=&#8221;.vc_custom_1599030211582{margin-top: 180px !important;padding-top: 93px !important;padding-bottom: 20px !important;}&#8221;][vc_column][vc_row_inner equal_height=&#8221;yes&#8221; content_placement=&#8221;middle&#8221;][vc_column_inner width=&#8221;1\/3&#8243;][vc_single_image image=&#8221;3693&#8243; img_size=&#8221;full&#8221; alignment=&#8221;center&#8221;][\/vc_column_inner][vc_column_inner width=&#8221;2\/3&#8243;][vc_column_text]Nasza firma zapewnia profesjonaln\u0105 wymian\u0119 ta\u015bm&#8230;<\/p>\n","protected":false},"author":1,"featured_media":0,"parent":3654,"menu_order":0,"comment_status":"closed","ping_status":"closed","template":"","meta":[],"yoast_head":"<!-- This site is optimized with the Yoast SEO plugin v15.2 - https:\/\/yoast.com\/wordpress\/plugins\/seo\/ -->\n<title>Serwis - Ta\u015bmy transportuj\u0105ce i pasy nap\u0119dowe<\/title>\n<meta name=\"description\" content=\"Nasza firma zapewnia profesjonaln\u0105 wymian\u0119 ta\u015bm i pas\u00f3w u klienta, \u0142\u0105czenie ta\u015bm i pas\u00f3w przy u\u017cyciu sprz\u0119tu najnowszej generacji.\" \/>\n<meta name=\"robots\" content=\"index, follow, max-snippet:-1, max-image-preview:large, max-video-preview:-1\" \/>\n<link rel=\"canonical\" href=\"https:\/\/eurotexpoland.pl\/?page_id=3692\" \/>\n<meta property=\"og:locale\" content=\"pl_PL\" \/>\n<meta property=\"og:type\" content=\"article\" \/>\n<meta property=\"og:title\" content=\"Serwis - Ta\u015bmy transportuj\u0105ce i pasy nap\u0119dowe\" \/>\n<meta property=\"og:description\" content=\"Nasza firma zapewnia profesjonaln\u0105 wymian\u0119 ta\u015bm i pas\u00f3w u klienta, \u0142\u0105czenie ta\u015bm i pas\u00f3w przy u\u017cyciu sprz\u0119tu najnowszej generacji.\" \/>\n<meta property=\"og:url\" content=\"https:\/\/eurotexpoland.pl\/?page_id=3692\" \/>\n<meta property=\"og:site_name\" content=\"EUROTEX\" \/>\n<meta property=\"article:modified_time\" content=\"2020-10-29T12:16:32+00:00\" \/>\n<meta name=\"twitter:card\" content=\"summary_large_image\" \/>\n<meta name=\"twitter:label1\" value=\"Written by\">\n\t<meta name=\"twitter:data1\" value=\"admin\">\n\t<meta name=\"twitter:label2\" value=\"Est. reading time\">\n\t<meta name=\"twitter:data2\" value=\"1 minuta\">\n<script type=\"application\/ld+json\" class=\"yoast-schema-graph\">{\"@context\":\"https:\/\/schema.org\",\"@graph\":[{\"@type\":\"WebSite\",\"@id\":\"https:\/\/eurotexpoland.pl\/#website\",\"url\":\"https:\/\/eurotexpoland.pl\/\",\"name\":\"EUROTEX\",\"description\":\"Ta\\u015bmy transportowe i pasy nap\\u0119dowe\",\"potentialAction\":[{\"@type\":\"SearchAction\",\"target\":\"https:\/\/eurotexpoland.pl\/?s={search_term_string}\",\"query-input\":\"required name=search_term_string\"}],\"inLanguage\":\"pl-PL\"},{\"@type\":\"WebPage\",\"@id\":\"https:\/\/eurotexpoland.pl\/?page_id=3692#webpage\",\"url\":\"https:\/\/eurotexpoland.pl\/?page_id=3692\",\"name\":\"Serwis - Ta\\u015bmy transportuj\\u0105ce i pasy nap\\u0119dowe\",\"isPartOf\":{\"@id\":\"https:\/\/eurotexpoland.pl\/#website\"},\"datePublished\":\"2020-09-02T10:26:38+00:00\",\"dateModified\":\"2020-10-29T12:16:32+00:00\",\"description\":\"Nasza firma zapewnia profesjonaln\\u0105 wymian\\u0119 ta\\u015bm i pas\\u00f3w u klienta, \\u0142\\u0105czenie ta\\u015bm i pas\\u00f3w przy u\\u017cyciu sprz\\u0119tu najnowszej generacji.\",\"inLanguage\":\"pl-PL\",\"potentialAction\":[{\"@type\":\"ReadAction\",\"target\":[\"https:\/\/eurotexpoland.pl\/?page_id=3692\"]}]}]}<\/script>\n<!-- \/ Yoast SEO plugin. -->","_links":{"self":[{"href":"https:\/\/eurotexpoland.pl\/index.php?rest_route=\/wp\/v2\/pages\/3692"}],"collection":[{"href":"https:\/\/eurotexpoland.pl\/index.php?rest_route=\/wp\/v2\/pages"}],"about":[{"href":"https:\/\/eurotexpoland.pl\/index.php?rest_route=\/wp\/v2\/types\/page"}],"author":[{"embeddable":true,"href":"https:\/\/eurotexpoland.pl\/index.php?rest_route=\/wp\/v2\/users\/1"}],"replies":[{"embeddable":true,"href":"https:\/\/eurotexpoland.pl\/index.php?rest_route=%2Fwp%2Fv2%2Fcomments&post=3692"}],"version-history":[{"count":2,"href":"https:\/\/eurotexpoland.pl\/index.php?rest_route=\/wp\/v2\/pages\/3692\/revisions"}],"predecessor-version":[{"id":3855,"href":"https:\/\/eurotexpoland.pl\/index.php?rest_route=\/wp\/v2\/pages\/3692\/revisions\/3855"}],"up":[{"embeddable":true,"href":"https:\/\/eurotexpoland.pl\/index.php?rest_route=\/wp\/v2\/pages\/3654"}],"wp:attachment":[{"href":"https:\/\/eurotexpoland.pl\/index.php?rest_route=%2Fwp%2Fv2%2Fmedia&parent=3692"}],"curies":[{"name":"wp","href":"https:\/\/api.w.org\/{rel}","templated":true}]}}