{"id":3703,"date":"2020-09-02T12:35:17","date_gmt":"2020-09-02T10:35:17","guid":{"rendered":"https:\/\/eurotexpoland.pl\/?page_id=3703"},"modified":"2020-10-29T13:25:08","modified_gmt":"2020-10-29T12:25:08","slug":"przemysl","status":"publish","type":"page","link":"https:\/\/eurotexpoland.pl\/?page_id=3703","title":{"rendered":"Przemys\u0142"},"content":{"rendered":"<p>[vc_row css=&#8221;.vc_custom_1599030211582{margin-top: 180px !important;padding-top: 93px !important;padding-bottom: 20px !important;}&#8221;][vc_column]\r\n        <div class=\"rs-heading  border-style center\">\r\n        \t<div class=\"title-inner\">\r\n\t            \r\n\t            <h2>Przemys\u0142<\/h2>\r\n\t        <\/div><\/div>[\/vc_column][\/vc_row][vc_row css=&#8221;.vc_custom_1599031934410{margin-top: 0px !important;margin-bottom: 50px !important;padding-top: 50px !important;padding-right: 50px !important;padding-bottom: 50px !important;padding-left: 50px !important;background-color: #f7f7f7 !important;}&#8221; el_id=&#8221;rs-about&#8221; el_class=&#8221;rs-about1&#8243;][vc_column][vc_row_inner][vc_column_inner width=&#8221;1\/3&#8243;][vc_column_text]<\/p>\n<h3><a href=\"\/przemysl\/spozywczy\/\">Spo\u017cywczy<\/a><\/h3>\n<ul>\n<li>Piekarniczy<\/li>\n<li>Mleczarski<\/li>\n<li>Mi\u0119sny<\/li>\n<li>Owocowo-warzywny<\/li>\n<\/ul>\n<p>[\/vc_column_text][\/vc_column_inner][vc_column_inner width=&#8221;1\/3&#8243;][vc_column_text]<\/p>\n<h3><a href=\"\/przemysl\/papierniczy\/\">Papierniczy<\/a><\/h3>\n<ul>\n<li>Drukarnie<\/li>\n<li>Sk\u0142ad pude\u0142ek<\/li>\n<li>Produkcja papieru<\/li>\n<\/ul>\n<p>[\/vc_column_text][\/vc_column_inner][vc_column_inner width=&#8221;1\/3&#8243;][vc_column_text]<\/p>\n<h3><a href=\"\/przemysl\/logistyka\/\">Logistyka<\/a><\/h3>\n<ul>\n<li>Sortowanie poczty<\/li>\n<li>Pasy p\u0142askie do nap\u0119du rolek<\/li>\n<li>Paski okr\u0105g\u0142e<\/li>\n<\/ul>\n<p>[\/vc_column_text][\/vc_column_inner][\/vc_row_inner][vc_row_inner][vc_column_inner width=&#8221;1\/3&#8243;][vc_column_text]<\/p>\n<h3><a href=\"\/przemysl\/tytoniowy\/\">Tytoniowy<\/a><\/h3>\n<p>[\/vc_column_text][\/vc_column_inner][vc_column_inner width=&#8221;1\/3&#8243;][vc_column_text]<\/p>\n<h3><a href=\"\/przemysl\/drzewny\/\">Drzewny<\/a><\/h3>\n<p>[\/vc_column_text][\/vc_column_inner][vc_column_inner width=&#8221;1\/3&#8243;][vc_column_text]<\/p>\n<h3><a href=\"\/przemysl\/lotniska\/\">Lotniska<\/a><\/h3>\n<p>[\/vc_column_text][\/vc_column_inner][\/vc_row_inner][\/vc_column][\/vc_row]<\/p>\n","protected":false},"excerpt":{"rendered":"<p>[vc_row css=&#8221;.vc_custom_1599030211582{margin-top: 180px !important;padding-top: 93px !important;padding-bottom: 20px !important;}&#8221;][vc_column][\/vc_column][\/vc_row][vc_row css=&#8221;.vc_custom_1599031934410{margin-top: 0px !important;margin-bottom: 50px !important;padding-top: 50px !important;padding-right: 50px !important;padding-bottom: 50px !important;padding-left: 50px&#8230;<\/p>\n","protected":false},"author":1,"featured_media":0,"parent":0,"menu_order":0,"comment_status":"closed","ping_status":"closed","template":"","meta":[],"yoast_head":"<!-- This site is optimized with the Yoast SEO plugin v15.2 - https:\/\/yoast.com\/wordpress\/plugins\/seo\/ -->\n<title>Przemys\u0142 \u00bb EUROTEX - Ta\u015bmy transportuj\u0105ce i pasy nap\u0119dowe<\/title>\n<meta name=\"description\" content=\"Nasze ta\u015bmy transportowe i pasy nap\u0119dowe s\u0105 stosowane w r\u00f3\u017cnych przemys\u0142ach, od przemys\u0142u spo\u017cywczego a\u017c po drzewny.\" \/>\n<meta name=\"robots\" content=\"index, follow, max-snippet:-1, max-image-preview:large, max-video-preview:-1\" \/>\n<link rel=\"canonical\" href=\"https:\/\/eurotexpoland.pl\/?page_id=3703\" \/>\n<meta property=\"og:locale\" content=\"pl_PL\" \/>\n<meta property=\"og:type\" content=\"article\" \/>\n<meta property=\"og:title\" content=\"Przemys\u0142 \u00bb EUROTEX - Ta\u015bmy transportuj\u0105ce i pasy nap\u0119dowe\" \/>\n<meta property=\"og:description\" content=\"Nasze ta\u015bmy transportowe i pasy nap\u0119dowe s\u0105 stosowane w r\u00f3\u017cnych przemys\u0142ach, od przemys\u0142u spo\u017cywczego a\u017c po drzewny.\" \/>\n<meta property=\"og:url\" content=\"https:\/\/eurotexpoland.pl\/?page_id=3703\" \/>\n<meta property=\"og:site_name\" content=\"EUROTEX\" \/>\n<meta property=\"article:modified_time\" content=\"2020-10-29T12:25:08+00:00\" \/>\n<meta name=\"twitter:card\" content=\"summary_large_image\" \/>\n<meta name=\"twitter:label1\" value=\"Written by\">\n\t<meta name=\"twitter:data1\" value=\"admin\">\n\t<meta name=\"twitter:label2\" value=\"Est. reading time\">\n\t<meta name=\"twitter:data2\" value=\"1 minuta\">\n<script type=\"application\/ld+json\" class=\"yoast-schema-graph\">{\"@context\":\"https:\/\/schema.org\",\"@graph\":[{\"@type\":\"WebSite\",\"@id\":\"https:\/\/eurotexpoland.pl\/#website\",\"url\":\"https:\/\/eurotexpoland.pl\/\",\"name\":\"EUROTEX\",\"description\":\"Ta\\u015bmy transportowe i pasy nap\\u0119dowe\",\"potentialAction\":[{\"@type\":\"SearchAction\",\"target\":\"https:\/\/eurotexpoland.pl\/?s={search_term_string}\",\"query-input\":\"required name=search_term_string\"}],\"inLanguage\":\"pl-PL\"},{\"@type\":\"WebPage\",\"@id\":\"https:\/\/eurotexpoland.pl\/?page_id=3703#webpage\",\"url\":\"https:\/\/eurotexpoland.pl\/?page_id=3703\",\"name\":\"Przemys\\u0142 \\u00bb EUROTEX - Ta\\u015bmy transportuj\\u0105ce i pasy nap\\u0119dowe\",\"isPartOf\":{\"@id\":\"https:\/\/eurotexpoland.pl\/#website\"},\"datePublished\":\"2020-09-02T10:35:17+00:00\",\"dateModified\":\"2020-10-29T12:25:08+00:00\",\"description\":\"Nasze ta\\u015bmy transportowe i pasy nap\\u0119dowe s\\u0105 stosowane w r\\u00f3\\u017cnych przemys\\u0142ach, od przemys\\u0142u spo\\u017cywczego a\\u017c po drzewny.\",\"inLanguage\":\"pl-PL\",\"potentialAction\":[{\"@type\":\"ReadAction\",\"target\":[\"https:\/\/eurotexpoland.pl\/?page_id=3703\"]}]}]}<\/script>\n<!-- \/ Yoast SEO plugin. -->","_links":{"self":[{"href":"https:\/\/eurotexpoland.pl\/index.php?rest_route=\/wp\/v2\/pages\/3703"}],"collection":[{"href":"https:\/\/eurotexpoland.pl\/index.php?rest_route=\/wp\/v2\/pages"}],"about":[{"href":"https:\/\/eurotexpoland.pl\/index.php?rest_route=\/wp\/v2\/types\/page"}],"author":[{"embeddable":true,"href":"https:\/\/eurotexpoland.pl\/index.php?rest_route=\/wp\/v2\/users\/1"}],"replies":[{"embeddable":true,"href":"https:\/\/eurotexpoland.pl\/index.php?rest_route=%2Fwp%2Fv2%2Fcomments&post=3703"}],"version-history":[{"count":4,"href":"https:\/\/eurotexpoland.pl\/index.php?rest_route=\/wp\/v2\/pages\/3703\/revisions"}],"predecessor-version":[{"id":3705,"href":"https:\/\/eurotexpoland.pl\/index.php?rest_route=\/wp\/v2\/pages\/3703\/revisions\/3705"}],"wp:attachment":[{"href":"https:\/\/eurotexpoland.pl\/index.php?rest_route=%2Fwp%2Fv2%2Fmedia&parent=3703"}],"curies":[{"name":"wp","href":"https:\/\/api.w.org\/{rel}","templated":true}]}}