{"id":3707,"date":"2020-09-02T12:47:59","date_gmt":"2020-09-02T10:47:59","guid":{"rendered":"https:\/\/eurotexpoland.pl\/?page_id=3707"},"modified":"2022-08-03T13:30:13","modified_gmt":"2022-08-03T11:30:13","slug":"spozywczy","status":"publish","type":"page","link":"https:\/\/eurotexpoland.pl\/?page_id=3707","title":{"rendered":"Przemys\u0142 spo\u017cywczy"},"content":{"rendered":"<p>[vc_row css=&#8221;.vc_custom_1599030211582{margin-top: 180px !important;padding-top: 93px !important;padding-bottom: 20px !important;}&#8221;][vc_column]\r\n        <div class=\"rs-heading  border-style center\">\r\n        \t<div class=\"title-inner\">\r\n\t            \r\n\t            <h2>Ta\u015bmy transportowe do przemys\u0142u spo\u017cywczego<\/h2>\r\n\t        <\/div><\/div>[\/vc_column][\/vc_row][vc_row css=&#8221;.vc_custom_1599031934410{margin-top: 0px !important;margin-bottom: 50px !important;padding-top: 50px !important;padding-right: 50px !important;padding-bottom: 50px !important;padding-left: 50px !important;background-color: #f7f7f7 !important;}&#8221; el_id=&#8221;rs-about&#8221; el_class=&#8221;rs-about1&#8243;][vc_column][vc_row_inner equal_height=&#8221;yes&#8221; content_placement=&#8221;middle&#8221;][vc_column_inner width=&#8221;3\/4&#8243;][vc_column_text]Dysponujemy wysoce wytrzyma\u0142ymi, odpornymi na \u015bcieranie i ci\u0119cie ta\u015bmami do zastosowania zar\u00f3wno w wysokich jak i niskich temperaturach, kt\u00f3re posiadaj\u0105 doskona\u0142\u0105 odporno\u015b\u0107 na t\u0142uszcze i oleje. Ta\u015bmy i pasy znajduj\u0105ce si\u0119 w naszej ofercie spe\u0142niaj\u0105 najwy\u017csze standardy FDA i PZH. Posiadamy ta\u015bmy antybakteryjne z mo\u017cliwo\u015bci\u0105 trwa\u0142ego zabezpieczenia brzeg\u00f3w Amseal. Nasze ta\u015bmy mog\u0105 by\u0107 wyposa\u017cone w r\u00f3\u017cne akcesoria (zabieraki, welkanty, profile prowadz\u0105ce), mog\u0105 tak\u017ce posiada\u0107 odpowiednie do danej aplikacji struktury.[\/vc_column_text][\/vc_column_inner][vc_column_inner width=&#8221;1\/4&#8243;][vc_images_carousel images=&#8221;3708,3709,3710,3711,3712,3713,3714&#8243; img_size=&#8221;150&#215;150&#8243; speed=&#8221;2000&#8243; autoplay=&#8221;yes&#8221; hide_prev_next_buttons=&#8221;yes&#8221; wrap=&#8221;yes&#8221;][\/vc_column_inner][\/vc_row_inner][vc_column_text]Proponujemy tak\u017ce du\u017cy wyb\u00f3r ta\u015bm modu\u0142owych oraz pas\u00f3w z\u0119batych, klinowych, okr\u0105g\u0142ych, pas\u00f3w in\u017cynieryjnych np. do pakowaczek typu pionowego czy przemys\u0142owej produkcji kie\u0142basy. Posiadamy ta\u015bmy filcowe, we\u0142niane. Nasze produkty wykorzystywane s\u0105 w poni\u017cszych bran\u017cach:<\/p>\n<p>Ta\u015bmy transportowe do przemys\u0142u spo\u017cywczego<\/p>\n<ul>\n<li>produkcja piekarnicza i cukiernicza,<\/li>\n<li>przetw\u00f3rstwo mi\u0119sa, drobiu i ryb,<\/li>\n<li>przetw\u00f3rstwo owoc\u00f3w i warzyw,<\/li>\n<li>produkcja mleczarska.<\/li>\n<\/ul>\n<p>[\/vc_column_text][vc_media_grid grid_id=&#8221;vc_gid:1659525998158-a568cb5e-4c9b-8&#8243; include=&#8221;4066,4061,4050,4056,4070,4054,4072,4068,4075,4057,4064&#8243;][\/vc_column][\/vc_row]<\/p>\n","protected":false},"excerpt":{"rendered":"<p>[vc_row css=&#8221;.vc_custom_1599030211582{margin-top: 180px !important;padding-top: 93px !important;padding-bottom: 20px !important;}&#8221;][vc_column][\/vc_column][\/vc_row][vc_row css=&#8221;.vc_custom_1599031934410{margin-top: 0px !important;margin-bottom: 50px !important;padding-top: 50px !important;padding-right: 50px !important;padding-bottom: 50px !important;padding-left: 50px&#8230;<\/p>\n","protected":false},"author":1,"featured_media":0,"parent":3703,"menu_order":0,"comment_status":"closed","ping_status":"closed","template":"","meta":[],"yoast_head":"<!-- This site is optimized with the Yoast SEO plugin v15.2 - https:\/\/yoast.com\/wordpress\/plugins\/seo\/ -->\n<title>Przemys\u0142 spo\u017cywczy - EUROTEX<\/title>\n<meta name=\"description\" content=\"Dysponujemy wysoce wytrzyma\u0142ymi, odpornymi na \u015bcieranie i ci\u0119cie ta\u015bmami do zastosowania zar\u00f3wno w wysokich jak i niskich temperaturach.\" \/>\n<meta name=\"robots\" content=\"index, follow, max-snippet:-1, max-image-preview:large, max-video-preview:-1\" \/>\n<link rel=\"canonical\" href=\"https:\/\/eurotexpoland.pl\/?page_id=3707\" \/>\n<meta property=\"og:locale\" content=\"pl_PL\" \/>\n<meta property=\"og:type\" content=\"article\" \/>\n<meta property=\"og:title\" content=\"Przemys\u0142 spo\u017cywczy - EUROTEX\" \/>\n<meta property=\"og:description\" content=\"Dysponujemy wysoce wytrzyma\u0142ymi, odpornymi na \u015bcieranie i ci\u0119cie ta\u015bmami do zastosowania zar\u00f3wno w wysokich jak i niskich temperaturach.\" \/>\n<meta property=\"og:url\" content=\"https:\/\/eurotexpoland.pl\/?page_id=3707\" \/>\n<meta property=\"og:site_name\" content=\"EUROTEX\" \/>\n<meta property=\"article:modified_time\" content=\"2022-08-03T11:30:13+00:00\" \/>\n<meta name=\"twitter:card\" content=\"summary_large_image\" \/>\n<meta name=\"twitter:label1\" value=\"Written by\">\n\t<meta name=\"twitter:data1\" value=\"admin\">\n\t<meta name=\"twitter:label2\" value=\"Est. reading time\">\n\t<meta name=\"twitter:data2\" value=\"1 minuta\">\n<script type=\"application\/ld+json\" class=\"yoast-schema-graph\">{\"@context\":\"https:\/\/schema.org\",\"@graph\":[{\"@type\":\"WebSite\",\"@id\":\"https:\/\/eurotexpoland.pl\/#website\",\"url\":\"https:\/\/eurotexpoland.pl\/\",\"name\":\"EUROTEX\",\"description\":\"Ta\\u015bmy transportowe i pasy nap\\u0119dowe\",\"potentialAction\":[{\"@type\":\"SearchAction\",\"target\":\"https:\/\/eurotexpoland.pl\/?s={search_term_string}\",\"query-input\":\"required name=search_term_string\"}],\"inLanguage\":\"pl-PL\"},{\"@type\":\"WebPage\",\"@id\":\"https:\/\/eurotexpoland.pl\/?page_id=3707#webpage\",\"url\":\"https:\/\/eurotexpoland.pl\/?page_id=3707\",\"name\":\"Przemys\\u0142 spo\\u017cywczy - EUROTEX\",\"isPartOf\":{\"@id\":\"https:\/\/eurotexpoland.pl\/#website\"},\"datePublished\":\"2020-09-02T10:47:59+00:00\",\"dateModified\":\"2022-08-03T11:30:13+00:00\",\"description\":\"Dysponujemy wysoce wytrzyma\\u0142ymi, odpornymi na \\u015bcieranie i ci\\u0119cie ta\\u015bmami do zastosowania zar\\u00f3wno w wysokich jak i niskich temperaturach.\",\"inLanguage\":\"pl-PL\",\"potentialAction\":[{\"@type\":\"ReadAction\",\"target\":[\"https:\/\/eurotexpoland.pl\/?page_id=3707\"]}]}]}<\/script>\n<!-- \/ Yoast SEO plugin. -->","_links":{"self":[{"href":"https:\/\/eurotexpoland.pl\/index.php?rest_route=\/wp\/v2\/pages\/3707"}],"collection":[{"href":"https:\/\/eurotexpoland.pl\/index.php?rest_route=\/wp\/v2\/pages"}],"about":[{"href":"https:\/\/eurotexpoland.pl\/index.php?rest_route=\/wp\/v2\/types\/page"}],"author":[{"embeddable":true,"href":"https:\/\/eurotexpoland.pl\/index.php?rest_route=\/wp\/v2\/users\/1"}],"replies":[{"embeddable":true,"href":"https:\/\/eurotexpoland.pl\/index.php?rest_route=%2Fwp%2Fv2%2Fcomments&post=3707"}],"version-history":[{"count":6,"href":"https:\/\/eurotexpoland.pl\/index.php?rest_route=\/wp\/v2\/pages\/3707\/revisions"}],"predecessor-version":[{"id":4084,"href":"https:\/\/eurotexpoland.pl\/index.php?rest_route=\/wp\/v2\/pages\/3707\/revisions\/4084"}],"up":[{"embeddable":true,"href":"https:\/\/eurotexpoland.pl\/index.php?rest_route=\/wp\/v2\/pages\/3703"}],"wp:attachment":[{"href":"https:\/\/eurotexpoland.pl\/index.php?rest_route=%2Fwp%2Fv2%2Fmedia&parent=3707"}],"curies":[{"name":"wp","href":"https:\/\/api.w.org\/{rel}","templated":true}]}}