{"id":3718,"date":"2020-09-02T12:53:13","date_gmt":"2020-09-02T10:53:13","guid":{"rendered":"https:\/\/eurotexpoland.pl\/?page_id=3718"},"modified":"2022-08-03T13:33:47","modified_gmt":"2022-08-03T11:33:47","slug":"tytoniowy","status":"publish","type":"page","link":"https:\/\/eurotexpoland.pl\/?page_id=3718","title":{"rendered":"Przemys\u0142 tytoniowy"},"content":{"rendered":"<p>[vc_row css=&#8221;.vc_custom_1599030211582{margin-top: 180px !important;padding-top: 93px !important;padding-bottom: 20px !important;}&#8221;][vc_column]\r\n        <div class=\"rs-heading  border-style center\">\r\n        \t<div class=\"title-inner\">\r\n\t            \r\n\t            <h2>Ta\u015bmy transportowe do przemys\u0142u tytoniowego<\/h2>\r\n\t        <\/div><\/div>[\/vc_column][\/vc_row][vc_row css=&#8221;.vc_custom_1599031934410{margin-top: 0px !important;margin-bottom: 50px !important;padding-top: 50px !important;padding-right: 50px !important;padding-bottom: 50px !important;padding-left: 50px !important;background-color: #f7f7f7 !important;}&#8221; el_id=&#8221;rs-about&#8221; el_class=&#8221;rs-about1&#8243;][vc_column][vc_row_inner equal_height=&#8221;yes&#8221; content_placement=&#8221;middle&#8221;][vc_column_inner width=&#8221;3\/4&#8243;][vc_column_text]Oferujemy ta\u015bmy procesowe i transportuj\u0105ce do \u015bwie\u017cego tytoniu jak i do zastosowa\u0144 od przetw\u00f3rstwa pierwotnego do produkcji wt\u00f3rnej. Ta\u015bmy te spe\u0142niaj\u0105 restrykcyjne normy FDA i UE \u2013 nie zawieraj\u0105 mieszanek fluoru, azotu i siarki. Charakteryzuj\u0105 si\u0119 d\u0142ug\u0105 \u017cywotno\u015bci\u0105, wysok\u0105 odporno\u015bci\u0105 na \u015brodki chemiczne, zapewniaj\u0105 niski poziom ha\u0142asu i \u0142atwe czyszczenie. S\u0105 dost\u0119pne z r\u00f3\u017cnymi strukturami umo\u017cliwiaj\u0105cymi transport pod k\u0105tem.[\/vc_column_text][\/vc_column_inner][vc_column_inner width=&#8221;1\/4&#8243;][vc_single_image image=&#8221;3719&#8243; img_size=&#8221;full&#8221; alignment=&#8221;center&#8221; onclick=&#8221;img_link_large&#8221; img_link_target=&#8221;_blank&#8221;][\/vc_column_inner][\/vc_row_inner][vc_media_grid grid_id=&#8221;vc_gid:1659526366411-2c1094ec-3cd5-5&#8243; include=&#8221;4056,4057,4066,4070,4076,4074,4073,4067,4060,4051,4044&#8243;][\/vc_column][\/vc_row]<\/p>\n","protected":false},"excerpt":{"rendered":"<p>[vc_row css=&#8221;.vc_custom_1599030211582{margin-top: 180px !important;padding-top: 93px !important;padding-bottom: 20px !important;}&#8221;][vc_column][\/vc_column][\/vc_row][vc_row css=&#8221;.vc_custom_1599031934410{margin-top: 0px !important;margin-bottom: 50px !important;padding-top: 50px !important;padding-right: 50px !important;padding-bottom: 50px !important;padding-left: 50px&#8230;<\/p>\n","protected":false},"author":1,"featured_media":0,"parent":3703,"menu_order":0,"comment_status":"closed","ping_status":"closed","template":"","meta":[],"yoast_head":"<!-- This site is optimized with the Yoast SEO plugin v15.2 - https:\/\/yoast.com\/wordpress\/plugins\/seo\/ -->\n<title>Przemys\u0142 tytoniowy - EUROTEX<\/title>\n<meta name=\"description\" content=\"Oferujemy ta\u015bmy procesowe i transportuj\u0105ce do \u015bwie\u017cego tytoniu jak i do zastosowa\u0144 od przetw\u00f3rstwa pierwotnego do produkcji wt\u00f3rnej.\" \/>\n<meta name=\"robots\" content=\"index, follow, max-snippet:-1, max-image-preview:large, max-video-preview:-1\" \/>\n<link rel=\"canonical\" href=\"https:\/\/eurotexpoland.pl\/?page_id=3718\" \/>\n<meta property=\"og:locale\" content=\"pl_PL\" \/>\n<meta property=\"og:type\" content=\"article\" \/>\n<meta property=\"og:title\" content=\"Przemys\u0142 tytoniowy - EUROTEX\" \/>\n<meta property=\"og:description\" content=\"Oferujemy ta\u015bmy procesowe i transportuj\u0105ce do \u015bwie\u017cego tytoniu jak i do zastosowa\u0144 od przetw\u00f3rstwa pierwotnego do produkcji wt\u00f3rnej.\" \/>\n<meta property=\"og:url\" content=\"https:\/\/eurotexpoland.pl\/?page_id=3718\" \/>\n<meta property=\"og:site_name\" content=\"EUROTEX\" \/>\n<meta property=\"article:modified_time\" content=\"2022-08-03T11:33:47+00:00\" \/>\n<meta name=\"twitter:card\" content=\"summary_large_image\" \/>\n<meta name=\"twitter:label1\" value=\"Written by\">\n\t<meta name=\"twitter:data1\" value=\"admin\">\n\t<meta name=\"twitter:label2\" value=\"Est. reading time\">\n\t<meta name=\"twitter:data2\" value=\"1 minuta\">\n<script type=\"application\/ld+json\" class=\"yoast-schema-graph\">{\"@context\":\"https:\/\/schema.org\",\"@graph\":[{\"@type\":\"WebSite\",\"@id\":\"https:\/\/eurotexpoland.pl\/#website\",\"url\":\"https:\/\/eurotexpoland.pl\/\",\"name\":\"EUROTEX\",\"description\":\"Ta\\u015bmy transportowe i pasy nap\\u0119dowe\",\"potentialAction\":[{\"@type\":\"SearchAction\",\"target\":\"https:\/\/eurotexpoland.pl\/?s={search_term_string}\",\"query-input\":\"required name=search_term_string\"}],\"inLanguage\":\"pl-PL\"},{\"@type\":\"WebPage\",\"@id\":\"https:\/\/eurotexpoland.pl\/?page_id=3718#webpage\",\"url\":\"https:\/\/eurotexpoland.pl\/?page_id=3718\",\"name\":\"Przemys\\u0142 tytoniowy - EUROTEX\",\"isPartOf\":{\"@id\":\"https:\/\/eurotexpoland.pl\/#website\"},\"datePublished\":\"2020-09-02T10:53:13+00:00\",\"dateModified\":\"2022-08-03T11:33:47+00:00\",\"description\":\"Oferujemy ta\\u015bmy procesowe i transportuj\\u0105ce do \\u015bwie\\u017cego tytoniu jak i do zastosowa\\u0144 od przetw\\u00f3rstwa pierwotnego do produkcji wt\\u00f3rnej.\",\"inLanguage\":\"pl-PL\",\"potentialAction\":[{\"@type\":\"ReadAction\",\"target\":[\"https:\/\/eurotexpoland.pl\/?page_id=3718\"]}]}]}<\/script>\n<!-- \/ Yoast SEO plugin. -->","_links":{"self":[{"href":"https:\/\/eurotexpoland.pl\/index.php?rest_route=\/wp\/v2\/pages\/3718"}],"collection":[{"href":"https:\/\/eurotexpoland.pl\/index.php?rest_route=\/wp\/v2\/pages"}],"about":[{"href":"https:\/\/eurotexpoland.pl\/index.php?rest_route=\/wp\/v2\/types\/page"}],"author":[{"embeddable":true,"href":"https:\/\/eurotexpoland.pl\/index.php?rest_route=\/wp\/v2\/users\/1"}],"replies":[{"embeddable":true,"href":"https:\/\/eurotexpoland.pl\/index.php?rest_route=%2Fwp%2Fv2%2Fcomments&post=3718"}],"version-history":[{"count":5,"href":"https:\/\/eurotexpoland.pl\/index.php?rest_route=\/wp\/v2\/pages\/3718\/revisions"}],"predecessor-version":[{"id":4086,"href":"https:\/\/eurotexpoland.pl\/index.php?rest_route=\/wp\/v2\/pages\/3718\/revisions\/4086"}],"up":[{"embeddable":true,"href":"https:\/\/eurotexpoland.pl\/index.php?rest_route=\/wp\/v2\/pages\/3703"}],"wp:attachment":[{"href":"https:\/\/eurotexpoland.pl\/index.php?rest_route=%2Fwp%2Fv2%2Fmedia&parent=3718"}],"curies":[{"name":"wp","href":"https:\/\/api.w.org\/{rel}","templated":true}]}}