{"id":3727,"date":"2020-09-02T13:00:04","date_gmt":"2020-09-02T11:00:04","guid":{"rendered":"https:\/\/eurotexpoland.pl\/?page_id=3727"},"modified":"2022-08-03T13:38:11","modified_gmt":"2022-08-03T11:38:11","slug":"drzewny","status":"publish","type":"page","link":"https:\/\/eurotexpoland.pl\/?page_id=3727","title":{"rendered":"Przemys\u0142 drzewny"},"content":{"rendered":"<p>[vc_row css=&#8221;.vc_custom_1599030211582{margin-top: 180px !important;padding-top: 93px !important;padding-bottom: 20px !important;}&#8221;][vc_column]\r\n        <div class=\"rs-heading  border-style center\">\r\n        \t<div class=\"title-inner\">\r\n\t            \r\n\t            <h2>Ta\u015bmy transportowe do przemys\u0142u drzewnego<\/h2>\r\n\t        <\/div><\/div>[\/vc_column][\/vc_row][vc_row css=&#8221;.vc_custom_1599031934410{margin-top: 0px !important;margin-bottom: 50px !important;padding-top: 50px !important;padding-right: 50px !important;padding-bottom: 50px !important;padding-left: 50px !important;background-color: #f7f7f7 !important;}&#8221; el_id=&#8221;rs-about&#8221; el_class=&#8221;rs-about1&#8243;][vc_column][vc_row_inner equal_height=&#8221;yes&#8221; content_placement=&#8221;middle&#8221;][vc_column_inner width=&#8221;3\/4&#8243;][vc_column_text]Nasza oferta obejmuje pe\u0142n\u0105 gam\u0119 wysokowydajnych i wytrzyma\u0142ych ta\u015bm i pas\u00f3w, kt\u00f3re potrafi\u0105 wype\u0142ni\u0107 specyficzne wymagania tej bran\u017cy na ka\u017cdym etapie obr\u00f3bki drewna.[\/vc_column_text][\/vc_column_inner][vc_column_inner width=&#8221;1\/4&#8243;][vc_single_image image=&#8221;3728&#8243; img_size=&#8221;full&#8221; alignment=&#8221;center&#8221; onclick=&#8221;img_link_large&#8221; img_link_target=&#8221;_blank&#8221;][\/vc_column_inner][\/vc_row_inner][vc_media_grid grid_id=&#8221;vc_gid:1659526651675-3db9979e-b28b-8&#8243; include=&#8221;4077,4070,4059,4056,4053,4048,4069,4063,3607,3570&#8243;][\/vc_column][\/vc_row]<\/p>\n","protected":false},"excerpt":{"rendered":"<p>[vc_row css=&#8221;.vc_custom_1599030211582{margin-top: 180px !important;padding-top: 93px !important;padding-bottom: 20px !important;}&#8221;][vc_column][\/vc_column][\/vc_row][vc_row css=&#8221;.vc_custom_1599031934410{margin-top: 0px !important;margin-bottom: 50px !important;padding-top: 50px !important;padding-right: 50px !important;padding-bottom: 50px !important;padding-left: 50px&#8230;<\/p>\n","protected":false},"author":1,"featured_media":0,"parent":3703,"menu_order":0,"comment_status":"closed","ping_status":"closed","template":"","meta":[],"yoast_head":"<!-- This site is optimized with the Yoast SEO plugin v15.2 - https:\/\/yoast.com\/wordpress\/plugins\/seo\/ -->\n<title>Przemys\u0142 drzewny - EUROTEX<\/title>\n<meta name=\"description\" content=\"Nasza oferta obejmuje pe\u0142n\u0105 gam\u0119 wysokowydajnych i wytrzyma\u0142ych ta\u015bm i pas\u00f3w, kt\u00f3re potrafi\u0105 wype\u0142ni\u0107 specyficzne wymagania tej bran\u017cy na ka\u017cdym etapie.\" \/>\n<meta name=\"robots\" content=\"index, follow, max-snippet:-1, max-image-preview:large, max-video-preview:-1\" \/>\n<link rel=\"canonical\" href=\"https:\/\/eurotexpoland.pl\/?page_id=3727\" \/>\n<meta property=\"og:locale\" content=\"pl_PL\" \/>\n<meta property=\"og:type\" content=\"article\" \/>\n<meta property=\"og:title\" content=\"Przemys\u0142 drzewny - EUROTEX\" \/>\n<meta property=\"og:description\" content=\"Nasza oferta obejmuje pe\u0142n\u0105 gam\u0119 wysokowydajnych i wytrzyma\u0142ych ta\u015bm i pas\u00f3w, kt\u00f3re potrafi\u0105 wype\u0142ni\u0107 specyficzne wymagania tej bran\u017cy na ka\u017cdym etapie.\" \/>\n<meta property=\"og:url\" content=\"https:\/\/eurotexpoland.pl\/?page_id=3727\" \/>\n<meta property=\"og:site_name\" content=\"EUROTEX\" \/>\n<meta property=\"article:modified_time\" content=\"2022-08-03T11:38:11+00:00\" \/>\n<meta name=\"twitter:card\" content=\"summary_large_image\" \/>\n<meta name=\"twitter:label1\" value=\"Written by\">\n\t<meta name=\"twitter:data1\" value=\"admin\">\n\t<meta name=\"twitter:label2\" value=\"Est. reading time\">\n\t<meta name=\"twitter:data2\" value=\"1 minuta\">\n<script type=\"application\/ld+json\" class=\"yoast-schema-graph\">{\"@context\":\"https:\/\/schema.org\",\"@graph\":[{\"@type\":\"WebSite\",\"@id\":\"https:\/\/eurotexpoland.pl\/#website\",\"url\":\"https:\/\/eurotexpoland.pl\/\",\"name\":\"EUROTEX\",\"description\":\"Ta\\u015bmy transportowe i pasy nap\\u0119dowe\",\"potentialAction\":[{\"@type\":\"SearchAction\",\"target\":\"https:\/\/eurotexpoland.pl\/?s={search_term_string}\",\"query-input\":\"required name=search_term_string\"}],\"inLanguage\":\"pl-PL\"},{\"@type\":\"WebPage\",\"@id\":\"https:\/\/eurotexpoland.pl\/?page_id=3727#webpage\",\"url\":\"https:\/\/eurotexpoland.pl\/?page_id=3727\",\"name\":\"Przemys\\u0142 drzewny - EUROTEX\",\"isPartOf\":{\"@id\":\"https:\/\/eurotexpoland.pl\/#website\"},\"datePublished\":\"2020-09-02T11:00:04+00:00\",\"dateModified\":\"2022-08-03T11:38:11+00:00\",\"description\":\"Nasza oferta obejmuje pe\\u0142n\\u0105 gam\\u0119 wysokowydajnych i wytrzyma\\u0142ych ta\\u015bm i pas\\u00f3w, kt\\u00f3re potrafi\\u0105 wype\\u0142ni\\u0107 specyficzne wymagania tej bran\\u017cy na ka\\u017cdym etapie.\",\"inLanguage\":\"pl-PL\",\"potentialAction\":[{\"@type\":\"ReadAction\",\"target\":[\"https:\/\/eurotexpoland.pl\/?page_id=3727\"]}]}]}<\/script>\n<!-- \/ Yoast SEO plugin. -->","_links":{"self":[{"href":"https:\/\/eurotexpoland.pl\/index.php?rest_route=\/wp\/v2\/pages\/3727"}],"collection":[{"href":"https:\/\/eurotexpoland.pl\/index.php?rest_route=\/wp\/v2\/pages"}],"about":[{"href":"https:\/\/eurotexpoland.pl\/index.php?rest_route=\/wp\/v2\/types\/page"}],"author":[{"embeddable":true,"href":"https:\/\/eurotexpoland.pl\/index.php?rest_route=\/wp\/v2\/users\/1"}],"replies":[{"embeddable":true,"href":"https:\/\/eurotexpoland.pl\/index.php?rest_route=%2Fwp%2Fv2%2Fcomments&post=3727"}],"version-history":[{"count":2,"href":"https:\/\/eurotexpoland.pl\/index.php?rest_route=\/wp\/v2\/pages\/3727\/revisions"}],"predecessor-version":[{"id":4089,"href":"https:\/\/eurotexpoland.pl\/index.php?rest_route=\/wp\/v2\/pages\/3727\/revisions\/4089"}],"up":[{"embeddable":true,"href":"https:\/\/eurotexpoland.pl\/index.php?rest_route=\/wp\/v2\/pages\/3703"}],"wp:attachment":[{"href":"https:\/\/eurotexpoland.pl\/index.php?rest_route=%2Fwp%2Fv2%2Fmedia&parent=3727"}],"curies":[{"name":"wp","href":"https:\/\/api.w.org\/{rel}","templated":true}]}}