{"id":3835,"date":"2020-09-02T14:18:39","date_gmt":"2020-09-02T12:18:39","guid":{"rendered":"https:\/\/eurotexpoland.pl\/?page_id=3835"},"modified":"2020-09-02T14:33:10","modified_gmt":"2020-09-02T12:33:10","slug":"dobor-tasm-i-pasow","status":"publish","type":"page","link":"https:\/\/eurotexpoland.pl\/?page_id=3835","title":{"rendered":"Dob\u00f3r ta\u015bm i pas\u00f3w"},"content":{"rendered":"<p>[vc_row css=&#8221;.vc_custom_1599030211582{margin-top: 180px !important;padding-top: 93px !important;padding-bottom: 20px !important;}&#8221;][vc_column]\r\n        <div class=\"rs-heading  border-style center\">\r\n        \t<div class=\"title-inner\">\r\n\t            \r\n\t            <h2>Dob\u00f3r ta\u015bm i pas\u00f3w<\/h2>\r\n\t        <\/div><div class=\"description\"><p>Prosimy o wype\u0142nienie internetowego formularza \u2013 pomo\u017ce nam to w doborze odpowiedniej ta\u015bmy \/ pasa nap\u0119dowego dla Pa\u0144stwa dzia\u0142alno\u015bci.<\/p>\n<p>Po udanym przes\u0142aniu zapytania skontaktujemy si\u0119 z Pa\u0144stwem w celu ustalenia szczeg\u00f3\u0142\u00f3w \u2013 w tym celu prosimy o wpisanie swoich danych kontaktowych.<\/p><\/div><\/div>[vc_row_inner equal_height=&#8221;yes&#8221; content_placement=&#8221;middle&#8221;][vc_column_inner width=&#8221;1\/2&#8243;][vc_column_text]<\/p>\n<p style=\"text-align: center;\"><a class=\"readon\" href=\"\/dobor-tasm-i-pasow\/dobor-tasm\/\">Formularz doboru ta\u015bmy transportuj\u0105cej \u2013 wersja online &gt;&gt;&gt;<\/a><\/p>\n<p>[\/vc_column_text][\/vc_column_inner][vc_column_inner width=&#8221;1\/2&#8243;][vc_column_text]<\/p>\n<p style=\"text-align: center;\"><a class=\"readon\" href=\"\/dobor-tasm-i-pasow\/dobor-pasow\/\">Formularz doboru pasa nap\u0119dowego \u2013 wersja online &gt;&gt;&gt;<\/a><\/p>\n<p>[\/vc_column_text][\/vc_column_inner][\/vc_row_inner][\/vc_column][\/vc_row]<\/p>\n","protected":false},"excerpt":{"rendered":"<p>[vc_row css=&#8221;.vc_custom_1599030211582{margin-top: 180px !important;padding-top: 93px !important;padding-bottom: 20px !important;}&#8221;][vc_column][vc_row_inner equal_height=&#8221;yes&#8221; content_placement=&#8221;middle&#8221;][vc_column_inner width=&#8221;1\/2&#8243;][vc_column_text] Formularz doboru ta\u015bmy transportuj\u0105cej \u2013 wersja online &gt;&gt;&gt; [\/vc_column_text][\/vc_column_inner][vc_column_inner&#8230;<\/p>\n","protected":false},"author":1,"featured_media":0,"parent":0,"menu_order":0,"comment_status":"closed","ping_status":"closed","template":"","meta":[],"yoast_head":"<!-- This site is optimized with the Yoast SEO plugin v15.2 - https:\/\/yoast.com\/wordpress\/plugins\/seo\/ -->\n<title>Dob\u00f3r ta\u015bm i pas\u00f3w - EUROTEX<\/title>\n<meta name=\"robots\" content=\"index, follow, max-snippet:-1, max-image-preview:large, max-video-preview:-1\" \/>\n<link rel=\"canonical\" href=\"https:\/\/eurotexpoland.pl\/?page_id=3835\" \/>\n<meta property=\"og:locale\" content=\"pl_PL\" \/>\n<meta property=\"og:type\" content=\"article\" \/>\n<meta property=\"og:title\" content=\"Dob\u00f3r ta\u015bm i pas\u00f3w - EUROTEX\" \/>\n<meta property=\"og:description\" content=\"[vc_row css=&#8221;.vc_custom_1599030211582{margin-top: 180px !important;padding-top: 93px !important;padding-bottom: 20px !important;}&#8221;][vc_column][vc_row_inner equal_height=&#8221;yes&#8221; content_placement=&#8221;middle&#8221;][vc_column_inner width=&#8221;1\/2&#8243;][vc_column_text] Formularz doboru ta\u015bmy transportuj\u0105cej \u2013 wersja online &gt;&gt;&gt; [\/vc_column_text][\/vc_column_inner][vc_column_inner...\" \/>\n<meta property=\"og:url\" content=\"https:\/\/eurotexpoland.pl\/?page_id=3835\" \/>\n<meta property=\"og:site_name\" content=\"EUROTEX\" \/>\n<meta property=\"article:modified_time\" content=\"2020-09-02T12:33:10+00:00\" \/>\n<meta name=\"twitter:card\" content=\"summary_large_image\" \/>\n<meta name=\"twitter:label1\" value=\"Written by\">\n\t<meta name=\"twitter:data1\" value=\"admin\">\n\t<meta name=\"twitter:label2\" value=\"Est. reading time\">\n\t<meta name=\"twitter:data2\" value=\"1 minuta\">\n<script type=\"application\/ld+json\" class=\"yoast-schema-graph\">{\"@context\":\"https:\/\/schema.org\",\"@graph\":[{\"@type\":\"WebSite\",\"@id\":\"https:\/\/eurotexpoland.pl\/#website\",\"url\":\"https:\/\/eurotexpoland.pl\/\",\"name\":\"EUROTEX\",\"description\":\"Ta\\u015bmy transportowe i pasy nap\\u0119dowe\",\"potentialAction\":[{\"@type\":\"SearchAction\",\"target\":\"https:\/\/eurotexpoland.pl\/?s={search_term_string}\",\"query-input\":\"required name=search_term_string\"}],\"inLanguage\":\"pl-PL\"},{\"@type\":\"WebPage\",\"@id\":\"https:\/\/eurotexpoland.pl\/?page_id=3835#webpage\",\"url\":\"https:\/\/eurotexpoland.pl\/?page_id=3835\",\"name\":\"Dob\\u00f3r ta\\u015bm i pas\\u00f3w - EUROTEX\",\"isPartOf\":{\"@id\":\"https:\/\/eurotexpoland.pl\/#website\"},\"datePublished\":\"2020-09-02T12:18:39+00:00\",\"dateModified\":\"2020-09-02T12:33:10+00:00\",\"inLanguage\":\"pl-PL\",\"potentialAction\":[{\"@type\":\"ReadAction\",\"target\":[\"https:\/\/eurotexpoland.pl\/?page_id=3835\"]}]}]}<\/script>\n<!-- \/ Yoast SEO plugin. -->","_links":{"self":[{"href":"https:\/\/eurotexpoland.pl\/index.php?rest_route=\/wp\/v2\/pages\/3835"}],"collection":[{"href":"https:\/\/eurotexpoland.pl\/index.php?rest_route=\/wp\/v2\/pages"}],"about":[{"href":"https:\/\/eurotexpoland.pl\/index.php?rest_route=\/wp\/v2\/types\/page"}],"author":[{"embeddable":true,"href":"https:\/\/eurotexpoland.pl\/index.php?rest_route=\/wp\/v2\/users\/1"}],"replies":[{"embeddable":true,"href":"https:\/\/eurotexpoland.pl\/index.php?rest_route=%2Fwp%2Fv2%2Fcomments&post=3835"}],"version-history":[{"count":3,"href":"https:\/\/eurotexpoland.pl\/index.php?rest_route=\/wp\/v2\/pages\/3835\/revisions"}],"predecessor-version":[{"id":3842,"href":"https:\/\/eurotexpoland.pl\/index.php?rest_route=\/wp\/v2\/pages\/3835\/revisions\/3842"}],"wp:attachment":[{"href":"https:\/\/eurotexpoland.pl\/index.php?rest_route=%2Fwp%2Fv2%2Fmedia&parent=3835"}],"curies":[{"name":"wp","href":"https:\/\/api.w.org\/{rel}","templated":true}]}}