{"id":3861,"date":"2020-09-03T14:36:55","date_gmt":"2020-09-03T12:36:55","guid":{"rendered":"https:\/\/eurotexpoland.pl\/?page_id=3861"},"modified":"2020-09-03T14:36:55","modified_gmt":"2020-09-03T12:36:55","slug":"oferta-pracy-pracownik-serwisu","status":"publish","type":"page","link":"https:\/\/eurotexpoland.pl\/?page_id=3861","title":{"rendered":"Pracownik serwisu"},"content":{"rendered":"<p>[vc_row css=&#8221;.vc_custom_1599030211582{margin-top: 180px !important;padding-top: 93px !important;padding-bottom: 20px !important;}&#8221;][vc_column]\r\n        <div class=\"rs-heading  border-style center\">\r\n        \t<div class=\"title-inner\">\r\n\t            \r\n\t            <h2>OFERTA PRACY<\/h2>\r\n\t        <\/div><div class=\"description\"><p>PRACOWNIK SERWISU SKAWINA<\/p><\/div><\/div>[vc_row_inner equal_height=&#8221;yes&#8221; content_placement=&#8221;middle&#8221;][vc_column_inner width=&#8221;1\/2&#8243;][vc_column_text]<\/p>\n<h3 style=\"text-align: left;\">Oferujemy<\/h3>\n<p style=\"text-align: left;\">Sta\u0142\u0105 prac\u0119, daj\u0105c\u0105 mo\u017cliwo\u015b\u0107 zdobycia nowego zawodu, podnoszenia kwalifikacji i sta\u0142ego rozwoju. Dodatkowo oferujemy atrakcyjne warunki i godziny pracy.<\/p>\n<p>[\/vc_column_text][\/vc_column_inner][vc_column_inner width=&#8221;1\/2&#8243;][vc_column_text]<\/p>\n<h3 style=\"text-align: left;\">Kwalifikacje<\/h3>\n<p>\u2013 wykszta\u0142cenie min. zawodowe (preferowany profil techniczny)<br \/>\n\u2013 praca na stanowisku zwi\u0105zanym z wykonywaniem ta\u015bm transportowych i ich monta\u017cem na urz\u0105dzeniach<br \/>\n\u2013 umiej\u0119tno\u015b\u0107 wykonywania drobnych napraw mechanicznych[\/vc_column_text][\/vc_column_inner][\/vc_row_inner][vc_column_text]<\/p>\n<h3>Je\u015bli<\/h3>\n<p>\u2013 jeste\u015b osob\u0105 dok\u0142adn\u0105 i odpowiedzialn\u0105<br \/>\n\u2013 szybko si\u0119 uczysz<br \/>\n\u2013 chcesz doskonali\u0107 swoje umiej\u0119tno\u015bci i wiedz\u0119<br \/>\n\u2013 jeste\u015b osob\u0105 zorganizowan\u0105, m\u0142od\u0105 i dyspozycyjn\u0105<\/p>\n<p style=\"text-align: center;\"><strong>Prze\u015blij do nas CV na adres e-mail:<\/strong><br \/>\n<strong>serwis@eurotexpoland.pl<\/strong><\/p>\n<p>[\/vc_column_text][\/vc_column][\/vc_row]<\/p>\n","protected":false},"excerpt":{"rendered":"<p>[vc_row css=&#8221;.vc_custom_1599030211582{margin-top: 180px !important;padding-top: 93px !important;padding-bottom: 20px !important;}&#8221;][vc_column][vc_row_inner equal_height=&#8221;yes&#8221; content_placement=&#8221;middle&#8221;][vc_column_inner width=&#8221;1\/2&#8243;][vc_column_text] Oferujemy Sta\u0142\u0105 prac\u0119, daj\u0105c\u0105 mo\u017cliwo\u015b\u0107 zdobycia nowego zawodu, podnoszenia&#8230;<\/p>\n","protected":false},"author":1,"featured_media":0,"parent":3859,"menu_order":0,"comment_status":"closed","ping_status":"closed","template":"","meta":[],"yoast_head":"<!-- This site is optimized with the Yoast SEO plugin v15.2 - https:\/\/yoast.com\/wordpress\/plugins\/seo\/ -->\n<title>Pracownik serwisu - EUROTEX<\/title>\n<meta name=\"robots\" content=\"index, follow, max-snippet:-1, max-image-preview:large, max-video-preview:-1\" \/>\n<link rel=\"canonical\" href=\"https:\/\/eurotexpoland.pl\/?page_id=3861\" \/>\n<meta property=\"og:locale\" content=\"pl_PL\" \/>\n<meta property=\"og:type\" content=\"article\" \/>\n<meta property=\"og:title\" content=\"Pracownik serwisu - EUROTEX\" \/>\n<meta property=\"og:description\" content=\"[vc_row css=&#8221;.vc_custom_1599030211582{margin-top: 180px !important;padding-top: 93px !important;padding-bottom: 20px !important;}&#8221;][vc_column][vc_row_inner equal_height=&#8221;yes&#8221; content_placement=&#8221;middle&#8221;][vc_column_inner width=&#8221;1\/2&#8243;][vc_column_text] Oferujemy Sta\u0142\u0105 prac\u0119, daj\u0105c\u0105 mo\u017cliwo\u015b\u0107 zdobycia nowego zawodu, podnoszenia...\" \/>\n<meta property=\"og:url\" content=\"https:\/\/eurotexpoland.pl\/?page_id=3861\" \/>\n<meta property=\"og:site_name\" content=\"EUROTEX\" \/>\n<meta name=\"twitter:card\" content=\"summary_large_image\" \/>\n<meta name=\"twitter:label1\" value=\"Written by\">\n\t<meta name=\"twitter:data1\" value=\"admin\">\n\t<meta name=\"twitter:label2\" value=\"Est. reading time\">\n\t<meta name=\"twitter:data2\" value=\"1 minuta\">\n<script type=\"application\/ld+json\" class=\"yoast-schema-graph\">{\"@context\":\"https:\/\/schema.org\",\"@graph\":[{\"@type\":\"WebSite\",\"@id\":\"https:\/\/eurotexpoland.pl\/#website\",\"url\":\"https:\/\/eurotexpoland.pl\/\",\"name\":\"EUROTEX\",\"description\":\"Ta\\u015bmy transportowe i pasy nap\\u0119dowe\",\"potentialAction\":[{\"@type\":\"SearchAction\",\"target\":\"https:\/\/eurotexpoland.pl\/?s={search_term_string}\",\"query-input\":\"required name=search_term_string\"}],\"inLanguage\":\"pl-PL\"},{\"@type\":\"WebPage\",\"@id\":\"https:\/\/eurotexpoland.pl\/?page_id=3861#webpage\",\"url\":\"https:\/\/eurotexpoland.pl\/?page_id=3861\",\"name\":\"Pracownik serwisu - EUROTEX\",\"isPartOf\":{\"@id\":\"https:\/\/eurotexpoland.pl\/#website\"},\"datePublished\":\"2020-09-03T12:36:55+00:00\",\"dateModified\":\"2020-09-03T12:36:55+00:00\",\"inLanguage\":\"pl-PL\",\"potentialAction\":[{\"@type\":\"ReadAction\",\"target\":[\"https:\/\/eurotexpoland.pl\/?page_id=3861\"]}]}]}<\/script>\n<!-- \/ Yoast SEO plugin. -->","_links":{"self":[{"href":"https:\/\/eurotexpoland.pl\/index.php?rest_route=\/wp\/v2\/pages\/3861"}],"collection":[{"href":"https:\/\/eurotexpoland.pl\/index.php?rest_route=\/wp\/v2\/pages"}],"about":[{"href":"https:\/\/eurotexpoland.pl\/index.php?rest_route=\/wp\/v2\/types\/page"}],"author":[{"embeddable":true,"href":"https:\/\/eurotexpoland.pl\/index.php?rest_route=\/wp\/v2\/users\/1"}],"replies":[{"embeddable":true,"href":"https:\/\/eurotexpoland.pl\/index.php?rest_route=%2Fwp%2Fv2%2Fcomments&post=3861"}],"version-history":[{"count":1,"href":"https:\/\/eurotexpoland.pl\/index.php?rest_route=\/wp\/v2\/pages\/3861\/revisions"}],"predecessor-version":[{"id":3862,"href":"https:\/\/eurotexpoland.pl\/index.php?rest_route=\/wp\/v2\/pages\/3861\/revisions\/3862"}],"up":[{"embeddable":true,"href":"https:\/\/eurotexpoland.pl\/index.php?rest_route=\/wp\/v2\/pages\/3859"}],"wp:attachment":[{"href":"https:\/\/eurotexpoland.pl\/index.php?rest_route=%2Fwp%2Fv2%2Fmedia&parent=3861"}],"curies":[{"name":"wp","href":"https:\/\/api.w.org\/{rel}","templated":true}]}}