{"id":3863,"date":"2020-09-03T14:41:43","date_gmt":"2020-09-03T12:41:43","guid":{"rendered":"https:\/\/eurotexpoland.pl\/?page_id=3863"},"modified":"2020-09-03T14:41:43","modified_gmt":"2020-09-03T12:41:43","slug":"oferta-pracy-doradca-techniczno-handlowy","status":"publish","type":"page","link":"https:\/\/eurotexpoland.pl\/?page_id=3863","title":{"rendered":"Doradca techniczno handlowy"},"content":{"rendered":"<p>[vc_row css=&#8221;.vc_custom_1599030211582{margin-top: 180px !important;padding-top: 93px !important;padding-bottom: 20px !important;}&#8221;][vc_column]\r\n        <div class=\"rs-heading  border-style center\">\r\n        \t<div class=\"title-inner\">\r\n\t            \r\n\t            <h2>OFERTA PRACY<\/h2>\r\n\t        <\/div><div class=\"description\"><p>DORADCA TECHNICZNO-HANDLOWY<br \/>\nPoszukujemy terenowych przedstawicieli handlowych\/doradc\u00f3w techniczno-handlowych na terenie woj. ma\u0142opolskiego.<\/p><\/div><\/div>[vc_row_inner equal_height=&#8221;yes&#8221; content_placement=&#8221;middle&#8221;][vc_column_inner width=&#8221;1\/2&#8243;][vc_column_text]<\/p>\n<h3 style=\"text-align: left;\">Zakres obowi\u0105zk\u00f3w<\/h3>\n<p>\u2013 pozyskiwanie nowych klient\u00f3w \u2013 klienci instytucjonalni oraz opieka nad dotychczasowymi klientami firmy<br \/>\n\u2013 doradztwo techniczne u klient\u00f3w<br \/>\n\u2013 umiej\u0119tne planowanie wykonywanych czynno\u015bci<br \/>\n\u2013 sporz\u0105dzanie raport\u00f3w z wykonywanej pracy<br \/>\n\u2013 systematyczne pog\u0142\u0119bianie wiedzy na temat produkt\u00f3w[\/vc_column_text][\/vc_column_inner][vc_column_inner width=&#8221;1\/2&#8243;][vc_column_text]<\/p>\n<h3 style=\"text-align: left;\">Wymagania<\/h3>\n<p>\u2013 wykszta\u0142cenie wy\u017csze lub \u015brednie (techniczne mile widziane)<br \/>\n\u2013 do\u015bwiadczenie w pracy na stanowisku przedstawiciela handlowego, mile widziane do\u015bwiadczenie w bran\u017cy technicznej<br \/>\n\u2013 mile widziana znajomo\u015b\u0107 j\u0119zyka angielskiego<br \/>\n\u2013 \u0142atwo\u015b\u0107 w nawi\u0105zywaniu kontakt\u00f3w, wysoka kultura osobista<br \/>\n\u2013 dyspozycyjno\u015b\u0107 (3 dni w tygodniu w podr\u00f3\u017cy s\u0142u\u017cbowej na terenie woj. ma\u0142opolskiego)<br \/>\n\u2013 dobre rozeznanie w regionie swojego wojew\u00f3dztwa<br \/>\n\u2013 samodzielno\u015b\u0107 w poszukiwaniu i pozyskiwaniu klient\u00f3w<br \/>\n\u2013 ukierunkowanie na osi\u0105ganie cel\u00f3w sprzeda\u017cy<br \/>\n\u2013 sumienno\u015b\u0107 i punktualno\u015b\u0107<br \/>\n\u2013 prawo jazdy kat. B \u2013 warunek konieczny<br \/>\n\u2013 znajomo\u015b\u0107 obs\u0142ugi komputera (Word, Excel, Outlook, Internet)[\/vc_column_text][\/vc_column_inner][\/vc_row_inner][vc_column_text]<\/p>\n<h3>Oferujemy<\/h3>\n<p>\u2013 samoch\u00f3d s\u0142u\u017cbowy<br \/>\n\u2013 komputer i telefon kom\u00f3rkowy<br \/>\n\u2013 szkolenia w zakresie sprzedawanych produkt\u00f3w<br \/>\n\u2013 prac\u0119 w m\u0142odym energicznym zespole<br \/>\n\u2013 zdobycie do\u015bwiadczenia<br \/>\n\u2013 wynagrodzenie adekwatne do posiadanego do\u015bwiadczenia i umiej\u0119tno\u015bci: pensja podstawowa + prowizja od sprzeda\u017cy.<\/p>\n<p style=\"text-align: center;\"><strong>Aplikacje w formie CV ze zdj\u0119ciem prosimy o wysy\u0142anie na adres e-mail:<\/strong><br \/>\n<strong>biuro@eurotexpoland.pl<\/strong><\/p>\n<p>[\/vc_column_text][\/vc_column][\/vc_row]<\/p>\n","protected":false},"excerpt":{"rendered":"<p>[vc_row css=&#8221;.vc_custom_1599030211582{margin-top: 180px !important;padding-top: 93px !important;padding-bottom: 20px !important;}&#8221;][vc_column][vc_row_inner equal_height=&#8221;yes&#8221; content_placement=&#8221;middle&#8221;][vc_column_inner width=&#8221;1\/2&#8243;][vc_column_text] Zakres obowi\u0105zk\u00f3w \u2013 pozyskiwanie nowych klient\u00f3w \u2013 klienci instytucjonalni&#8230;<\/p>\n","protected":false},"author":1,"featured_media":0,"parent":3859,"menu_order":0,"comment_status":"closed","ping_status":"closed","template":"","meta":[],"yoast_head":"<!-- This site is optimized with the Yoast SEO plugin v15.2 - https:\/\/yoast.com\/wordpress\/plugins\/seo\/ -->\n<title>Doradca techniczno handlowy - EUROTEX<\/title>\n<meta name=\"robots\" content=\"index, follow, max-snippet:-1, max-image-preview:large, max-video-preview:-1\" \/>\n<link rel=\"canonical\" href=\"https:\/\/eurotexpoland.pl\/?page_id=3863\" \/>\n<meta property=\"og:locale\" content=\"pl_PL\" \/>\n<meta property=\"og:type\" content=\"article\" \/>\n<meta property=\"og:title\" content=\"Doradca techniczno handlowy - EUROTEX\" \/>\n<meta property=\"og:description\" content=\"[vc_row css=&#8221;.vc_custom_1599030211582{margin-top: 180px !important;padding-top: 93px !important;padding-bottom: 20px !important;}&#8221;][vc_column][vc_row_inner equal_height=&#8221;yes&#8221; content_placement=&#8221;middle&#8221;][vc_column_inner width=&#8221;1\/2&#8243;][vc_column_text] Zakres obowi\u0105zk\u00f3w \u2013 pozyskiwanie nowych klient\u00f3w \u2013 klienci instytucjonalni...\" \/>\n<meta property=\"og:url\" content=\"https:\/\/eurotexpoland.pl\/?page_id=3863\" \/>\n<meta property=\"og:site_name\" content=\"EUROTEX\" \/>\n<meta name=\"twitter:card\" content=\"summary_large_image\" \/>\n<meta name=\"twitter:label1\" value=\"Written by\">\n\t<meta name=\"twitter:data1\" value=\"admin\">\n\t<meta name=\"twitter:label2\" value=\"Est. reading time\">\n\t<meta name=\"twitter:data2\" value=\"1 minuta\">\n<script type=\"application\/ld+json\" class=\"yoast-schema-graph\">{\"@context\":\"https:\/\/schema.org\",\"@graph\":[{\"@type\":\"WebSite\",\"@id\":\"https:\/\/eurotexpoland.pl\/#website\",\"url\":\"https:\/\/eurotexpoland.pl\/\",\"name\":\"EUROTEX\",\"description\":\"Ta\\u015bmy transportowe i pasy nap\\u0119dowe\",\"potentialAction\":[{\"@type\":\"SearchAction\",\"target\":\"https:\/\/eurotexpoland.pl\/?s={search_term_string}\",\"query-input\":\"required name=search_term_string\"}],\"inLanguage\":\"pl-PL\"},{\"@type\":\"WebPage\",\"@id\":\"https:\/\/eurotexpoland.pl\/?page_id=3863#webpage\",\"url\":\"https:\/\/eurotexpoland.pl\/?page_id=3863\",\"name\":\"Doradca techniczno handlowy - EUROTEX\",\"isPartOf\":{\"@id\":\"https:\/\/eurotexpoland.pl\/#website\"},\"datePublished\":\"2020-09-03T12:41:43+00:00\",\"dateModified\":\"2020-09-03T12:41:43+00:00\",\"inLanguage\":\"pl-PL\",\"potentialAction\":[{\"@type\":\"ReadAction\",\"target\":[\"https:\/\/eurotexpoland.pl\/?page_id=3863\"]}]}]}<\/script>\n<!-- \/ Yoast SEO plugin. -->","_links":{"self":[{"href":"https:\/\/eurotexpoland.pl\/index.php?rest_route=\/wp\/v2\/pages\/3863"}],"collection":[{"href":"https:\/\/eurotexpoland.pl\/index.php?rest_route=\/wp\/v2\/pages"}],"about":[{"href":"https:\/\/eurotexpoland.pl\/index.php?rest_route=\/wp\/v2\/types\/page"}],"author":[{"embeddable":true,"href":"https:\/\/eurotexpoland.pl\/index.php?rest_route=\/wp\/v2\/users\/1"}],"replies":[{"embeddable":true,"href":"https:\/\/eurotexpoland.pl\/index.php?rest_route=%2Fwp%2Fv2%2Fcomments&post=3863"}],"version-history":[{"count":1,"href":"https:\/\/eurotexpoland.pl\/index.php?rest_route=\/wp\/v2\/pages\/3863\/revisions"}],"predecessor-version":[{"id":3864,"href":"https:\/\/eurotexpoland.pl\/index.php?rest_route=\/wp\/v2\/pages\/3863\/revisions\/3864"}],"up":[{"embeddable":true,"href":"https:\/\/eurotexpoland.pl\/index.php?rest_route=\/wp\/v2\/pages\/3859"}],"wp:attachment":[{"href":"https:\/\/eurotexpoland.pl\/index.php?rest_route=%2Fwp%2Fv2%2Fmedia&parent=3863"}],"curies":[{"name":"wp","href":"https:\/\/api.w.org\/{rel}","templated":true}]}}