{"id":3972,"date":"2022-02-08T13:43:18","date_gmt":"2022-02-08T12:43:18","guid":{"rendered":"https:\/\/eurotexpoland.pl\/?page_id=3972"},"modified":"2022-02-09T14:19:05","modified_gmt":"2022-02-09T13:19:05","slug":"tasmy-kubelki-i-czerpaki-elewatorowe","status":"publish","type":"page","link":"https:\/\/eurotexpoland.pl\/?page_id=3972","title":{"rendered":"Ta\u015bmy elewatorowe, kube\u0142ki, czerpaki"},"content":{"rendered":"<p>[vc_row css=&#8221;.vc_custom_1599030211582{margin-top: 180px !important;padding-top: 93px !important;padding-bottom: 20px !important;}&#8221;][vc_column]\r\n        <div class=\"rs-heading  border-style center\">\r\n        \t<div class=\"title-inner\">\r\n\t            \r\n\t            <h2>Ta\u015bmy elewatorowe, kube\u0142ki, czerpaki<\/h2>\r\n\t        <\/div><\/div>[\/vc_column][\/vc_row][vc_row css=&#8221;.vc_custom_1644323956730{margin-top: 0px !important;margin-bottom: 50px !important;padding-top: 50px !important;padding-right: 50px !important;padding-left: 50px !important;}&#8221; el_id=&#8221;rs-about&#8221; el_class=&#8221;rs-about1&#8243;][vc_column][vc_row_inner equal_height=&#8221;yes&#8221;][vc_column_inner width=&#8221;2\/3&#8243;][vc_column_text]Firma EUROTEX oferuje:<\/p>\n<ul>\n<li>ta\u015bmy elewatorowe wszelkiego typu pracuj\u0105ce w r\u00f3\u017cnych \u015brodowiskach<\/li>\n<li>kube\u0142ki , czerpaki elewatorowe stalowe i z tworzyw<\/li>\n<li>akcesoria elektroniczne elewator\u00f3w<\/li>\n<li>\u0142a\u0144cuchy i zgarniacze do redler\u00f3w<\/li>\n<\/ul>\n<p>Jeste\u015bmy importerem w\/w produkt\u00f3w z kraj\u00f3w europejskich.[\/vc_column_text][\/vc_column_inner][vc_column_inner width=&#8221;1\/3&#8243;][vc_single_image image=&#8221;3978&#8243; img_size=&#8221;full&#8221; alignment=&#8221;center&#8221;][\/vc_column_inner][\/vc_row_inner][vc_column_text]<\/p>\n<p style=\"text-align: center;\"><a class=\"readon\" href=\"\/kontakt\/\">Kontakt &gt;&gt;&gt;<\/a><\/p>\n<p>[\/vc_column_text]\r\n        <div class=\"rs-heading   center\">\r\n        \t<div class=\"title-inner\">\r\n\t            \r\n\t            <h2>Rodzaje oferowanych ta\u015bm elewatorowych<\/h2>\r\n\t        <\/div><\/div>[vc_single_image image=&#8221;3993&#8243; img_size=&#8221;full&#8221; alignment=&#8221;center&#8221;][\/vc_column][\/vc_row][vc_row css=&#8221;.vc_custom_1644324030520{margin-top: 0px !important;margin-bottom: 50px !important;padding-right: 50px !important;padding-left: 50px !important;}&#8221; el_class=&#8221;rs-about1&#8243;][vc_column]\r\n        <div class=\"rs-heading   center\">\r\n        \t<div class=\"title-inner\">\r\n\t            \r\n\t            <h2>Rodzaje kube\u0142k\u00f3w<\/h2>\r\n\t        <\/div><div class=\"description\"><p>Oferujemy kube\u0142ki i czerpaki do r\u00f3\u017cnych ga\u0142\u0119zi przemys\u0142u.<\/p>\n<p>Wykorzystywane do transportu miedzy innymi kruszywa, w\u0119gla, nawoz\u00f3w, wapna, cementu, zbo\u017ca, nasion, cukru, paszy.<\/p><\/div><\/div>[vc_single_image image=&#8221;3982&#8243; img_size=&#8221;full&#8221; alignment=&#8221;center&#8221;][vc_column_text]<\/p>\n<p style=\"text-align: center;\"><a class=\"readon\" href=\"\/kontakt\/\">Kontakt &gt;&gt;&gt;<\/a><\/p>\n<p>[\/vc_column_text][\/vc_column][\/vc_row][vc_row css=&#8221;.vc_custom_1644324024957{margin-top: 0px !important;margin-bottom: 50px !important;padding-right: 50px !important;padding-bottom: 50px !important;padding-left: 50px !important;}&#8221; el_class=&#8221;rs-about1&#8243;][vc_column]\r\n        <div class=\"rs-heading   center\">\r\n        \t<div class=\"title-inner\">\r\n\t            \r\n\t            <h2>Dob\u00f3r czerpak\u00f3w<\/h2>\r\n\t        <\/div><\/div>[vc_row_inner equal_height=&#8221;yes&#8221; content_placement=&#8221;middle&#8221;][vc_column_inner width=&#8221;1\/2&#8243;][vc_column_text]a \u2013 szeroko\u015b\u0107 [mm]<\/p>\n<p>b \u2013 wysi\u0119g [mm]<\/p>\n<p>c \u2013 wysoko\u015b\u0107 tylnej \u015bciany z otworami pod mocowanie [mm]<\/p>\n<p>d \u2013 wysoko\u015b\u0107 przedniej \u015bciany [mm]<\/p>\n<p>f &#8211; odleg\u0142o\u015b\u0107 mi\u0119dzy otworami ,mierzona osiowo [mm] , ilo\u015b\u0107 sztuk otwor\u00f3w<\/p>\n<p>e \u2013 \u015brednica Fi otwor\u00f3w [mm]<\/p>\n<p>t\u2013 grubo\u015b\u0107 materia\u0142u [mm]<\/p>\n<p>z3 &#8211; pojemno\u015b\u0107 czerpaka mierzona w litrach[\/vc_column_text][\/vc_column_inner][vc_column_inner width=&#8221;1\/2&#8243;][vc_single_image image=&#8221;3985&#8243; img_size=&#8221;full&#8221; alignment=&#8221;center&#8221;][\/vc_column_inner][\/vc_row_inner][vc_column_text]<\/p>\n<p style=\"text-align: center;\"><a class=\"readon\" href=\"\/kontakt\/\">Kontakt &gt;&gt;&gt;<\/a><\/p>\n<p>[\/vc_column_text]\r\n        <div class=\"rs-heading   center\">\r\n        \t<div class=\"title-inner\">\r\n\t            \r\n\t            <h2>Typy mocowa\u0144 kube\u0142k\u00f3w<\/h2>\r\n\t        <\/div><\/div>[vc_single_image image=&#8221;3986&#8243; img_size=&#8221;full&#8221; alignment=&#8221;center&#8221;][\/vc_column][\/vc_row]<\/p>\n","protected":false},"excerpt":{"rendered":"<p>[vc_row css=&#8221;.vc_custom_1599030211582{margin-top: 180px !important;padding-top: 93px !important;padding-bottom: 20px !important;}&#8221;][vc_column][\/vc_column][\/vc_row][vc_row css=&#8221;.vc_custom_1644323956730{margin-top: 0px !important;margin-bottom: 50px !important;padding-top: 50px !important;padding-right: 50px !important;padding-left: 50px !important;}&#8221; el_id=&#8221;rs-about&#8221;&#8230;<\/p>\n","protected":false},"author":1,"featured_media":0,"parent":3654,"menu_order":0,"comment_status":"closed","ping_status":"closed","template":"","meta":[],"yoast_head":"<!-- This site is optimized with the Yoast SEO plugin v15.2 - https:\/\/yoast.com\/wordpress\/plugins\/seo\/ -->\n<title>Ta\u015bmy elewatorowe, kube\u0142ki, czerpaki - Eurotex Poland<\/title>\n<meta name=\"description\" content=\"Oferujemy kube\u0142ki i czerpaki do r\u00f3\u017cnych ga\u0142\u0119zi przemys\u0142u. Wykorzystywane do transportu miedzy innymi kruszywa, w\u0119gla, nawoz\u00f3w, wapna.\" \/>\n<meta name=\"robots\" content=\"index, follow, max-snippet:-1, max-image-preview:large, max-video-preview:-1\" \/>\n<link rel=\"canonical\" href=\"https:\/\/eurotexpoland.pl\/?page_id=3972\" \/>\n<meta property=\"og:locale\" content=\"pl_PL\" \/>\n<meta property=\"og:type\" content=\"article\" \/>\n<meta property=\"og:title\" content=\"Ta\u015bmy elewatorowe, kube\u0142ki, czerpaki - Eurotex Poland\" \/>\n<meta property=\"og:description\" content=\"Oferujemy kube\u0142ki i czerpaki do r\u00f3\u017cnych ga\u0142\u0119zi przemys\u0142u. Wykorzystywane do transportu miedzy innymi kruszywa, w\u0119gla, nawoz\u00f3w, wapna.\" \/>\n<meta property=\"og:url\" content=\"https:\/\/eurotexpoland.pl\/?page_id=3972\" \/>\n<meta property=\"og:site_name\" content=\"EUROTEX\" \/>\n<meta property=\"article:modified_time\" content=\"2022-02-09T13:19:05+00:00\" \/>\n<meta name=\"twitter:card\" content=\"summary_large_image\" \/>\n<meta name=\"twitter:label1\" value=\"Written by\">\n\t<meta name=\"twitter:data1\" value=\"admin\">\n\t<meta name=\"twitter:label2\" value=\"Est. reading time\">\n\t<meta name=\"twitter:data2\" value=\"2 minuty\">\n<script type=\"application\/ld+json\" class=\"yoast-schema-graph\">{\"@context\":\"https:\/\/schema.org\",\"@graph\":[{\"@type\":\"WebSite\",\"@id\":\"https:\/\/eurotexpoland.pl\/#website\",\"url\":\"https:\/\/eurotexpoland.pl\/\",\"name\":\"EUROTEX\",\"description\":\"Ta\\u015bmy transportowe i pasy nap\\u0119dowe\",\"potentialAction\":[{\"@type\":\"SearchAction\",\"target\":\"https:\/\/eurotexpoland.pl\/?s={search_term_string}\",\"query-input\":\"required name=search_term_string\"}],\"inLanguage\":\"pl-PL\"},{\"@type\":\"WebPage\",\"@id\":\"https:\/\/eurotexpoland.pl\/?page_id=3972#webpage\",\"url\":\"https:\/\/eurotexpoland.pl\/?page_id=3972\",\"name\":\"Ta\\u015bmy elewatorowe, kube\\u0142ki, czerpaki - Eurotex Poland\",\"isPartOf\":{\"@id\":\"https:\/\/eurotexpoland.pl\/#website\"},\"datePublished\":\"2022-02-08T12:43:18+00:00\",\"dateModified\":\"2022-02-09T13:19:05+00:00\",\"description\":\"Oferujemy kube\\u0142ki i czerpaki do r\\u00f3\\u017cnych ga\\u0142\\u0119zi przemys\\u0142u. Wykorzystywane do transportu miedzy innymi kruszywa, w\\u0119gla, nawoz\\u00f3w, wapna.\",\"inLanguage\":\"pl-PL\",\"potentialAction\":[{\"@type\":\"ReadAction\",\"target\":[\"https:\/\/eurotexpoland.pl\/?page_id=3972\"]}]}]}<\/script>\n<!-- \/ Yoast SEO plugin. -->","_links":{"self":[{"href":"https:\/\/eurotexpoland.pl\/index.php?rest_route=\/wp\/v2\/pages\/3972"}],"collection":[{"href":"https:\/\/eurotexpoland.pl\/index.php?rest_route=\/wp\/v2\/pages"}],"about":[{"href":"https:\/\/eurotexpoland.pl\/index.php?rest_route=\/wp\/v2\/types\/page"}],"author":[{"embeddable":true,"href":"https:\/\/eurotexpoland.pl\/index.php?rest_route=\/wp\/v2\/users\/1"}],"replies":[{"embeddable":true,"href":"https:\/\/eurotexpoland.pl\/index.php?rest_route=%2Fwp%2Fv2%2Fcomments&post=3972"}],"version-history":[{"count":17,"href":"https:\/\/eurotexpoland.pl\/index.php?rest_route=\/wp\/v2\/pages\/3972\/revisions"}],"predecessor-version":[{"id":4004,"href":"https:\/\/eurotexpoland.pl\/index.php?rest_route=\/wp\/v2\/pages\/3972\/revisions\/4004"}],"up":[{"embeddable":true,"href":"https:\/\/eurotexpoland.pl\/index.php?rest_route=\/wp\/v2\/pages\/3654"}],"wp:attachment":[{"href":"https:\/\/eurotexpoland.pl\/index.php?rest_route=%2Fwp%2Fv2%2Fmedia&parent=3972"}],"curies":[{"name":"wp","href":"https:\/\/api.w.org\/{rel}","templated":true}]}}