{"id":4023,"date":"2022-06-09T13:54:45","date_gmt":"2022-06-09T11:54:45","guid":{"rendered":"https:\/\/eurotexpoland.pl\/?page_id=4023"},"modified":"2022-08-03T13:43:23","modified_gmt":"2022-08-03T11:43:23","slug":"rolnictwo","status":"publish","type":"page","link":"https:\/\/eurotexpoland.pl\/?page_id=4023","title":{"rendered":"Rolnictwo"},"content":{"rendered":"<p>[vc_row css=&#8221;.vc_custom_1599030211582{margin-top: 180px !important;padding-top: 93px !important;padding-bottom: 20px !important;}&#8221;][vc_column]\r\n        <div class=\"rs-heading  border-style center\">\r\n        \t<div class=\"title-inner\">\r\n\t            <span class=\"sub-text\">Certyfikowane<\/span>\r\n\t            <h2>Produkty dla rolnictwa<\/h2>\r\n\t        <\/div><\/div>[\/vc_column][\/vc_row][vc_row css=&#8221;.vc_custom_1599031934410{margin-top: 0px !important;margin-bottom: 50px !important;padding-top: 50px !important;padding-right: 50px !important;padding-bottom: 50px !important;padding-left: 50px !important;background-color: #f7f7f7 !important;}&#8221; el_id=&#8221;rs-about&#8221; el_class=&#8221;rs-about1&#8243;][vc_column][vc_column_text]Jedn\u0105 z wa\u017cnych kwestii zwi\u0105zanych z rolnictwem jest transport, dlatego ta\u015bmy transportowe do maszyn rolniczych oraz inne akcesoria musz\u0105 spe\u0142nia\u0107 wysokie kryteria jako\u015bci. Nasze pasy transportowe dla rolnictwa oraz ta\u015bmy transportuj\u0105ce spe\u0142niaj\u0105 odpowiednie wymagania i mog\u0105 mie\u0107 styczno\u015b\u0107 z \u017cywno\u015bci\u0105.[\/vc_column_text][vc_column_text]Nale\u017cy pami\u0119ta\u0107, \u017ce ta\u015bmy transportowe w rolnictwie mog\u0105 mie\u0107 styczno\u015b\u0107 z ekstremalnymi warunkami jakimi s\u0105 r\u00f3\u017cnica temperatur lub brud czy wilgo\u0107. Nasze ta\u015bmy transportowe s\u0105 wyj\u0105tkowo odporne na te warunki i maj\u0105 wszelkie certyfikaty by mie\u0107 kontakt z produktami rolnymi.[\/vc_column_text][vc_row_inner][vc_column_inner width=&#8221;1\/2&#8243;]\r\n        <div class=\"rs-heading   center\">\r\n        \t<div class=\"title-inner\">\r\n\t            \r\n\t            <h2>Ta\u015bmy transportowe<\/h2>\r\n\t        <\/div><\/div>[vc_column_text]Nasze ta\u015bmy transportowe s\u0105 przystosowane do pracy w bran\u017cy rolniczej. Oferujemy mi\u0119dzy innymi:<\/p>\n<ul>\n<li>ta\u015bmy transportowe do warzyw<\/li>\n<li>ta\u015bmy transportowe do owoc\u00f3w<\/li>\n<li>ta\u015bmy transportowe do zb\u00f3\u017c<\/li>\n<li>welkanty<\/li>\n<li>zabieraki<\/li>\n<li>kliny prowadz\u0105ce<\/li>\n<\/ul>\n<p>[\/vc_column_text][\/vc_column_inner][vc_column_inner width=&#8221;1\/2&#8243;]\r\n        <div class=\"rs-heading   center\">\r\n        \t<div class=\"title-inner\">\r\n\t            \r\n\t            <h2>Pasy nap\u0119dowe<\/h2>\r\n\t        <\/div><\/div>[vc_column_text]Pasy nap\u0119dowe naszej produkcji sprawdz\u0105 si\u0119 w wielu maszynach rolniczych od r\u00f3\u017cnych producent\u00f3w. Oferujemy:<\/p>\n<ul>\n<li>pasy nap\u0119dowe do kombajn\u00f3w<\/li>\n<li>pasy nap\u0119dowe do ci\u0105gnik\u00f3w<\/li>\n<li>pasy nap\u0119dowe do sieczkarni<\/li>\n<li>pasy nap\u0119dowe do woz\u00f3w paszowych<\/li>\n<\/ul>\n<p>[\/vc_column_text][\/vc_column_inner][\/vc_row_inner][\/vc_column][\/vc_row][vc_row css=&#8221;.vc_custom_1599031934410{margin-top: 0px !important;margin-bottom: 50px !important;padding-top: 50px !important;padding-right: 50px !important;padding-bottom: 50px !important;padding-left: 50px !important;background-color: #f7f7f7 !important;}&#8221; el_class=&#8221;rs-about1&#8243;][vc_column]\r\n        <div class=\"rs-heading  border-style center\">\r\n        \t<div class=\"title-inner\">\r\n\t            \r\n\t            <h2>Pasy transportuj\u0105ce do produkt\u00f3w rolnych<\/h2>\r\n\t        <\/div><\/div>[vc_column_text]Produkty rolne czy pasze wymagaj\u0105 od pas\u00f3w transportowych odpowiedniej jako\u015bci a tak\u017ce atest\u00f3w umo\u017cliwiaj\u0105cych kontakt z \u017cywno\u015bci\u0105. Nasze ta\u015bmy transportuj\u0105ce, pasy transportowe i inne produkty takie atesty posiadaj\u0105 i do tego s\u0105 wytrzyma\u0142e i dobrej jako\u015bci, dzi\u0119ki czemu mog\u0105 s\u0142u\u017cy\u0107 d\u0142ugi czas.[\/vc_column_text][\/vc_column][\/vc_row][vc_row css=&#8221;.vc_custom_1599031934410{margin-top: 0px !important;margin-bottom: 50px !important;padding-top: 50px !important;padding-right: 50px !important;padding-bottom: 50px !important;padding-left: 50px !important;background-color: #f7f7f7 !important;}&#8221; el_class=&#8221;rs-about1&#8243;][vc_column]\r\n        <div class=\"rs-heading  border-style center\">\r\n        \t<div class=\"title-inner\">\r\n\t            \r\n\t            <h2>Pasy transportuj\u0105ce do magazyn\u00f3w i przetw\u00f3rstwa<\/h2>\r\n\t        <\/div><\/div>[vc_column_text]Nasze pasy transportowe mo\u017cna r\u00f3wnie\u017c stosowa\u0107 w magazynowaniu p\u0142od\u00f3w rolnych. Mog\u0105 one znacznie usprawni\u0107 przemieszczanie produkt\u00f3w mi\u0119dzy stanowiskami pakowania, przetw\u00f3rstwa czy do silos\u00f3w.<\/p>\n<p>Pasy transportowe dost\u0119pne u nas wykorzystuje si\u0119 te\u017c w przetw\u00f3rstwie, gdy\u017c mo\u017cna montowa\u0107 je na liniach do sortowania, mycia lub innej obr\u00f3bki p\u0142od\u00f3w rolnych. Przyspiesza to selekcj\u0119 produkt\u00f3w i prac\u0119 gospodarstwa.[\/vc_column_text][\/vc_column][\/vc_row][vc_row css=&#8221;.vc_custom_1599031934410{margin-top: 0px !important;margin-bottom: 50px !important;padding-top: 50px !important;padding-right: 50px !important;padding-bottom: 50px !important;padding-left: 50px !important;background-color: #f7f7f7 !important;}&#8221; el_class=&#8221;rs-about1&#8243;][vc_column]\r\n        <div class=\"rs-heading  border-style center\">\r\n        \t<div class=\"title-inner\">\r\n\t            \r\n\t            <h2>Galeria<\/h2>\r\n\t        <\/div><\/div>[vc_media_grid grid_id=&#8221;vc_gid:1659526966471-d1f1a6c3-2f99-5&#8243; include=&#8221;4070,4066,4064,4061,4056,4050&#8243;][\/vc_column][\/vc_row]<\/p>\n","protected":false},"excerpt":{"rendered":"<p>[vc_row css=&#8221;.vc_custom_1599030211582{margin-top: 180px !important;padding-top: 93px !important;padding-bottom: 20px !important;}&#8221;][vc_column][\/vc_column][\/vc_row][vc_row css=&#8221;.vc_custom_1599031934410{margin-top: 0px !important;margin-bottom: 50px !important;padding-top: 50px !important;padding-right: 50px !important;padding-bottom: 50px !important;padding-left: 50px&#8230;<\/p>\n","protected":false},"author":1,"featured_media":0,"parent":3703,"menu_order":0,"comment_status":"closed","ping_status":"closed","template":"","meta":[],"yoast_head":"<!-- This site is optimized with the Yoast SEO plugin v15.2 - https:\/\/yoast.com\/wordpress\/plugins\/seo\/ -->\n<title>Rolnictwo - EUROTEX<\/title>\n<meta name=\"description\" content=\"Dysponujemy wysoce wytrzyma\u0142ymi, odpornymi na \u015bcieranie i ci\u0119cie ta\u015bmami do zastosowania zar\u00f3wno w wysokich jak i niskich temperaturach.\" \/>\n<meta name=\"robots\" content=\"index, follow, max-snippet:-1, max-image-preview:large, max-video-preview:-1\" \/>\n<link rel=\"canonical\" href=\"https:\/\/eurotexpoland.pl\/?page_id=4023\" \/>\n<meta property=\"og:locale\" content=\"pl_PL\" \/>\n<meta property=\"og:type\" content=\"article\" \/>\n<meta property=\"og:title\" content=\"Rolnictwo - EUROTEX\" \/>\n<meta property=\"og:description\" content=\"Dysponujemy wysoce wytrzyma\u0142ymi, odpornymi na \u015bcieranie i ci\u0119cie ta\u015bmami do zastosowania zar\u00f3wno w wysokich jak i niskich temperaturach.\" \/>\n<meta property=\"og:url\" content=\"https:\/\/eurotexpoland.pl\/?page_id=4023\" \/>\n<meta property=\"og:site_name\" content=\"EUROTEX\" \/>\n<meta property=\"article:modified_time\" content=\"2022-08-03T11:43:23+00:00\" \/>\n<meta name=\"twitter:card\" content=\"summary_large_image\" \/>\n<meta name=\"twitter:label1\" value=\"Written by\">\n\t<meta name=\"twitter:data1\" value=\"admin\">\n\t<meta name=\"twitter:label2\" value=\"Est. reading time\">\n\t<meta name=\"twitter:data2\" value=\"3 minuty\">\n<script type=\"application\/ld+json\" class=\"yoast-schema-graph\">{\"@context\":\"https:\/\/schema.org\",\"@graph\":[{\"@type\":\"WebSite\",\"@id\":\"https:\/\/eurotexpoland.pl\/#website\",\"url\":\"https:\/\/eurotexpoland.pl\/\",\"name\":\"EUROTEX\",\"description\":\"Ta\\u015bmy transportowe i pasy nap\\u0119dowe\",\"potentialAction\":[{\"@type\":\"SearchAction\",\"target\":\"https:\/\/eurotexpoland.pl\/?s={search_term_string}\",\"query-input\":\"required name=search_term_string\"}],\"inLanguage\":\"pl-PL\"},{\"@type\":\"WebPage\",\"@id\":\"https:\/\/eurotexpoland.pl\/?page_id=4023#webpage\",\"url\":\"https:\/\/eurotexpoland.pl\/?page_id=4023\",\"name\":\"Rolnictwo - EUROTEX\",\"isPartOf\":{\"@id\":\"https:\/\/eurotexpoland.pl\/#website\"},\"datePublished\":\"2022-06-09T11:54:45+00:00\",\"dateModified\":\"2022-08-03T11:43:23+00:00\",\"description\":\"Dysponujemy wysoce wytrzyma\\u0142ymi, odpornymi na \\u015bcieranie i ci\\u0119cie ta\\u015bmami do zastosowania zar\\u00f3wno w wysokich jak i niskich temperaturach.\",\"inLanguage\":\"pl-PL\",\"potentialAction\":[{\"@type\":\"ReadAction\",\"target\":[\"https:\/\/eurotexpoland.pl\/?page_id=4023\"]}]}]}<\/script>\n<!-- \/ Yoast SEO plugin. -->","_links":{"self":[{"href":"https:\/\/eurotexpoland.pl\/index.php?rest_route=\/wp\/v2\/pages\/4023"}],"collection":[{"href":"https:\/\/eurotexpoland.pl\/index.php?rest_route=\/wp\/v2\/pages"}],"about":[{"href":"https:\/\/eurotexpoland.pl\/index.php?rest_route=\/wp\/v2\/types\/page"}],"author":[{"embeddable":true,"href":"https:\/\/eurotexpoland.pl\/index.php?rest_route=\/wp\/v2\/users\/1"}],"replies":[{"embeddable":true,"href":"https:\/\/eurotexpoland.pl\/index.php?rest_route=%2Fwp%2Fv2%2Fcomments&post=4023"}],"version-history":[{"count":14,"href":"https:\/\/eurotexpoland.pl\/index.php?rest_route=\/wp\/v2\/pages\/4023\/revisions"}],"predecessor-version":[{"id":4092,"href":"https:\/\/eurotexpoland.pl\/index.php?rest_route=\/wp\/v2\/pages\/4023\/revisions\/4092"}],"up":[{"embeddable":true,"href":"https:\/\/eurotexpoland.pl\/index.php?rest_route=\/wp\/v2\/pages\/3703"}],"wp:attachment":[{"href":"https:\/\/eurotexpoland.pl\/index.php?rest_route=%2Fwp%2Fv2%2Fmedia&parent=4023"}],"curies":[{"name":"wp","href":"https:\/\/api.w.org\/{rel}","templated":true}]}}