{"id":4096,"date":"2022-10-04T11:01:07","date_gmt":"2022-10-04T09:01:07","guid":{"rendered":"https:\/\/eurotexpoland.pl\/?page_id=4096"},"modified":"2022-10-04T11:38:39","modified_gmt":"2022-10-04T09:38:39","slug":"przenosniki-tasmowe-na-indywidualne-zamowienie","status":"publish","type":"page","link":"https:\/\/eurotexpoland.pl\/?page_id=4096","title":{"rendered":"Przeno\u015bniki ta\u015bmowe na indywidualne zam\u00f3wienie"},"content":{"rendered":"<p>[vc_row css=&#8221;.vc_custom_1599030211582{margin-top: 180px !important;padding-top: 93px !important;padding-bottom: 20px !important;}&#8221;][vc_column]\r\n        <div class=\"rs-heading  border-style center\">\r\n        \t<div class=\"title-inner\">\r\n\t            \r\n\t            <h2>Przeno\u015bniki ta\u015bmowe - transportery ta\u015bmowe<\/h2>\r\n\t        <\/div><div class=\"description\"><p>W naszej ofercie mamy przeno\u015bniki ta\u015bmowe o zr\u00f3\u017cnicowanej charakterystyce, kt\u00f3re wykonujemy wed\u0142ug wytycznych klienta. Ramy oraz konstrukcje wsporcze naszych transporter\u00f3w s\u0105 wykonane z profili aluminiowych, a nap\u0119d przeno\u015bnika oraz ta\u015bma jest indywidualnie dobierana do potrzeb klienta. Ponadto wykonujemy leje zasypowe ze stali nierdzewnej.<\/p><\/div><\/div>[\/vc_column][\/vc_row][vc_row css=&#8221;.vc_custom_1599031934410{margin-top: 0px !important;margin-bottom: 50px !important;padding-top: 50px !important;padding-right: 50px !important;padding-bottom: 50px !important;padding-left: 50px !important;background-color: #f7f7f7 !important;}&#8221; el_id=&#8221;rs-about&#8221; el_class=&#8221;rs-about1&#8243;][vc_column]\r\n        <div class=\"rs-heading   center\">\r\n        \t<div class=\"title-inner\">\r\n\t            \r\n\t            <h2>Przeno\u015bnik prosty - \u015bliski st\u00f3\u0142<\/h2>\r\n\t        <\/div><\/div>[vc_row_inner equal_height=&#8221;yes&#8221; content_placement=&#8221;middle&#8221;][vc_column_inner width=&#8221;1\/3&#8243;][vc_single_image image=&#8221;4100&#8243; img_size=&#8221;full&#8221; alignment=&#8221;center&#8221;][\/vc_column_inner][vc_column_inner width=&#8221;2\/3&#8243;][vc_column_text]Nasze przeno\u015bniki s\u0105 wyj\u0105tkowo wytrzyma\u0142e dzi\u0119ki stosowanym profilom aluminiowym. Mog\u0105 one \u0142atwo dostosowa\u0107 si\u0119 do istniej\u0105cych system\u00f3w, a tak\u017ce dostosowa\u0107 si\u0119 do r\u00f3\u017cnych konstrukcji i urz\u0105dze\u0144. B\u0119d\u0105 pasowa\u0107 do wielu przedsi\u0119biorstw kt\u00f3re potrzebuj\u0105 tego rodzaju przeno\u015bnik\u00f3w[\/vc_column_text][\/vc_column_inner][\/vc_row_inner][vc_column_text]<\/p>\n<p style=\"text-align: center;\"><a class=\"readon\" href=\"\/kontakt\/\">Zapraszamy do kontaktu &gt;&gt;&gt;<\/a><\/p>\n<p>[\/vc_column_text][\/vc_column][\/vc_row][vc_row css=&#8221;.vc_custom_1599031934410{margin-top: 0px !important;margin-bottom: 50px !important;padding-top: 50px !important;padding-right: 50px !important;padding-bottom: 50px !important;padding-left: 50px !important;background-color: #f7f7f7 !important;}&#8221; el_class=&#8221;rs-about1&#8243;][vc_column]\r\n        <div class=\"rs-heading   center\">\r\n        \t<div class=\"title-inner\">\r\n\t            \r\n\t            <h2>Przeno\u015bnik sko\u015bny<\/h2>\r\n\t        <\/div><\/div>[vc_row_inner equal_height=&#8221;yes&#8221; content_placement=&#8221;middle&#8221;][vc_column_inner width=&#8221;2\/3&#8243;][vc_column_text]Przez poj\u0119cie przeno\u015bnik sko\u015bny rozumiemy transporter o prostej budowie ramy no\u015bnej zamontowany na stela\u017cu, gdzie za\u0142adunek i roz\u0142adunek odbywaj\u0105 si\u0119 na r\u00f3\u017cnych wysoko\u015bciach lub przeno\u015bniki kt\u00f3rych rama skonstruowana jest tak, \u017ce za\u0142adunek lub roz\u0142adunek odbywa si\u0119 na cz\u0119\u015bci r\u00f3wnoleg\u0142ej, a transport odbywa si\u0119 na linii sko\u015bnej.[\/vc_column_text][\/vc_column_inner][vc_column_inner width=&#8221;1\/3&#8243;][vc_single_image image=&#8221;4099&#8243; img_size=&#8221;full&#8221; alignment=&#8221;center&#8221;][\/vc_column_inner][\/vc_row_inner][vc_column_text]<\/p>\n<p style=\"text-align: center;\"><a class=\"readon\" href=\"\/kontakt\/\">Zapraszamy do kontaktu &gt;&gt;&gt;<\/a><\/p>\n<p>[\/vc_column_text][\/vc_column][\/vc_row][vc_row css=&#8221;.vc_custom_1599031934410{margin-top: 0px !important;margin-bottom: 50px !important;padding-top: 50px !important;padding-right: 50px !important;padding-bottom: 50px !important;padding-left: 50px !important;background-color: #f7f7f7 !important;}&#8221; el_class=&#8221;rs-about1&#8243;][vc_column]\r\n        <div class=\"rs-heading   center\">\r\n        \t<div class=\"title-inner\">\r\n\t            \r\n\t            <h2>Przeno\u015bnik typu Z<\/h2>\r\n\t        <\/div><\/div>[vc_row_inner equal_height=&#8221;yes&#8221; content_placement=&#8221;middle&#8221;][vc_column_inner width=&#8221;1\/3&#8243;][vc_single_image image=&#8221;4098&#8243; img_size=&#8221;full&#8221; alignment=&#8221;center&#8221;][\/vc_column_inner][vc_column_inner width=&#8221;2\/3&#8243;][vc_column_text]Przeno\u015bniki typu &#8220;Z&#8221; maj\u0105 za zadanie wynosi\u0107 produkty w g\u00f3r\u0119 lub te\u017c sprowadza\u0107 je w d\u00f3\u0142 w zale\u017cno\u015bci od tego jakie b\u0119d\u0105 potrzeby klienta. Zar\u00f3wno odbi\u00f3r jak i podanie danego produktu odbywa si\u0119 r\u00f3wnolegle do pod\u0142o\u017ca, co zwi\u0119ksza bezpiecze\u0144stwo i komfort u\u017cytkowania przez pracownik\u00f3w.[\/vc_column_text][\/vc_column_inner][\/vc_row_inner][vc_column_text]<\/p>\n<p style=\"text-align: center;\"><a class=\"readon\" href=\"\/kontakt\/\">Zapraszamy do kontaktu &gt;&gt;&gt;<\/a><\/p>\n<p>[\/vc_column_text][\/vc_column][\/vc_row][vc_row css=&#8221;.vc_custom_1599031934410{margin-top: 0px !important;margin-bottom: 50px !important;padding-top: 50px !important;padding-right: 50px !important;padding-bottom: 50px !important;padding-left: 50px !important;background-color: #f7f7f7 !important;}&#8221; el_class=&#8221;rs-about1&#8243;][vc_column]\r\n        <div class=\"rs-heading   center\">\r\n        \t<div class=\"title-inner\">\r\n\t            \r\n\t            <h2>Galeria<\/h2>\r\n\t        <\/div><\/div>[vc_row_inner equal_height=&#8221;yes&#8221; content_placement=&#8221;middle&#8221;][vc_column_inner width=&#8221;1\/6&#8243;][\/vc_column_inner][vc_column_inner width=&#8221;2\/3&#8243;][vc_media_grid grid_id=&#8221;vc_gid:1664876304931-5269d21b-19d1-1&#8243; include=&#8221;4098,4099,4100&#8243;][\/vc_column_inner][vc_column_inner width=&#8221;1\/6&#8243;][\/vc_column_inner][\/vc_row_inner][\/vc_column][\/vc_row]<\/p>\n","protected":false},"excerpt":{"rendered":"<p>[vc_row css=&#8221;.vc_custom_1599030211582{margin-top: 180px !important;padding-top: 93px !important;padding-bottom: 20px !important;}&#8221;][vc_column][\/vc_column][\/vc_row][vc_row css=&#8221;.vc_custom_1599031934410{margin-top: 0px !important;margin-bottom: 50px !important;padding-top: 50px !important;padding-right: 50px !important;padding-bottom: 50px !important;padding-left: 50px&#8230;<\/p>\n","protected":false},"author":1,"featured_media":0,"parent":3654,"menu_order":0,"comment_status":"closed","ping_status":"closed","template":"","meta":[],"yoast_head":"<!-- This site is optimized with the Yoast SEO plugin v15.2 - https:\/\/yoast.com\/wordpress\/plugins\/seo\/ -->\n<title>Przeno\u015bniki ta\u015bmowe na indywidualne zam\u00f3wienie - EUROTEX<\/title>\n<meta name=\"description\" content=\"Firma EUROTEX oferuje szeroki wyb\u00f3r pas\u00f3w nap\u0119dowych, takich jak pasy nap\u0119dowe p\u0142askie typu Rapplon, pasy z\u0119bate, pasy do przeno\u015bnik\u00f3w.\" \/>\n<meta name=\"robots\" content=\"index, follow, max-snippet:-1, max-image-preview:large, max-video-preview:-1\" \/>\n<link rel=\"canonical\" href=\"https:\/\/eurotexpoland.pl\/?page_id=4096\" \/>\n<meta property=\"og:locale\" content=\"pl_PL\" \/>\n<meta property=\"og:type\" content=\"article\" \/>\n<meta property=\"og:title\" content=\"Przeno\u015bniki ta\u015bmowe na indywidualne zam\u00f3wienie - EUROTEX\" \/>\n<meta property=\"og:description\" content=\"Firma EUROTEX oferuje szeroki wyb\u00f3r pas\u00f3w nap\u0119dowych, takich jak pasy nap\u0119dowe p\u0142askie typu Rapplon, pasy z\u0119bate, pasy do przeno\u015bnik\u00f3w.\" \/>\n<meta property=\"og:url\" content=\"https:\/\/eurotexpoland.pl\/?page_id=4096\" \/>\n<meta property=\"og:site_name\" content=\"EUROTEX\" \/>\n<meta property=\"article:modified_time\" content=\"2022-10-04T09:38:39+00:00\" \/>\n<meta name=\"twitter:card\" content=\"summary_large_image\" \/>\n<meta name=\"twitter:label1\" value=\"Written by\">\n\t<meta name=\"twitter:data1\" value=\"admin\">\n\t<meta name=\"twitter:label2\" value=\"Est. reading time\">\n\t<meta name=\"twitter:data2\" value=\"3 minuty\">\n<script type=\"application\/ld+json\" class=\"yoast-schema-graph\">{\"@context\":\"https:\/\/schema.org\",\"@graph\":[{\"@type\":\"WebSite\",\"@id\":\"https:\/\/eurotexpoland.pl\/#website\",\"url\":\"https:\/\/eurotexpoland.pl\/\",\"name\":\"EUROTEX\",\"description\":\"Ta\\u015bmy transportowe i pasy nap\\u0119dowe\",\"potentialAction\":[{\"@type\":\"SearchAction\",\"target\":\"https:\/\/eurotexpoland.pl\/?s={search_term_string}\",\"query-input\":\"required name=search_term_string\"}],\"inLanguage\":\"pl-PL\"},{\"@type\":\"WebPage\",\"@id\":\"https:\/\/eurotexpoland.pl\/?page_id=4096#webpage\",\"url\":\"https:\/\/eurotexpoland.pl\/?page_id=4096\",\"name\":\"Przeno\\u015bniki ta\\u015bmowe na indywidualne zam\\u00f3wienie - EUROTEX\",\"isPartOf\":{\"@id\":\"https:\/\/eurotexpoland.pl\/#website\"},\"datePublished\":\"2022-10-04T09:01:07+00:00\",\"dateModified\":\"2022-10-04T09:38:39+00:00\",\"description\":\"Firma EUROTEX oferuje szeroki wyb\\u00f3r pas\\u00f3w nap\\u0119dowych, takich jak pasy nap\\u0119dowe p\\u0142askie typu Rapplon, pasy z\\u0119bate, pasy do przeno\\u015bnik\\u00f3w.\",\"inLanguage\":\"pl-PL\",\"potentialAction\":[{\"@type\":\"ReadAction\",\"target\":[\"https:\/\/eurotexpoland.pl\/?page_id=4096\"]}]}]}<\/script>\n<!-- \/ Yoast SEO plugin. -->","_links":{"self":[{"href":"https:\/\/eurotexpoland.pl\/index.php?rest_route=\/wp\/v2\/pages\/4096"}],"collection":[{"href":"https:\/\/eurotexpoland.pl\/index.php?rest_route=\/wp\/v2\/pages"}],"about":[{"href":"https:\/\/eurotexpoland.pl\/index.php?rest_route=\/wp\/v2\/types\/page"}],"author":[{"embeddable":true,"href":"https:\/\/eurotexpoland.pl\/index.php?rest_route=\/wp\/v2\/users\/1"}],"replies":[{"embeddable":true,"href":"https:\/\/eurotexpoland.pl\/index.php?rest_route=%2Fwp%2Fv2%2Fcomments&post=4096"}],"version-history":[{"count":5,"href":"https:\/\/eurotexpoland.pl\/index.php?rest_route=\/wp\/v2\/pages\/4096\/revisions"}],"predecessor-version":[{"id":4104,"href":"https:\/\/eurotexpoland.pl\/index.php?rest_route=\/wp\/v2\/pages\/4096\/revisions\/4104"}],"up":[{"embeddable":true,"href":"https:\/\/eurotexpoland.pl\/index.php?rest_route=\/wp\/v2\/pages\/3654"}],"wp:attachment":[{"href":"https:\/\/eurotexpoland.pl\/index.php?rest_route=%2Fwp%2Fv2%2Fmedia&parent=4096"}],"curies":[{"name":"wp","href":"https:\/\/api.w.org\/{rel}","templated":true}]}}